{"id":12609,"date":"2025-07-10T06:15:34","date_gmt":"2025-07-10T06:15:34","guid":{"rendered":"https:\/\/megavision-electronics.com\/?post_type=product&#038;p=12609"},"modified":"2025-09-23T07:47:48","modified_gmt":"2025-09-23T07:47:48","slug":"bldc-motor-hand-held-hair-dryer","status":"publish","type":"product","link":"https:\/\/megavision-electronics.com\/es\/producto\/bldc-motor-hand-held-hair-dryer\/","title":{"rendered":"Secador de pelo manual con motor BLDC"},"content":{"rendered":"<h2><a href=\"https:\/\/megavision-electronics.com\/es\/producto\/bldc-motor-hand-held-hair-dryer\/\">Secador de mano<\/a> Descripci\u00f3n del producto<\/h2>\n<p>Secador de pelo con motor BLDC<br \/>\n*220-240V~50-60Hz 1600W<br \/>\n* Fuerte potencia de 110.000 RPM sin escobillas<br \/>\n*Pantalla LCD Gran potencia de alta velocidad<br \/>\n* 3 modos de calor Modo fr\u00edo\/Modo AI\/Modo Mascotas\/Modo Limpieza\/Modo Normal<br \/>\n* 3 velocidades<br \/>\n*Con 3 filtros intercambiables<\/p>\n<h3 data-start=\"292\" data-end=\"324\">Tecnolog\u00eda i\u00f3nica eficiente<\/h3>\n<p data-start=\"325\" data-end=\"712\">El secador de mano de iones negativos utiliza tecnolog\u00eda i\u00f3nica avanzada para liberar iones negativos que ayudan a retener la humedad, suavizar el encrespamiento y reducir la electricidad est\u00e1tica. Esto garantiza un secado m\u00e1s r\u00e1pido a la vez que mantiene el brillo natural y la suavidad del cabello. Dise\u00f1ado con un flujo de aire de precisi\u00f3n, ofrece un calor equilibrado que minimiza los da\u00f1os, por lo que es ideal tanto para el peinado diario como para el uso profesional.<\/p>\n<h3 data-start=\"714\" data-end=\"747\">Dise\u00f1o port\u00e1til y ergon\u00f3mico<\/h3>\n<p data-start=\"748\" data-end=\"1154\">Este <strong data-start=\"753\" data-end=\"832\"><a class=\"decorated-link\" href=\"https:\/\/megavision-electronics.com\/es\/category\/hair-dryer\/?utm_source=chatgpt.com\" rel=\"noopener\" data-start=\"755\" data-end=\"830\">secador de pelo bio ionic<\/a><\/strong> est\u00e1 dise\u00f1ada para ofrecer comodidad y portabilidad. Su dise\u00f1o ligero y port\u00e1til se adapta de forma natural a la mano, reduciendo la fatiga durante las sesiones de peinado prolongadas. Los m\u00faltiples ajustes de velocidad y calor te permiten personalizar el secado, mientras que la boquilla concentradora garantiza un peinado preciso para diferentes tipos de cabello y looks.<\/p>\n<h3 data-start=\"1156\" data-end=\"1199\">Rendimiento fiable y opciones personalizadas<\/h3>\n<p data-start=\"1200\" data-end=\"1597\">Dise\u00f1ado con componentes de alta calidad, el secador est\u00e1 fabricado para ofrecer durabilidad y un rendimiento duradero. Su potente motor proporciona un flujo de aire constante, adecuado tanto para salones de peluquer\u00eda como para el hogar. Para las empresas que buscan dise\u00f1os a medida, Mega Vision Company Limited tambi\u00e9n ofrece soluciones flexibles a trav\u00e9s de sus <a href=\"https:\/\/megavision-electronics.com\/es\/products\/\"><strong data-start=\"1518\" data-end=\"1544\">electrodom\u00e9sticos a medida<\/strong><\/a> para que su l\u00ednea de productos destaque.<\/p>\n<h2 data-start=\"1604\" data-end=\"1627\">Presentaci\u00f3n de la marca<\/h2>\n<p data-start=\"1628\" data-end=\"1932\">Mega Vision Company Limited es una empresa global de confianza <strong data-start=\"1676\" data-end=\"1742\"><a class=\"decorated-link\" href=\"https:\/\/megavision-electronics.com\/es\/\" target=\"_new\" rel=\"noopener\" data-start=\"1678\" data-end=\"1740\">proveedor de electrodom\u00e9sticos<\/a><\/strong>y ofrece aparatos innovadores, seguros y elegantes en todo el mundo. Con experiencia en el cuidado del cabello y la electr\u00f3nica dom\u00e9stica, la empresa sigue combinando tecnolog\u00eda y calidad en cada producto.<\/p>","protected":false},"excerpt":{"rendered":"<p>Este secador de pelo con motor ofrece un potente flujo de aire y un r\u00e1pido rendimiento de secado con un motor de alta velocidad y una avanzada tecnolog\u00eda de protecci\u00f3n t\u00e9rmica. Ver m\u00e1s <a href=\"https:\/\/megavision-electronics.com\/es\/category\/hair-dryer\/\">secador de pelo profesional<\/a>.<\/p>","protected":false},"featured_media":12622,"template":"","meta":{"_et_pb_use_builder":"","_et_pb_old_content":"","_et_gb_content_width":""},"product_cat":[214],"product_tag":[234],"yoast_head":"<!-- This site is optimized with the Yoast SEO plugin v22.7 - https:\/\/yoast.com\/wordpress\/plugins\/seo\/ -->\n<title>Best Hand Held Negative Ion Hair Dryer \u2013 Lightweight Professional Ionic Styling Tool | Mega Vision<\/title>\n<meta name=\"description\" content=\"Discover the Hand Held Negative Ion Hair Dryer from Mega Vision. Lightweight, portable, and powerful, it reduces frizz with ionic technology. Custom options available.\" \/>\n<meta name=\"robots\" content=\"index, follow, max-snippet:-1, max-image-preview:large, max-video-preview:-1\" \/>\n<link rel=\"canonical\" href=\"https:\/\/megavision-electronics.com\/es\/producto\/bldc-motor-hand-held-hair-dryer\/\" \/>\n<meta property=\"og:locale\" content=\"es_ES\" \/>\n<meta property=\"og:type\" content=\"article\" \/>\n<meta property=\"og:title\" content=\"Best Hand Held Negative Ion Hair Dryer \u2013 Lightweight Professional Ionic Styling Tool | Mega Vision\" \/>\n<meta property=\"og:description\" content=\"Discover the Hand Held Negative Ion Hair Dryer from Mega Vision. Lightweight, portable, and powerful, it reduces frizz with ionic technology. Custom options available.\" \/>\n<meta property=\"og:url\" content=\"https:\/\/megavision-electronics.com\/es\/producto\/bldc-motor-hand-held-hair-dryer\/\" \/>\n<meta property=\"og:site_name\" content=\"Mega Home Appliances\" \/>\n<meta property=\"article:modified_time\" content=\"2025-09-23T07:47:48+00:00\" \/>\n<meta property=\"og:image\" content=\"https:\/\/megavision-electronics.com\/wp-content\/uploads\/2025\/07\/Hair-Dryer1.webp\" \/>\n\t<meta property=\"og:image:width\" content=\"768\" \/>\n\t<meta property=\"og:image:height\" content=\"768\" \/>\n\t<meta property=\"og:image:type\" content=\"image\/webp\" \/>\n<meta name=\"twitter:card\" content=\"summary_large_image\" \/>\n<meta name=\"twitter:label1\" content=\"Tiempo de lectura\" \/>\n\t<meta name=\"twitter:data1\" content=\"2 minutos\" \/>\n<script type=\"application\/ld+json\" class=\"yoast-schema-graph\">{\"@context\":\"https:\/\/schema.org\",\"@graph\":[{\"@type\":\"WebPage\",\"@id\":\"https:\/\/megavision-electronics.com\/product\/bldc-motor-hand-held-hair-dryer\/\",\"url\":\"https:\/\/megavision-electronics.com\/product\/bldc-motor-hand-held-hair-dryer\/\",\"name\":\"Best Hand Held Negative Ion Hair Dryer \u2013 Lightweight Professional Ionic Styling Tool | Mega Vision\",\"isPartOf\":{\"@id\":\"https:\/\/megavision-electronics.com\/#website\"},\"primaryImageOfPage\":{\"@id\":\"https:\/\/megavision-electronics.com\/product\/bldc-motor-hand-held-hair-dryer\/#primaryimage\"},\"image\":{\"@id\":\"https:\/\/megavision-electronics.com\/product\/bldc-motor-hand-held-hair-dryer\/#primaryimage\"},\"thumbnailUrl\":\"https:\/\/megavision-electronics.com\/wp-content\/uploads\/2025\/07\/Hair-Dryer1.webp\",\"datePublished\":\"2025-07-10T06:15:34+00:00\",\"dateModified\":\"2025-09-23T07:47:48+00:00\",\"description\":\"Discover the Hand Held Negative Ion Hair Dryer from Mega Vision. Lightweight, portable, and powerful, it reduces frizz with ionic technology. Custom options available.\",\"breadcrumb\":{\"@id\":\"https:\/\/megavision-electronics.com\/product\/bldc-motor-hand-held-hair-dryer\/#breadcrumb\"},\"inLanguage\":\"es\",\"potentialAction\":[{\"@type\":\"ReadAction\",\"target\":[\"https:\/\/megavision-electronics.com\/product\/bldc-motor-hand-held-hair-dryer\/\"]}]},{\"@type\":\"ImageObject\",\"inLanguage\":\"es\",\"@id\":\"https:\/\/megavision-electronics.com\/product\/bldc-motor-hand-held-hair-dryer\/#primaryimage\",\"url\":\"https:\/\/megavision-electronics.com\/wp-content\/uploads\/2025\/07\/Hair-Dryer1.webp\",\"contentUrl\":\"https:\/\/megavision-electronics.com\/wp-content\/uploads\/2025\/07\/Hair-Dryer1.webp\",\"width\":768,\"height\":768,\"caption\":\"Hair Dryer\"},{\"@type\":\"BreadcrumbList\",\"@id\":\"https:\/\/megavision-electronics.com\/product\/bldc-motor-hand-held-hair-dryer\/#breadcrumb\",\"itemListElement\":[{\"@type\":\"ListItem\",\"position\":1,\"name\":\"Home\",\"item\":\"https:\/\/megavision-electronics.com\/\"},{\"@type\":\"ListItem\",\"position\":2,\"name\":\"Products\",\"item\":\"https:\/\/megavision-electronics.com\/shop\/\"},{\"@type\":\"ListItem\",\"position\":3,\"name\":\"BLDC Motor Hand Held Hair Dryer\"}]},{\"@type\":\"WebSite\",\"@id\":\"https:\/\/megavision-electronics.com\/#website\",\"url\":\"https:\/\/megavision-electronics.com\/\",\"name\":\"Mega Home Appliances\",\"description\":\"Mega Home Appliances\",\"publisher\":{\"@id\":\"https:\/\/megavision-electronics.com\/#organization\"},\"potentialAction\":[{\"@type\":\"SearchAction\",\"target\":{\"@type\":\"EntryPoint\",\"urlTemplate\":\"https:\/\/megavision-electronics.com\/?s={search_term_string}\"},\"query-input\":\"required name=search_term_string\"}],\"inLanguage\":\"es\"},{\"@type\":\"Organization\",\"@id\":\"https:\/\/megavision-electronics.com\/#organization\",\"name\":\"Mega Vision Company Limited\",\"url\":\"https:\/\/megavision-electronics.com\/\",\"logo\":{\"@type\":\"ImageObject\",\"inLanguage\":\"es\",\"@id\":\"https:\/\/megavision-electronics.com\/#\/schema\/logo\/image\/\",\"url\":\"https:\/\/megavision-electronics.com\/wp-content\/uploads\/2025\/06\/cropped-logo.webp\",\"contentUrl\":\"https:\/\/megavision-electronics.com\/wp-content\/uploads\/2025\/06\/cropped-logo.webp\",\"width\":512,\"height\":512,\"caption\":\"Mega Vision Company Limited\"},\"image\":{\"@id\":\"https:\/\/megavision-electronics.com\/#\/schema\/logo\/image\/\"}}]}<\/script>\n<!-- \/ Yoast SEO plugin. -->","yoast_head_json":{"title":"Best Hand Held Negative Ion Hair Dryer \u2013 Lightweight Professional Ionic Styling Tool | Mega Vision","description":"Discover the Hand Held Negative Ion Hair Dryer from Mega Vision. Lightweight, portable, and powerful, it reduces frizz with ionic technology. Custom options available.","robots":{"index":"index","follow":"follow","max-snippet":"max-snippet:-1","max-image-preview":"max-image-preview:large","max-video-preview":"max-video-preview:-1"},"canonical":"https:\/\/megavision-electronics.com\/es\/producto\/bldc-motor-hand-held-hair-dryer\/","og_locale":"es_ES","og_type":"article","og_title":"Best Hand Held Negative Ion Hair Dryer \u2013 Lightweight Professional Ionic Styling Tool | Mega Vision","og_description":"Discover the Hand Held Negative Ion Hair Dryer from Mega Vision. Lightweight, portable, and powerful, it reduces frizz with ionic technology. Custom options available.","og_url":"https:\/\/megavision-electronics.com\/es\/producto\/bldc-motor-hand-held-hair-dryer\/","og_site_name":"Mega Home Appliances","article_modified_time":"2025-09-23T07:47:48+00:00","og_image":[{"width":768,"height":768,"url":"https:\/\/megavision-electronics.com\/wp-content\/uploads\/2025\/07\/Hair-Dryer1.webp","type":"image\/webp"}],"twitter_card":"summary_large_image","twitter_misc":{"Tiempo de lectura":"2 minutos"},"schema":{"@context":"https:\/\/schema.org","@graph":[{"@type":"WebPage","@id":"https:\/\/megavision-electronics.com\/product\/bldc-motor-hand-held-hair-dryer\/","url":"https:\/\/megavision-electronics.com\/product\/bldc-motor-hand-held-hair-dryer\/","name":"Best Hand Held Negative Ion Hair Dryer \u2013 Lightweight Professional Ionic Styling Tool | Mega Vision","isPartOf":{"@id":"https:\/\/megavision-electronics.com\/#website"},"primaryImageOfPage":{"@id":"https:\/\/megavision-electronics.com\/product\/bldc-motor-hand-held-hair-dryer\/#primaryimage"},"image":{"@id":"https:\/\/megavision-electronics.com\/product\/bldc-motor-hand-held-hair-dryer\/#primaryimage"},"thumbnailUrl":"https:\/\/megavision-electronics.com\/wp-content\/uploads\/2025\/07\/Hair-Dryer1.webp","datePublished":"2025-07-10T06:15:34+00:00","dateModified":"2025-09-23T07:47:48+00:00","description":"Discover the Hand Held Negative Ion Hair Dryer from Mega Vision. Lightweight, portable, and powerful, it reduces frizz with ionic technology. Custom options available.","breadcrumb":{"@id":"https:\/\/megavision-electronics.com\/product\/bldc-motor-hand-held-hair-dryer\/#breadcrumb"},"inLanguage":"es","potentialAction":[{"@type":"ReadAction","target":["https:\/\/megavision-electronics.com\/product\/bldc-motor-hand-held-hair-dryer\/"]}]},{"@type":"ImageObject","inLanguage":"es","@id":"https:\/\/megavision-electronics.com\/product\/bldc-motor-hand-held-hair-dryer\/#primaryimage","url":"https:\/\/megavision-electronics.com\/wp-content\/uploads\/2025\/07\/Hair-Dryer1.webp","contentUrl":"https:\/\/megavision-electronics.com\/wp-content\/uploads\/2025\/07\/Hair-Dryer1.webp","width":768,"height":768,"caption":"Hair Dryer"},{"@type":"BreadcrumbList","@id":"https:\/\/megavision-electronics.com\/product\/bldc-motor-hand-held-hair-dryer\/#breadcrumb","itemListElement":[{"@type":"ListItem","position":1,"name":"Home","item":"https:\/\/megavision-electronics.com\/"},{"@type":"ListItem","position":2,"name":"Products","item":"https:\/\/megavision-electronics.com\/shop\/"},{"@type":"ListItem","position":3,"name":"BLDC Motor Hand Held Hair Dryer"}]},{"@type":"WebSite","@id":"https:\/\/megavision-electronics.com\/#website","url":"https:\/\/megavision-electronics.com\/","name":"Mega Home Appliances","description":"Mega Home Appliances","publisher":{"@id":"https:\/\/megavision-electronics.com\/#organization"},"potentialAction":[{"@type":"SearchAction","target":{"@type":"EntryPoint","urlTemplate":"https:\/\/megavision-electronics.com\/?s={search_term_string}"},"query-input":"required name=search_term_string"}],"inLanguage":"es"},{"@type":"Organization","@id":"https:\/\/megavision-electronics.com\/#organization","name":"Mega Vision Company Limited","url":"https:\/\/megavision-electronics.com\/","logo":{"@type":"ImageObject","inLanguage":"es","@id":"https:\/\/megavision-electronics.com\/#\/schema\/logo\/image\/","url":"https:\/\/megavision-electronics.com\/wp-content\/uploads\/2025\/06\/cropped-logo.webp","contentUrl":"https:\/\/megavision-electronics.com\/wp-content\/uploads\/2025\/06\/cropped-logo.webp","width":512,"height":512,"caption":"Mega Vision Company Limited"},"image":{"@id":"https:\/\/megavision-electronics.com\/#\/schema\/logo\/image\/"}}]}},"_links":{"self":[{"href":"https:\/\/megavision-electronics.com\/es\/wp-json\/wp\/v2\/product\/12609"}],"collection":[{"href":"https:\/\/megavision-electronics.com\/es\/wp-json\/wp\/v2\/product"}],"about":[{"href":"https:\/\/megavision-electronics.com\/es\/wp-json\/wp\/v2\/types\/product"}],"wp:featuredmedia":[{"embeddable":true,"href":"https:\/\/megavision-electronics.com\/es\/wp-json\/wp\/v2\/media\/12622"}],"wp:attachment":[{"href":"https:\/\/megavision-electronics.com\/es\/wp-json\/wp\/v2\/media?parent=12609"}],"wp:term":[{"taxonomy":"product_cat","embeddable":true,"href":"https:\/\/megavision-electronics.com\/es\/wp-json\/wp\/v2\/product_cat?post=12609"},{"taxonomy":"product_tag","embeddable":true,"href":"https:\/\/megavision-electronics.com\/es\/wp-json\/wp\/v2\/product_tag?post=12609"}],"curies":[{"name":"wp","href":"https:\/\/api.w.org\/{rel}","templated":true}]}}