{"id":12533,"date":"2025-06-13T13:20:46","date_gmt":"2025-06-13T13:20:46","guid":{"rendered":"https:\/\/megavision-electronics.com\/?post_type=product&#038;p=12533"},"modified":"2025-09-27T03:31:35","modified_gmt":"2025-09-27T03:31:35","slug":"hm001-hand-mixer-blender","status":"publish","type":"product","link":"https:\/\/megavision-electronics.com\/fr\/produit\/hm001-hand-mixer-blender\/","title":{"rendered":"HM001 Mixeur \u00e0 main"},"content":{"rendered":"<h2>Description du mixeur \u00e0 main HM001<\/h2>\n<p><strong>Puissance :<\/strong> 150W<br \/>\n<strong>Mat\u00e9riau du bo\u00eetier :<\/strong> PP<br \/>\n<strong>Moteur :<\/strong> CCA<br \/>\n<strong>mat\u00e9riau du cordon d'alimentation :<\/strong> Pure<br \/>\n<strong>ligne \u00e9lectrique :<\/strong> 2*0.5*1<br \/>\n5 vitesses<br \/>\n<strong>2 batteurs :<\/strong>placage de fer chrome<br \/>\n<strong>2 crochets :<\/strong> placage de fer chrome<br \/>\n<strong>Tension\uff1a<\/strong>220V Avec fiche VDE<br \/>\n<strong>CE\/LVD\/EMC ROHS<\/strong><\/p>\n<h2>D\u00e9tail de l'emballage<\/h2>\n<p><strong>Bo\u00eete cadeau Taille :<\/strong>18.8*7.5*155CM<br \/>\n<strong>taille de la carcasse :<\/strong> 485*420*385<br \/>\n<strong>PCS\/CTN :<\/strong>24pcs\/con<br \/>\n<strong>N.W\/G.W :<\/strong>16.8KG\/17.5kg<br \/>\n<strong>20\u2033\/40\u2033\/40HQ :<\/strong>10800\/23000\/26800PCS<\/p>\n<h3 data-start=\"162\" data-end=\"195\">Des performances de mixage puissantes<\/h3>\n<p data-start=\"196\" data-end=\"503\">Le mixeur \u00e0 main Blender est con\u00e7u pour effectuer facilement de nombreuses t\u00e2ches en cuisine. Qu'il s'agisse de fouetter de la cr\u00e8me, de mixer des sauces ou de m\u00e9langer des p\u00e2tes, il offre des r\u00e9sultats homog\u00e8nes et r\u00e9guliers \u00e0 chaque fois. Con\u00e7u avec des moteurs puissants et efficaces, il permet une pr\u00e9paration rapide sans compromis sur la texture ou la qualit\u00e9.<\/p>\n<h3 data-start=\"505\" data-end=\"545\">Conception ergonomique et conviviale<\/h3>\n<p data-start=\"546\" data-end=\"823\">Compact et l\u00e9ger, le mixeur plongeant est agr\u00e9able \u00e0 tenir et facile \u00e0 man\u0153uvrer, m\u00eame en cas d'utilisation prolong\u00e9e. Les multiples r\u00e9glages de vitesse permettent un contr\u00f4le pr\u00e9cis des diff\u00e9rentes recettes, tandis que les batteurs et les crochets amovibles en acier inoxydable rendent le nettoyage simple et efficace.<\/p>\n<h3 data-start=\"825\" data-end=\"869\">Durable et pratique pour une utilisation quotidienne<\/h3>\n<p data-start=\"870\" data-end=\"1183\">Fabriqu\u00e9 \u00e0 partir de mat\u00e9riaux de haute qualit\u00e9, ce mixeur est con\u00e7u pour offrir des performances durables. Sa construction robuste garantit la stabilit\u00e9 pendant le fonctionnement, tandis que sa taille compacte permet un rangement pratique dans n'importe quelle cuisine. Qu'il s'agisse d'une cuisine familiale ou d'une utilisation professionnelle, il offre polyvalence et fiabilit\u00e9.<\/p>\n<h3 data-start=\"1185\" data-end=\"1233\">Fournisseur de confiance et options de personnalisation<\/h3>\n<p data-start=\"1234\" data-end=\"1736\">Mega Vision Company Limited, l'un des principaux <strong data-start=\"1273\" data-end=\"1339\"><a class=\"decorated-link\" href=\"https:\/\/megavision-electronics.com\/fr\/\" target=\"_new\" rel=\"noopener\" data-start=\"1275\" data-end=\"1337\">fournisseur d'appareils \u00e9lectrom\u00e9nagers<\/a><\/strong>est sp\u00e9cialis\u00e9e dans la fourniture d'appareils de cuisine innovants et fiables. L'entreprise propose une large gamme de solutions, notamment le <a href=\"https:\/\/megavision-electronics.com\/fr\/category\/mixing-machine\/\"><strong data-start=\"1473\" data-end=\"1500\">mixeur manuel professionnel<\/strong><\/a> et soutient \u00e9galement les entreprises avec <a href=\"https:\/\/megavision-electronics.com\/fr\/products\/\"><strong data-start=\"1543\" data-end=\"1569\">appareils m\u00e9nagers sur mesure<\/strong><\/a> con\u00e7us pour r\u00e9pondre aux besoins sp\u00e9cifiques du march\u00e9. Gr\u00e2ce \u00e0 son engagement en faveur de la qualit\u00e9 et de la flexibilit\u00e9, Mega Vision aide ses partenaires \u00e0 r\u00e9pondre aux besoins des m\u00e9nages et des entreprises.<\/p>","protected":false},"excerpt":{"rendered":"<p><strong>HM001<\/strong> <a href=\"https:\/\/megavision-electronics.com\/fr\/produit\/hm001-hand-mixer-blender\/\"><strong>Mixeur \u00e0 main Blender<\/strong><\/a> a un moteur de 150W CCA, un bo\u00eetier en PP, 5 vitesses, des batteurs\/crochets chrom\u00e9s, un cordon pur de 2*0,5*1, une prise VDE, et est conforme aux normes CE\/LVD\/EMC ROHS. 24 pi\u00e8ces par carton.<\/p>\n<p>En savoir plus <a href=\"https:\/\/megavision-electronics.com\/fr\/category\/mixing-machine\/\">m\u00e9langeur g\u00e9n\u00e9ral \u00e9lectrique<\/a>\u00a0catalogue !<\/p>","protected":false},"featured_media":12534,"template":"","meta":{"_et_pb_use_builder":"","_et_pb_old_content":"","_et_gb_content_width":""},"product_cat":[224],"product_tag":[233],"yoast_head":"<!-- This site is optimized with the Yoast SEO plugin v22.7 - https:\/\/yoast.com\/wordpress\/plugins\/seo\/ -->\n<title>High-Quality HM001 Hand Mixer Blender | Durable &amp; Reliable Home Appliance Supplier<\/title>\n<meta name=\"description\" content=\"Explore Mega\u2019s wide range of durable, energy-efficient HM001 Hand Mixer Blender designed for modern living. Wholesale and OEM services available. Trusted supplier worldwide\" \/>\n<meta name=\"robots\" content=\"index, follow, max-snippet:-1, max-image-preview:large, max-video-preview:-1\" \/>\n<link rel=\"canonical\" href=\"https:\/\/megavision-electronics.com\/fr\/produit\/hm001-hand-mixer-blender\/\" \/>\n<meta property=\"og:locale\" content=\"fr_FR\" \/>\n<meta property=\"og:type\" content=\"article\" \/>\n<meta property=\"og:title\" content=\"High-Quality HM001 Hand Mixer Blender | Durable &amp; Reliable Home Appliance Supplier\" \/>\n<meta property=\"og:description\" content=\"Explore Mega\u2019s wide range of durable, energy-efficient HM001 Hand Mixer Blender designed for modern living. Wholesale and OEM services available. Trusted supplier worldwide\" \/>\n<meta property=\"og:url\" content=\"https:\/\/megavision-electronics.com\/fr\/produit\/hm001-hand-mixer-blender\/\" \/>\n<meta property=\"og:site_name\" content=\"Mega Home Appliances\" \/>\n<meta property=\"article:modified_time\" content=\"2025-09-27T03:31:35+00:00\" \/>\n<meta property=\"og:image\" content=\"https:\/\/megavision-electronics.com\/wp-content\/uploads\/2025\/06\/HM001-Hand-Mixer-Blender-scaled.webp\" \/>\n\t<meta property=\"og:image:width\" content=\"2560\" \/>\n\t<meta property=\"og:image:height\" content=\"2560\" \/>\n\t<meta property=\"og:image:type\" content=\"image\/webp\" \/>\n<meta name=\"twitter:card\" content=\"summary_large_image\" \/>\n<meta name=\"twitter:label1\" content=\"Dur\u00e9e de lecture estim\u00e9e\" \/>\n\t<meta name=\"twitter:data1\" content=\"2 minutes\" \/>\n<script type=\"application\/ld+json\" class=\"yoast-schema-graph\">{\"@context\":\"https:\/\/schema.org\",\"@graph\":[{\"@type\":\"WebPage\",\"@id\":\"https:\/\/megavision-electronics.com\/product\/hm001-hand-mixer-blender\/\",\"url\":\"https:\/\/megavision-electronics.com\/product\/hm001-hand-mixer-blender\/\",\"name\":\"High-Quality HM001 Hand Mixer Blender | Durable & Reliable Home Appliance Supplier\",\"isPartOf\":{\"@id\":\"https:\/\/megavision-electronics.com\/#website\"},\"primaryImageOfPage\":{\"@id\":\"https:\/\/megavision-electronics.com\/product\/hm001-hand-mixer-blender\/#primaryimage\"},\"image\":{\"@id\":\"https:\/\/megavision-electronics.com\/product\/hm001-hand-mixer-blender\/#primaryimage\"},\"thumbnailUrl\":\"https:\/\/megavision-electronics.com\/wp-content\/uploads\/2025\/06\/HM001-Hand-Mixer-Blender-scaled.webp\",\"datePublished\":\"2025-06-13T13:20:46+00:00\",\"dateModified\":\"2025-09-27T03:31:35+00:00\",\"description\":\"Explore Mega\u2019s wide range of durable, energy-efficient HM001 Hand Mixer Blender designed for modern living. Wholesale and OEM services available. Trusted supplier worldwide\",\"breadcrumb\":{\"@id\":\"https:\/\/megavision-electronics.com\/product\/hm001-hand-mixer-blender\/#breadcrumb\"},\"inLanguage\":\"fr-FR\",\"potentialAction\":[{\"@type\":\"ReadAction\",\"target\":[\"https:\/\/megavision-electronics.com\/product\/hm001-hand-mixer-blender\/\"]}]},{\"@type\":\"ImageObject\",\"inLanguage\":\"fr-FR\",\"@id\":\"https:\/\/megavision-electronics.com\/product\/hm001-hand-mixer-blender\/#primaryimage\",\"url\":\"https:\/\/megavision-electronics.com\/wp-content\/uploads\/2025\/06\/HM001-Hand-Mixer-Blender-scaled.webp\",\"contentUrl\":\"https:\/\/megavision-electronics.com\/wp-content\/uploads\/2025\/06\/HM001-Hand-Mixer-Blender-scaled.webp\",\"width\":2560,\"height\":2560,\"caption\":\"HM001 Hand Mixer Blender\"},{\"@type\":\"BreadcrumbList\",\"@id\":\"https:\/\/megavision-electronics.com\/product\/hm001-hand-mixer-blender\/#breadcrumb\",\"itemListElement\":[{\"@type\":\"ListItem\",\"position\":1,\"name\":\"Home\",\"item\":\"https:\/\/megavision-electronics.com\/\"},{\"@type\":\"ListItem\",\"position\":2,\"name\":\"Products\",\"item\":\"https:\/\/megavision-electronics.com\/shop\/\"},{\"@type\":\"ListItem\",\"position\":3,\"name\":\"HM001 Hand Mixer Blender\"}]},{\"@type\":\"WebSite\",\"@id\":\"https:\/\/megavision-electronics.com\/#website\",\"url\":\"https:\/\/megavision-electronics.com\/\",\"name\":\"Mega Home Appliances\",\"description\":\"Mega Home Appliances\",\"publisher\":{\"@id\":\"https:\/\/megavision-electronics.com\/#organization\"},\"potentialAction\":[{\"@type\":\"SearchAction\",\"target\":{\"@type\":\"EntryPoint\",\"urlTemplate\":\"https:\/\/megavision-electronics.com\/?s={search_term_string}\"},\"query-input\":\"required name=search_term_string\"}],\"inLanguage\":\"fr-FR\"},{\"@type\":\"Organization\",\"@id\":\"https:\/\/megavision-electronics.com\/#organization\",\"name\":\"Mega Vision Company Limited\",\"url\":\"https:\/\/megavision-electronics.com\/\",\"logo\":{\"@type\":\"ImageObject\",\"inLanguage\":\"fr-FR\",\"@id\":\"https:\/\/megavision-electronics.com\/#\/schema\/logo\/image\/\",\"url\":\"https:\/\/megavision-electronics.com\/wp-content\/uploads\/2025\/06\/cropped-logo.webp\",\"contentUrl\":\"https:\/\/megavision-electronics.com\/wp-content\/uploads\/2025\/06\/cropped-logo.webp\",\"width\":512,\"height\":512,\"caption\":\"Mega Vision Company Limited\"},\"image\":{\"@id\":\"https:\/\/megavision-electronics.com\/#\/schema\/logo\/image\/\"}}]}<\/script>\n<!-- \/ Yoast SEO plugin. -->","yoast_head_json":{"title":"High-Quality HM001 Hand Mixer Blender | Durable & Reliable Home Appliance Supplier","description":"Explore Mega\u2019s wide range of durable, energy-efficient HM001 Hand Mixer Blender designed for modern living. Wholesale and OEM services available. Trusted supplier worldwide","robots":{"index":"index","follow":"follow","max-snippet":"max-snippet:-1","max-image-preview":"max-image-preview:large","max-video-preview":"max-video-preview:-1"},"canonical":"https:\/\/megavision-electronics.com\/fr\/produit\/hm001-hand-mixer-blender\/","og_locale":"fr_FR","og_type":"article","og_title":"High-Quality HM001 Hand Mixer Blender | Durable & Reliable Home Appliance Supplier","og_description":"Explore Mega\u2019s wide range of durable, energy-efficient HM001 Hand Mixer Blender designed for modern living. Wholesale and OEM services available. Trusted supplier worldwide","og_url":"https:\/\/megavision-electronics.com\/fr\/produit\/hm001-hand-mixer-blender\/","og_site_name":"Mega Home Appliances","article_modified_time":"2025-09-27T03:31:35+00:00","og_image":[{"width":2560,"height":2560,"url":"https:\/\/megavision-electronics.com\/wp-content\/uploads\/2025\/06\/HM001-Hand-Mixer-Blender-scaled.webp","type":"image\/webp"}],"twitter_card":"summary_large_image","twitter_misc":{"Dur\u00e9e de lecture estim\u00e9e":"2 minutes"},"schema":{"@context":"https:\/\/schema.org","@graph":[{"@type":"WebPage","@id":"https:\/\/megavision-electronics.com\/product\/hm001-hand-mixer-blender\/","url":"https:\/\/megavision-electronics.com\/product\/hm001-hand-mixer-blender\/","name":"High-Quality HM001 Hand Mixer Blender | Durable & Reliable Home Appliance Supplier","isPartOf":{"@id":"https:\/\/megavision-electronics.com\/#website"},"primaryImageOfPage":{"@id":"https:\/\/megavision-electronics.com\/product\/hm001-hand-mixer-blender\/#primaryimage"},"image":{"@id":"https:\/\/megavision-electronics.com\/product\/hm001-hand-mixer-blender\/#primaryimage"},"thumbnailUrl":"https:\/\/megavision-electronics.com\/wp-content\/uploads\/2025\/06\/HM001-Hand-Mixer-Blender-scaled.webp","datePublished":"2025-06-13T13:20:46+00:00","dateModified":"2025-09-27T03:31:35+00:00","description":"Explore Mega\u2019s wide range of durable, energy-efficient HM001 Hand Mixer Blender designed for modern living. Wholesale and OEM services available. Trusted supplier worldwide","breadcrumb":{"@id":"https:\/\/megavision-electronics.com\/product\/hm001-hand-mixer-blender\/#breadcrumb"},"inLanguage":"fr-FR","potentialAction":[{"@type":"ReadAction","target":["https:\/\/megavision-electronics.com\/product\/hm001-hand-mixer-blender\/"]}]},{"@type":"ImageObject","inLanguage":"fr-FR","@id":"https:\/\/megavision-electronics.com\/product\/hm001-hand-mixer-blender\/#primaryimage","url":"https:\/\/megavision-electronics.com\/wp-content\/uploads\/2025\/06\/HM001-Hand-Mixer-Blender-scaled.webp","contentUrl":"https:\/\/megavision-electronics.com\/wp-content\/uploads\/2025\/06\/HM001-Hand-Mixer-Blender-scaled.webp","width":2560,"height":2560,"caption":"HM001 Hand Mixer Blender"},{"@type":"BreadcrumbList","@id":"https:\/\/megavision-electronics.com\/product\/hm001-hand-mixer-blender\/#breadcrumb","itemListElement":[{"@type":"ListItem","position":1,"name":"Home","item":"https:\/\/megavision-electronics.com\/"},{"@type":"ListItem","position":2,"name":"Products","item":"https:\/\/megavision-electronics.com\/shop\/"},{"@type":"ListItem","position":3,"name":"HM001 Hand Mixer Blender"}]},{"@type":"WebSite","@id":"https:\/\/megavision-electronics.com\/#website","url":"https:\/\/megavision-electronics.com\/","name":"Mega Home Appliances","description":"Mega Home Appliances","publisher":{"@id":"https:\/\/megavision-electronics.com\/#organization"},"potentialAction":[{"@type":"SearchAction","target":{"@type":"EntryPoint","urlTemplate":"https:\/\/megavision-electronics.com\/?s={search_term_string}"},"query-input":"required name=search_term_string"}],"inLanguage":"fr-FR"},{"@type":"Organization","@id":"https:\/\/megavision-electronics.com\/#organization","name":"Mega Vision Company Limited","url":"https:\/\/megavision-electronics.com\/","logo":{"@type":"ImageObject","inLanguage":"fr-FR","@id":"https:\/\/megavision-electronics.com\/#\/schema\/logo\/image\/","url":"https:\/\/megavision-electronics.com\/wp-content\/uploads\/2025\/06\/cropped-logo.webp","contentUrl":"https:\/\/megavision-electronics.com\/wp-content\/uploads\/2025\/06\/cropped-logo.webp","width":512,"height":512,"caption":"Mega Vision Company Limited"},"image":{"@id":"https:\/\/megavision-electronics.com\/#\/schema\/logo\/image\/"}}]}},"_links":{"self":[{"href":"https:\/\/megavision-electronics.com\/fr\/wp-json\/wp\/v2\/product\/12533"}],"collection":[{"href":"https:\/\/megavision-electronics.com\/fr\/wp-json\/wp\/v2\/product"}],"about":[{"href":"https:\/\/megavision-electronics.com\/fr\/wp-json\/wp\/v2\/types\/product"}],"wp:featuredmedia":[{"embeddable":true,"href":"https:\/\/megavision-electronics.com\/fr\/wp-json\/wp\/v2\/media\/12534"}],"wp:attachment":[{"href":"https:\/\/megavision-electronics.com\/fr\/wp-json\/wp\/v2\/media?parent=12533"}],"wp:term":[{"taxonomy":"product_cat","embeddable":true,"href":"https:\/\/megavision-electronics.com\/fr\/wp-json\/wp\/v2\/product_cat?post=12533"},{"taxonomy":"product_tag","embeddable":true,"href":"https:\/\/megavision-electronics.com\/fr\/wp-json\/wp\/v2\/product_tag?post=12533"}],"curies":[{"name":"wp","href":"https:\/\/api.w.org\/{rel}","templated":true}]}}