{"id":12540,"date":"2025-06-13T13:45:40","date_gmt":"2025-06-13T13:45:40","guid":{"rendered":"https:\/\/megavision-electronics.com\/?post_type=product&#038;p=12540"},"modified":"2025-09-23T08:56:59","modified_gmt":"2025-09-23T08:56:59","slug":"lc001-cooker-lpg","status":"publish","type":"product","link":"https:\/\/megavision-electronics.com\/fr\/produit\/lc001-cooker-lpg\/","title":{"rendered":"LC001 Cuisini\u00e8re LPG"},"content":{"rendered":"<h2>Description du LC001 Cooker LPG<\/h2>\n<p>*Cuisini\u00e8re \u00e0 gaz naturel liqu\u00e9fi\u00e9<br \/>\n*Puissance : 2200 + 2200W (320g\/h)<br \/>\n*Flamme bleue<br \/>\n*\u00e9paisseur de la couverture 0,4 mm<br \/>\n*Soupape de s\u00e9curit\u00e9<br \/>\n*Pan support 3.7&#215;7.5mm<br \/>\n*Bouche en aluminium et capuchon de chemin\u00e9e en \u00e9mail<\/p>\n<h2>D\u00e9tail de l'emballage<\/h2>\n<p><strong>*Taille du produit :<\/strong> 577x278x53<br \/>\n<strong>Qty of 20&#8221;: <\/strong>2160pcs<br \/>\n<strong>Qty of 40HQ&#8221;:<\/strong> 5100pcs<\/p>\n<h3 data-start=\"174\" data-end=\"208\">Une cuisson puissante<\/h3>\n<p data-start=\"209\" data-end=\"552\">Le r\u00e9chaud LPG offre des flammes r\u00e9guli\u00e8res et une chaleur fiable, ce qui en fait un compagnon de confiance pour la cuisine de tous les jours. Qu'il s'agisse de faire bouillir, frire ou mijoter, le r\u00e9chaud garantit des performances constantes et une utilisation efficace du combustible. Con\u00e7u pour les particuliers, les cuisines ext\u00e9rieures et les commerces l\u00e9gers, il apporte commodit\u00e9 et rapidit\u00e9 \u00e0 la pr\u00e9paration des repas.<\/p>\n<h3 data-start=\"554\" data-end=\"590\">Conception durable et conviviale<\/h3>\n<p data-start=\"591\" data-end=\"915\">Fabriqu\u00e9 avec des mat\u00e9riaux robustes et des br\u00fbleurs de haute qualit\u00e9, le <a href=\"https:\/\/megavision-electronics.com\/fr\/category\/lpg-cooker\/\">gaz de cuisine gpl<\/a> est con\u00e7u pour durer. Les boutons faciles \u00e0 contr\u00f4ler permettent un r\u00e9glage pr\u00e9cis de la flamme, tandis que les supports de casseroles stables offrent une surface de cuisson s\u00fbre. Son design compact et pratique convient aux petites cuisines ou \u00e0 une utilisation portable, alliant fiabilit\u00e9 et fonctionnalit\u00e9.<\/p>\n<h3 data-start=\"917\" data-end=\"943\">S\u00e9curit\u00e9 et maintenance<\/h3>\n<p data-start=\"944\" data-end=\"1249\">\u00c9quip\u00e9e de composants r\u00e9sistants \u00e0 la chaleur et de soupapes de s\u00e9curit\u00e9 efficaces, la cuisini\u00e8re donne la priorit\u00e9 \u00e0 la protection de l'utilisateur. Son corps facile \u00e0 nettoyer et sa structure accessible r\u00e9duisent les efforts d'entretien, ce qui garantit une utilisation fiable \u00e0 long terme. Qu'il s'agisse de repas rapides ou de s\u00e9ances de cuisson prolong\u00e9es, il est con\u00e7u pour fonctionner en toute s\u00e9curit\u00e9.<\/p>\n<h3 data-start=\"1251\" data-end=\"1278\">Marque et personnalisation<\/h3>\n<p data-start=\"1279\" data-end=\"1626\">Mega Vision Company Limited, une entreprise <strong data-start=\"1317\" data-end=\"1383\"><a class=\"decorated-link\" href=\"https:\/\/megavision-electronics.com\/fr\/\" target=\"_new\" rel=\"noopener\" data-start=\"1319\" data-end=\"1381\">fournisseur d'appareils \u00e9lectrom\u00e9nagers<\/a><\/strong>L'entreprise se concentre sur la fourniture de solutions de cuisine innovantes et fiables. Outre les cuisini\u00e8res GPL, l'entreprise propose \u00e9galement <a href=\"https:\/\/megavision-electronics.com\/fr\/products\/\"><strong data-start=\"1506\" data-end=\"1532\">appareils m\u00e9nagers sur mesure<\/strong><\/a> pour r\u00e9pondre \u00e0 des besoins uniques en mati\u00e8re de conception et de march\u00e9, ce qui garantit une certaine flexibilit\u00e9 aux distributeurs et aux partenaires.<\/p>","protected":false},"excerpt":{"rendered":"<p>LC001 <a href=\"https:\/\/megavision-electronics.com\/fr\/produit\/lc001-cooker-lpg\/\"><strong>Cuisini\u00e8re GPL<\/strong><\/a> avec deux br\u00fbleurs de 2200W (320g\/h), flamme bleue, couvercle de 0,4mm, soupape de s\u00e9curit\u00e9, support de casserole de 3,7\u00d77,5mm, br\u00fbleur en aluminium et capuchon en \u00e9mail. Dimensions 577x278x53, avec des charges de conteneurs fixes.<\/p>\n<p>En savoir plus <strong>GPL<\/strong> <strong>Cuisini\u00e8re<\/strong> Catalogue !<\/p>","protected":false},"featured_media":12541,"template":"","meta":{"_et_pb_use_builder":"","_et_pb_old_content":"","_et_gb_content_width":""},"product_cat":[216],"product_tag":[251],"yoast_head":"<!-- This site is optimized with the Yoast SEO plugin v22.7 - https:\/\/yoast.com\/wordpress\/plugins\/seo\/ -->\n<title>Wholesale Cooker LPG Factory\u2013 High-Efficiency Cooking Gas Appliance by MegaVision<\/title>\n<meta name=\"description\" content=\"Explore the Cooker LPG from Mega Vision. Durable, safe, and efficient, this cooking gas appliance is ideal for homes or outdoor kitchens. Custom options available.\" \/>\n<meta name=\"robots\" content=\"index, follow, max-snippet:-1, max-image-preview:large, max-video-preview:-1\" \/>\n<link rel=\"canonical\" href=\"https:\/\/megavision-electronics.com\/fr\/produit\/lc001-cooker-lpg\/\" \/>\n<meta property=\"og:locale\" content=\"fr_FR\" \/>\n<meta property=\"og:type\" content=\"article\" \/>\n<meta property=\"og:title\" content=\"Wholesale Cooker LPG Factory\u2013 High-Efficiency Cooking Gas Appliance by MegaVision\" \/>\n<meta property=\"og:description\" content=\"Explore the Cooker LPG from Mega Vision. Durable, safe, and efficient, this cooking gas appliance is ideal for homes or outdoor kitchens. Custom options available.\" \/>\n<meta property=\"og:url\" content=\"https:\/\/megavision-electronics.com\/fr\/produit\/lc001-cooker-lpg\/\" \/>\n<meta property=\"og:site_name\" content=\"Mega Home Appliances\" \/>\n<meta property=\"article:modified_time\" content=\"2025-09-23T08:56:59+00:00\" \/>\n<meta property=\"og:image\" content=\"https:\/\/megavision-electronics.com\/wp-content\/uploads\/2025\/06\/LC001-Cooker-LPG.webp\" \/>\n\t<meta property=\"og:image:width\" content=\"1300\" \/>\n\t<meta property=\"og:image:height\" content=\"1300\" \/>\n\t<meta property=\"og:image:type\" content=\"image\/webp\" \/>\n<meta name=\"twitter:card\" content=\"summary_large_image\" \/>\n<meta name=\"twitter:label1\" content=\"Dur\u00e9e de lecture estim\u00e9e\" \/>\n\t<meta name=\"twitter:data1\" content=\"2 minutes\" \/>\n<script type=\"application\/ld+json\" class=\"yoast-schema-graph\">{\"@context\":\"https:\/\/schema.org\",\"@graph\":[{\"@type\":\"WebPage\",\"@id\":\"https:\/\/megavision-electronics.com\/product\/lc001-cooker-lpg\/\",\"url\":\"https:\/\/megavision-electronics.com\/product\/lc001-cooker-lpg\/\",\"name\":\"Wholesale Cooker LPG Factory\u2013 High-Efficiency Cooking Gas Appliance by MegaVision\",\"isPartOf\":{\"@id\":\"https:\/\/megavision-electronics.com\/#website\"},\"primaryImageOfPage\":{\"@id\":\"https:\/\/megavision-electronics.com\/product\/lc001-cooker-lpg\/#primaryimage\"},\"image\":{\"@id\":\"https:\/\/megavision-electronics.com\/product\/lc001-cooker-lpg\/#primaryimage\"},\"thumbnailUrl\":\"https:\/\/megavision-electronics.com\/wp-content\/uploads\/2025\/06\/LC001-Cooker-LPG.webp\",\"datePublished\":\"2025-06-13T13:45:40+00:00\",\"dateModified\":\"2025-09-23T08:56:59+00:00\",\"description\":\"Explore the Cooker LPG from Mega Vision. Durable, safe, and efficient, this cooking gas appliance is ideal for homes or outdoor kitchens. Custom options available.\",\"breadcrumb\":{\"@id\":\"https:\/\/megavision-electronics.com\/product\/lc001-cooker-lpg\/#breadcrumb\"},\"inLanguage\":\"fr-FR\",\"potentialAction\":[{\"@type\":\"ReadAction\",\"target\":[\"https:\/\/megavision-electronics.com\/product\/lc001-cooker-lpg\/\"]}]},{\"@type\":\"ImageObject\",\"inLanguage\":\"fr-FR\",\"@id\":\"https:\/\/megavision-electronics.com\/product\/lc001-cooker-lpg\/#primaryimage\",\"url\":\"https:\/\/megavision-electronics.com\/wp-content\/uploads\/2025\/06\/LC001-Cooker-LPG.webp\",\"contentUrl\":\"https:\/\/megavision-electronics.com\/wp-content\/uploads\/2025\/06\/LC001-Cooker-LPG.webp\",\"width\":1300,\"height\":1300,\"caption\":\"LC001 Cooker LPG\"},{\"@type\":\"BreadcrumbList\",\"@id\":\"https:\/\/megavision-electronics.com\/product\/lc001-cooker-lpg\/#breadcrumb\",\"itemListElement\":[{\"@type\":\"ListItem\",\"position\":1,\"name\":\"Home\",\"item\":\"https:\/\/megavision-electronics.com\/\"},{\"@type\":\"ListItem\",\"position\":2,\"name\":\"Products\",\"item\":\"https:\/\/megavision-electronics.com\/shop\/\"},{\"@type\":\"ListItem\",\"position\":3,\"name\":\"LC001 Cooker LPG\"}]},{\"@type\":\"WebSite\",\"@id\":\"https:\/\/megavision-electronics.com\/#website\",\"url\":\"https:\/\/megavision-electronics.com\/\",\"name\":\"Mega Home Appliances\",\"description\":\"Mega Home Appliances\",\"publisher\":{\"@id\":\"https:\/\/megavision-electronics.com\/#organization\"},\"potentialAction\":[{\"@type\":\"SearchAction\",\"target\":{\"@type\":\"EntryPoint\",\"urlTemplate\":\"https:\/\/megavision-electronics.com\/?s={search_term_string}\"},\"query-input\":\"required name=search_term_string\"}],\"inLanguage\":\"fr-FR\"},{\"@type\":\"Organization\",\"@id\":\"https:\/\/megavision-electronics.com\/#organization\",\"name\":\"Mega Vision Company Limited\",\"url\":\"https:\/\/megavision-electronics.com\/\",\"logo\":{\"@type\":\"ImageObject\",\"inLanguage\":\"fr-FR\",\"@id\":\"https:\/\/megavision-electronics.com\/#\/schema\/logo\/image\/\",\"url\":\"https:\/\/megavision-electronics.com\/wp-content\/uploads\/2025\/06\/cropped-logo.webp\",\"contentUrl\":\"https:\/\/megavision-electronics.com\/wp-content\/uploads\/2025\/06\/cropped-logo.webp\",\"width\":512,\"height\":512,\"caption\":\"Mega Vision Company Limited\"},\"image\":{\"@id\":\"https:\/\/megavision-electronics.com\/#\/schema\/logo\/image\/\"}}]}<\/script>\n<!-- \/ Yoast SEO plugin. -->","yoast_head_json":{"title":"Wholesale Cooker LPG Factory\u2013 High-Efficiency Cooking Gas Appliance by MegaVision","description":"Explore the Cooker LPG from Mega Vision. Durable, safe, and efficient, this cooking gas appliance is ideal for homes or outdoor kitchens. Custom options available.","robots":{"index":"index","follow":"follow","max-snippet":"max-snippet:-1","max-image-preview":"max-image-preview:large","max-video-preview":"max-video-preview:-1"},"canonical":"https:\/\/megavision-electronics.com\/fr\/produit\/lc001-cooker-lpg\/","og_locale":"fr_FR","og_type":"article","og_title":"Wholesale Cooker LPG Factory\u2013 High-Efficiency Cooking Gas Appliance by MegaVision","og_description":"Explore the Cooker LPG from Mega Vision. Durable, safe, and efficient, this cooking gas appliance is ideal for homes or outdoor kitchens. Custom options available.","og_url":"https:\/\/megavision-electronics.com\/fr\/produit\/lc001-cooker-lpg\/","og_site_name":"Mega Home Appliances","article_modified_time":"2025-09-23T08:56:59+00:00","og_image":[{"width":1300,"height":1300,"url":"https:\/\/megavision-electronics.com\/wp-content\/uploads\/2025\/06\/LC001-Cooker-LPG.webp","type":"image\/webp"}],"twitter_card":"summary_large_image","twitter_misc":{"Dur\u00e9e de lecture estim\u00e9e":"2 minutes"},"schema":{"@context":"https:\/\/schema.org","@graph":[{"@type":"WebPage","@id":"https:\/\/megavision-electronics.com\/product\/lc001-cooker-lpg\/","url":"https:\/\/megavision-electronics.com\/product\/lc001-cooker-lpg\/","name":"Wholesale Cooker LPG Factory\u2013 High-Efficiency Cooking Gas Appliance by MegaVision","isPartOf":{"@id":"https:\/\/megavision-electronics.com\/#website"},"primaryImageOfPage":{"@id":"https:\/\/megavision-electronics.com\/product\/lc001-cooker-lpg\/#primaryimage"},"image":{"@id":"https:\/\/megavision-electronics.com\/product\/lc001-cooker-lpg\/#primaryimage"},"thumbnailUrl":"https:\/\/megavision-electronics.com\/wp-content\/uploads\/2025\/06\/LC001-Cooker-LPG.webp","datePublished":"2025-06-13T13:45:40+00:00","dateModified":"2025-09-23T08:56:59+00:00","description":"Explore the Cooker LPG from Mega Vision. Durable, safe, and efficient, this cooking gas appliance is ideal for homes or outdoor kitchens. Custom options available.","breadcrumb":{"@id":"https:\/\/megavision-electronics.com\/product\/lc001-cooker-lpg\/#breadcrumb"},"inLanguage":"fr-FR","potentialAction":[{"@type":"ReadAction","target":["https:\/\/megavision-electronics.com\/product\/lc001-cooker-lpg\/"]}]},{"@type":"ImageObject","inLanguage":"fr-FR","@id":"https:\/\/megavision-electronics.com\/product\/lc001-cooker-lpg\/#primaryimage","url":"https:\/\/megavision-electronics.com\/wp-content\/uploads\/2025\/06\/LC001-Cooker-LPG.webp","contentUrl":"https:\/\/megavision-electronics.com\/wp-content\/uploads\/2025\/06\/LC001-Cooker-LPG.webp","width":1300,"height":1300,"caption":"LC001 Cooker LPG"},{"@type":"BreadcrumbList","@id":"https:\/\/megavision-electronics.com\/product\/lc001-cooker-lpg\/#breadcrumb","itemListElement":[{"@type":"ListItem","position":1,"name":"Home","item":"https:\/\/megavision-electronics.com\/"},{"@type":"ListItem","position":2,"name":"Products","item":"https:\/\/megavision-electronics.com\/shop\/"},{"@type":"ListItem","position":3,"name":"LC001 Cooker LPG"}]},{"@type":"WebSite","@id":"https:\/\/megavision-electronics.com\/#website","url":"https:\/\/megavision-electronics.com\/","name":"Mega Home Appliances","description":"Mega Home Appliances","publisher":{"@id":"https:\/\/megavision-electronics.com\/#organization"},"potentialAction":[{"@type":"SearchAction","target":{"@type":"EntryPoint","urlTemplate":"https:\/\/megavision-electronics.com\/?s={search_term_string}"},"query-input":"required name=search_term_string"}],"inLanguage":"fr-FR"},{"@type":"Organization","@id":"https:\/\/megavision-electronics.com\/#organization","name":"Mega Vision Company Limited","url":"https:\/\/megavision-electronics.com\/","logo":{"@type":"ImageObject","inLanguage":"fr-FR","@id":"https:\/\/megavision-electronics.com\/#\/schema\/logo\/image\/","url":"https:\/\/megavision-electronics.com\/wp-content\/uploads\/2025\/06\/cropped-logo.webp","contentUrl":"https:\/\/megavision-electronics.com\/wp-content\/uploads\/2025\/06\/cropped-logo.webp","width":512,"height":512,"caption":"Mega Vision Company Limited"},"image":{"@id":"https:\/\/megavision-electronics.com\/#\/schema\/logo\/image\/"}}]}},"_links":{"self":[{"href":"https:\/\/megavision-electronics.com\/fr\/wp-json\/wp\/v2\/product\/12540"}],"collection":[{"href":"https:\/\/megavision-electronics.com\/fr\/wp-json\/wp\/v2\/product"}],"about":[{"href":"https:\/\/megavision-electronics.com\/fr\/wp-json\/wp\/v2\/types\/product"}],"wp:featuredmedia":[{"embeddable":true,"href":"https:\/\/megavision-electronics.com\/fr\/wp-json\/wp\/v2\/media\/12541"}],"wp:attachment":[{"href":"https:\/\/megavision-electronics.com\/fr\/wp-json\/wp\/v2\/media?parent=12540"}],"wp:term":[{"taxonomy":"product_cat","embeddable":true,"href":"https:\/\/megavision-electronics.com\/fr\/wp-json\/wp\/v2\/product_cat?post=12540"},{"taxonomy":"product_tag","embeddable":true,"href":"https:\/\/megavision-electronics.com\/fr\/wp-json\/wp\/v2\/product_tag?post=12540"}],"curies":[{"name":"wp","href":"https:\/\/api.w.org\/{rel}","templated":true}]}}