{"id":12542,"date":"2025-06-13T13:50:15","date_gmt":"2025-06-13T13:50:15","guid":{"rendered":"https:\/\/megavision-electronics.com\/?post_type=product&#038;p=12542"},"modified":"2025-09-23T09:03:41","modified_gmt":"2025-09-23T09:03:41","slug":"lc002-lpg-cooker","status":"publish","type":"product","link":"https:\/\/megavision-electronics.com\/fr\/produit\/lc002-lpg-cooker\/","title":{"rendered":"LC002 Cuisini\u00e8re LPG"},"content":{"rendered":"<h2>Description de la cuisini\u00e8re GPL<\/h2>\n<p>*Cuisini\u00e8re \u00e0 gaz naturel liqu\u00e9fi\u00e9<br \/>\n<strong>*Puissance :<\/strong> 2200 + 2200W + 1000W (393g\/h)<br \/>\n*Flamme bleue<br \/>\n*\u00e9paisseur de la couverture 0,4 mm<br \/>\n*Soupape de s\u00e9curit\u00e9<br \/>\n*Pan support 3.7&#215;7.5mm<br \/>\n*Bouche en aluminium et capuchon de chemin\u00e9e en \u00e9mail<\/p>\n<h2>D\u00e9tail de l'offre de cuisson GPL<\/h2>\n<p><strong>*Taille du produit :<\/strong> 577x278x53<br \/>\n<strong>Qty of 20&#8221;:<\/strong>2160pcs<br \/>\n<strong>Qty of 40HQ&#8221;:<\/strong> 5100pcs<\/p>\n<h3 data-start=\"152\" data-end=\"187\">Une cuisson efficace<\/h3>\n<p data-start=\"188\" data-end=\"497\">La cuisini\u00e8re GPL est con\u00e7ue pour produire des flammes puissantes et r\u00e9guli\u00e8res, ce qui rend la cuisine quotidienne plus rapide et plus efficace. Que vous fassiez bouillir, frire ou mijoter, le r\u00e9chaud assure un contr\u00f4le pr\u00e9cis de la chaleur et des \u00e9conomies d'\u00e9nergie. Ses performances sont id\u00e9ales pour les m\u00e9nages, les petites entreprises ou les installations de cuisine en plein air.<\/p>\n<h3 data-start=\"499\" data-end=\"531\">Conception durable et compacte<\/h3>\n<p data-start=\"532\" data-end=\"878\">Construite avec des br\u00fbleurs de haute qualit\u00e9 et des mat\u00e9riaux robustes, la cuisini\u00e8re GPL est con\u00e7ue pour r\u00e9sister \u00e0 une utilisation \u00e0 long terme. Sa structure compacte lui permet de s'adapter aux cuisines de toutes tailles, tandis que les supports de casseroles stables garantissent la s\u00e9curit\u00e9 et la commodit\u00e9 pendant la cuisson. Les boutons faciles \u00e0 tourner permettent de r\u00e9gler la flamme sans effort, ce qui donne aux utilisateurs un contr\u00f4le total sur leurs repas.<\/p>\n<h3 data-start=\"880\" data-end=\"911\">S\u00fbr et facile \u00e0 entretenir<\/h3>\n<p data-start=\"912\" data-end=\"1207\">La s\u00e9curit\u00e9 est une priorit\u00e9 avec le cuiseur GPL. Elle comprend des composants r\u00e9sistants \u00e0 la chaleur et des dispositifs de s\u00e9curit\u00e9 qui permettent de cuisiner en toute tranquillit\u00e9. La conception simple et \u00e9pur\u00e9e de la carrosserie permet un nettoyage facile et un entretien minimal, ce qui prolonge la dur\u00e9e de vie de l'appareil tout en maintenant des performances constantes.<\/p>\n<h3 data-start=\"1209\" data-end=\"1249\">Marque de confiance et solutions personnalis\u00e9es<\/h3>\n<p data-start=\"1250\" data-end=\"1639\">Mega Vision Company Limited, une soci\u00e9t\u00e9 professionnelle <strong data-start=\"1294\" data-end=\"1360\"><a class=\"decorated-link\" href=\"https:\/\/megavision-electronics.com\/fr\/\" target=\"_new\" rel=\"noopener\" data-start=\"1296\" data-end=\"1358\">fournisseur d'appareils \u00e9lectrom\u00e9nagers<\/a><\/strong>L'objectif est d'offrir des produits innovants et fiables qui s'adaptent aux modes de vie modernes. Outre les cuisini\u00e8res GPL et d'autres produits essentiels tels que <a href=\"https:\/\/megavision-electronics.com\/fr\/category\/lpg-cooker\/\">gaz de cuisine lpg<\/a> l'entreprise fournit \u00e9galement des appareils <a href=\"https:\/\/megavision-electronics.com\/fr\/products\/\">appareils pour maisons pr\u00e9fabriqu\u00e9es<\/a>\u00a0sur mesure pour r\u00e9pondre aux besoins sp\u00e9cifiques du march\u00e9 et de l'image de marque.<\/p>","protected":false},"excerpt":{"rendered":"<p>LC002 <a href=\"https:\/\/megavision-electronics.com\/fr\/produit\/lc002-lpg-cooker\/\"><strong>Cuisini\u00e8re GPL<\/strong><\/a> a une puissance de 2200 + 2200 + 1000W (393g\/h), flamme bleue, couvercle de 0,4mm, soupape de s\u00e9curit\u00e9, br\u00fbleur en aluminium, capuchon en \u00e9mail. Dimensions 577x278x53, avec des charges de conteneur r\u00e9gl\u00e9es.<\/p>\n<p>En savoir plus <strong>GPL<\/strong> <strong>Cuisini\u00e8re<\/strong> Catalogue !<\/p>","protected":false},"featured_media":12543,"template":"","meta":{"_et_pb_use_builder":"","_et_pb_old_content":"","_et_gb_content_width":""},"product_cat":[216],"product_tag":[251],"yoast_head":"<!-- This site is optimized with the Yoast SEO plugin v22.7 - https:\/\/yoast.com\/wordpress\/plugins\/seo\/ -->\n<title>High-Quality LPG Cooker for Everyday Kitchen Use \u2013 High-Performance Gas Appliance<\/title>\n<meta name=\"description\" content=\"Explore the LPG Cooker from Mega Vision. Compact, efficient, and safe, it delivers steady flames for all cooking needs. Custom solutions available.\" \/>\n<meta name=\"robots\" content=\"index, follow, max-snippet:-1, max-image-preview:large, max-video-preview:-1\" \/>\n<link rel=\"canonical\" href=\"https:\/\/megavision-electronics.com\/fr\/produit\/lc002-lpg-cooker\/\" \/>\n<meta property=\"og:locale\" content=\"fr_FR\" \/>\n<meta property=\"og:type\" content=\"article\" \/>\n<meta property=\"og:title\" content=\"High-Quality LPG Cooker for Everyday Kitchen Use \u2013 High-Performance Gas Appliance\" \/>\n<meta property=\"og:description\" content=\"Explore the LPG Cooker from Mega Vision. Compact, efficient, and safe, it delivers steady flames for all cooking needs. Custom solutions available.\" \/>\n<meta property=\"og:url\" content=\"https:\/\/megavision-electronics.com\/fr\/produit\/lc002-lpg-cooker\/\" \/>\n<meta property=\"og:site_name\" content=\"Mega Home Appliances\" \/>\n<meta property=\"article:modified_time\" content=\"2025-09-23T09:03:41+00:00\" \/>\n<meta property=\"og:image\" content=\"https:\/\/megavision-electronics.com\/wp-content\/uploads\/2025\/06\/LC002-LPG-Cooker.webp\" \/>\n\t<meta property=\"og:image:width\" content=\"1300\" \/>\n\t<meta property=\"og:image:height\" content=\"1300\" \/>\n\t<meta property=\"og:image:type\" content=\"image\/webp\" \/>\n<meta name=\"twitter:card\" content=\"summary_large_image\" \/>\n<meta name=\"twitter:label1\" content=\"Dur\u00e9e de lecture estim\u00e9e\" \/>\n\t<meta name=\"twitter:data1\" content=\"2 minutes\" \/>\n<script type=\"application\/ld+json\" class=\"yoast-schema-graph\">{\"@context\":\"https:\/\/schema.org\",\"@graph\":[{\"@type\":\"WebPage\",\"@id\":\"https:\/\/megavision-electronics.com\/product\/lc002-lpg-cooker\/\",\"url\":\"https:\/\/megavision-electronics.com\/product\/lc002-lpg-cooker\/\",\"name\":\"High-Quality LPG Cooker for Everyday Kitchen Use \u2013 High-Performance Gas Appliance\",\"isPartOf\":{\"@id\":\"https:\/\/megavision-electronics.com\/#website\"},\"primaryImageOfPage\":{\"@id\":\"https:\/\/megavision-electronics.com\/product\/lc002-lpg-cooker\/#primaryimage\"},\"image\":{\"@id\":\"https:\/\/megavision-electronics.com\/product\/lc002-lpg-cooker\/#primaryimage\"},\"thumbnailUrl\":\"https:\/\/megavision-electronics.com\/wp-content\/uploads\/2025\/06\/LC002-LPG-Cooker.webp\",\"datePublished\":\"2025-06-13T13:50:15+00:00\",\"dateModified\":\"2025-09-23T09:03:41+00:00\",\"description\":\"Explore the LPG Cooker from Mega Vision. Compact, efficient, and safe, it delivers steady flames for all cooking needs. Custom solutions available.\",\"breadcrumb\":{\"@id\":\"https:\/\/megavision-electronics.com\/product\/lc002-lpg-cooker\/#breadcrumb\"},\"inLanguage\":\"fr-FR\",\"potentialAction\":[{\"@type\":\"ReadAction\",\"target\":[\"https:\/\/megavision-electronics.com\/product\/lc002-lpg-cooker\/\"]}]},{\"@type\":\"ImageObject\",\"inLanguage\":\"fr-FR\",\"@id\":\"https:\/\/megavision-electronics.com\/product\/lc002-lpg-cooker\/#primaryimage\",\"url\":\"https:\/\/megavision-electronics.com\/wp-content\/uploads\/2025\/06\/LC002-LPG-Cooker.webp\",\"contentUrl\":\"https:\/\/megavision-electronics.com\/wp-content\/uploads\/2025\/06\/LC002-LPG-Cooker.webp\",\"width\":1300,\"height\":1300,\"caption\":\"LC002 LPG Cooker\"},{\"@type\":\"BreadcrumbList\",\"@id\":\"https:\/\/megavision-electronics.com\/product\/lc002-lpg-cooker\/#breadcrumb\",\"itemListElement\":[{\"@type\":\"ListItem\",\"position\":1,\"name\":\"Home\",\"item\":\"https:\/\/megavision-electronics.com\/\"},{\"@type\":\"ListItem\",\"position\":2,\"name\":\"Products\",\"item\":\"https:\/\/megavision-electronics.com\/shop\/\"},{\"@type\":\"ListItem\",\"position\":3,\"name\":\"LC002 LPG Cooker\"}]},{\"@type\":\"WebSite\",\"@id\":\"https:\/\/megavision-electronics.com\/#website\",\"url\":\"https:\/\/megavision-electronics.com\/\",\"name\":\"Mega Home Appliances\",\"description\":\"Mega Home Appliances\",\"publisher\":{\"@id\":\"https:\/\/megavision-electronics.com\/#organization\"},\"potentialAction\":[{\"@type\":\"SearchAction\",\"target\":{\"@type\":\"EntryPoint\",\"urlTemplate\":\"https:\/\/megavision-electronics.com\/?s={search_term_string}\"},\"query-input\":\"required name=search_term_string\"}],\"inLanguage\":\"fr-FR\"},{\"@type\":\"Organization\",\"@id\":\"https:\/\/megavision-electronics.com\/#organization\",\"name\":\"Mega Vision Company Limited\",\"url\":\"https:\/\/megavision-electronics.com\/\",\"logo\":{\"@type\":\"ImageObject\",\"inLanguage\":\"fr-FR\",\"@id\":\"https:\/\/megavision-electronics.com\/#\/schema\/logo\/image\/\",\"url\":\"https:\/\/megavision-electronics.com\/wp-content\/uploads\/2025\/06\/cropped-logo.webp\",\"contentUrl\":\"https:\/\/megavision-electronics.com\/wp-content\/uploads\/2025\/06\/cropped-logo.webp\",\"width\":512,\"height\":512,\"caption\":\"Mega Vision Company Limited\"},\"image\":{\"@id\":\"https:\/\/megavision-electronics.com\/#\/schema\/logo\/image\/\"}}]}<\/script>\n<!-- \/ Yoast SEO plugin. -->","yoast_head_json":{"title":"High-Quality LPG Cooker for Everyday Kitchen Use \u2013 High-Performance Gas Appliance","description":"Explore the LPG Cooker from Mega Vision. Compact, efficient, and safe, it delivers steady flames for all cooking needs. Custom solutions available.","robots":{"index":"index","follow":"follow","max-snippet":"max-snippet:-1","max-image-preview":"max-image-preview:large","max-video-preview":"max-video-preview:-1"},"canonical":"https:\/\/megavision-electronics.com\/fr\/produit\/lc002-lpg-cooker\/","og_locale":"fr_FR","og_type":"article","og_title":"High-Quality LPG Cooker for Everyday Kitchen Use \u2013 High-Performance Gas Appliance","og_description":"Explore the LPG Cooker from Mega Vision. Compact, efficient, and safe, it delivers steady flames for all cooking needs. Custom solutions available.","og_url":"https:\/\/megavision-electronics.com\/fr\/produit\/lc002-lpg-cooker\/","og_site_name":"Mega Home Appliances","article_modified_time":"2025-09-23T09:03:41+00:00","og_image":[{"width":1300,"height":1300,"url":"https:\/\/megavision-electronics.com\/wp-content\/uploads\/2025\/06\/LC002-LPG-Cooker.webp","type":"image\/webp"}],"twitter_card":"summary_large_image","twitter_misc":{"Dur\u00e9e de lecture estim\u00e9e":"2 minutes"},"schema":{"@context":"https:\/\/schema.org","@graph":[{"@type":"WebPage","@id":"https:\/\/megavision-electronics.com\/product\/lc002-lpg-cooker\/","url":"https:\/\/megavision-electronics.com\/product\/lc002-lpg-cooker\/","name":"High-Quality LPG Cooker for Everyday Kitchen Use \u2013 High-Performance Gas Appliance","isPartOf":{"@id":"https:\/\/megavision-electronics.com\/#website"},"primaryImageOfPage":{"@id":"https:\/\/megavision-electronics.com\/product\/lc002-lpg-cooker\/#primaryimage"},"image":{"@id":"https:\/\/megavision-electronics.com\/product\/lc002-lpg-cooker\/#primaryimage"},"thumbnailUrl":"https:\/\/megavision-electronics.com\/wp-content\/uploads\/2025\/06\/LC002-LPG-Cooker.webp","datePublished":"2025-06-13T13:50:15+00:00","dateModified":"2025-09-23T09:03:41+00:00","description":"Explore the LPG Cooker from Mega Vision. Compact, efficient, and safe, it delivers steady flames for all cooking needs. Custom solutions available.","breadcrumb":{"@id":"https:\/\/megavision-electronics.com\/product\/lc002-lpg-cooker\/#breadcrumb"},"inLanguage":"fr-FR","potentialAction":[{"@type":"ReadAction","target":["https:\/\/megavision-electronics.com\/product\/lc002-lpg-cooker\/"]}]},{"@type":"ImageObject","inLanguage":"fr-FR","@id":"https:\/\/megavision-electronics.com\/product\/lc002-lpg-cooker\/#primaryimage","url":"https:\/\/megavision-electronics.com\/wp-content\/uploads\/2025\/06\/LC002-LPG-Cooker.webp","contentUrl":"https:\/\/megavision-electronics.com\/wp-content\/uploads\/2025\/06\/LC002-LPG-Cooker.webp","width":1300,"height":1300,"caption":"LC002 LPG Cooker"},{"@type":"BreadcrumbList","@id":"https:\/\/megavision-electronics.com\/product\/lc002-lpg-cooker\/#breadcrumb","itemListElement":[{"@type":"ListItem","position":1,"name":"Home","item":"https:\/\/megavision-electronics.com\/"},{"@type":"ListItem","position":2,"name":"Products","item":"https:\/\/megavision-electronics.com\/shop\/"},{"@type":"ListItem","position":3,"name":"LC002 LPG Cooker"}]},{"@type":"WebSite","@id":"https:\/\/megavision-electronics.com\/#website","url":"https:\/\/megavision-electronics.com\/","name":"Mega Home Appliances","description":"Mega Home Appliances","publisher":{"@id":"https:\/\/megavision-electronics.com\/#organization"},"potentialAction":[{"@type":"SearchAction","target":{"@type":"EntryPoint","urlTemplate":"https:\/\/megavision-electronics.com\/?s={search_term_string}"},"query-input":"required name=search_term_string"}],"inLanguage":"fr-FR"},{"@type":"Organization","@id":"https:\/\/megavision-electronics.com\/#organization","name":"Mega Vision Company Limited","url":"https:\/\/megavision-electronics.com\/","logo":{"@type":"ImageObject","inLanguage":"fr-FR","@id":"https:\/\/megavision-electronics.com\/#\/schema\/logo\/image\/","url":"https:\/\/megavision-electronics.com\/wp-content\/uploads\/2025\/06\/cropped-logo.webp","contentUrl":"https:\/\/megavision-electronics.com\/wp-content\/uploads\/2025\/06\/cropped-logo.webp","width":512,"height":512,"caption":"Mega Vision Company Limited"},"image":{"@id":"https:\/\/megavision-electronics.com\/#\/schema\/logo\/image\/"}}]}},"_links":{"self":[{"href":"https:\/\/megavision-electronics.com\/fr\/wp-json\/wp\/v2\/product\/12542"}],"collection":[{"href":"https:\/\/megavision-electronics.com\/fr\/wp-json\/wp\/v2\/product"}],"about":[{"href":"https:\/\/megavision-electronics.com\/fr\/wp-json\/wp\/v2\/types\/product"}],"wp:featuredmedia":[{"embeddable":true,"href":"https:\/\/megavision-electronics.com\/fr\/wp-json\/wp\/v2\/media\/12543"}],"wp:attachment":[{"href":"https:\/\/megavision-electronics.com\/fr\/wp-json\/wp\/v2\/media?parent=12542"}],"wp:term":[{"taxonomy":"product_cat","embeddable":true,"href":"https:\/\/megavision-electronics.com\/fr\/wp-json\/wp\/v2\/product_cat?post=12542"},{"taxonomy":"product_tag","embeddable":true,"href":"https:\/\/megavision-electronics.com\/fr\/wp-json\/wp\/v2\/product_tag?post=12542"}],"curies":[{"name":"wp","href":"https:\/\/api.w.org\/{rel}","templated":true}]}}