{"id":12609,"date":"2025-07-10T06:15:34","date_gmt":"2025-07-10T06:15:34","guid":{"rendered":"https:\/\/megavision-electronics.com\/?post_type=product&#038;p=12609"},"modified":"2025-09-23T07:47:48","modified_gmt":"2025-09-23T07:47:48","slug":"bldc-motor-hand-held-hair-dryer","status":"publish","type":"product","link":"https:\/\/megavision-electronics.com\/fr\/produit\/bldc-motor-hand-held-hair-dryer\/","title":{"rendered":"S\u00e8che-cheveux \u00e0 main avec moteur BLDC"},"content":{"rendered":"<h2><a href=\"https:\/\/megavision-electronics.com\/fr\/produit\/bldc-motor-hand-held-hair-dryer\/\">S\u00e8che-cheveux \u00e0 main<\/a> Description du produit<\/h2>\n<p>S\u00e9choir \u00e0 cheveux \u00e0 moteur BLDC<br \/>\n*220-240V~50-60Hz 1600W<br \/>\n* Forte puissance de 110 000 tours\/minute sans balais<br \/>\n*Ecran LCD Puissance \u00e9lev\u00e9e \u00e0 haute vitesse<br \/>\n* 3 modes de chauffage Mode froid\/Mode IA\/Mode animaux\/Mode propre\/Mode normal<br \/>\n* 3 vitesses<br \/>\n*Avec 3 filtres interchangeables<\/p>\n<h3 data-start=\"292\" data-end=\"324\">Technologie ionique efficace<\/h3>\n<p data-start=\"325\" data-end=\"712\">Le s\u00e8che-cheveux manuel \u00e0 ions n\u00e9gatifs utilise une technologie ionique avanc\u00e9e pour lib\u00e9rer des ions n\u00e9gatifs qui aident \u00e0 fixer l'humidit\u00e9, \u00e0 lisser les frisottis et \u00e0 r\u00e9duire l'\u00e9lectricit\u00e9 statique. Cela permet un s\u00e9chage plus rapide tout en pr\u00e9servant la brillance et la douceur naturelles de vos cheveux. Con\u00e7u avec un flux d'air de pr\u00e9cision, il offre une chaleur \u00e9quilibr\u00e9e qui minimise les dommages, ce qui le rend id\u00e9al pour le coiffage quotidien et l'utilisation professionnelle.<\/p>\n<h3 data-start=\"714\" data-end=\"747\">Portable et ergonomique<\/h3>\n<p data-start=\"748\" data-end=\"1154\">Le pr\u00e9sent <strong data-start=\"753\" data-end=\"832\"><a class=\"decorated-link\" href=\"https:\/\/megavision-electronics.com\/fr\/category\/hair-dryer\/?utm_source=chatgpt.com\" rel=\"noopener\" data-start=\"755\" data-end=\"830\">s\u00e8che-cheveux bio-ionique<\/a><\/strong> est con\u00e7u pour le confort et la portabilit\u00e9. L\u00e9ger, il tient naturellement dans la main, ce qui r\u00e9duit la fatigue lors des s\u00e9ances de coiffage prolong\u00e9es. Les multiples r\u00e9glages de vitesse et de chaleur vous permettent de personnaliser votre exp\u00e9rience de s\u00e9chage, tandis que l'embout concentrateur assure un coiffage pr\u00e9cis pour diff\u00e9rents types de cheveux et de looks.<\/p>\n<h3 data-start=\"1156\" data-end=\"1199\">Des performances fiables et des options personnalis\u00e9es<\/h3>\n<p data-start=\"1200\" data-end=\"1597\">Con\u00e7u avec des composants de haute qualit\u00e9, le s\u00e8che-cheveux est con\u00e7u pour durer et offrir des performances durables. Son puissant moteur assure un d\u00e9bit d'air constant, adapt\u00e9 aux salons de coiffure et aux environnements domestiques. Pour les entreprises qui recherchent des conceptions sur mesure, Mega Vision Company Limited propose \u00e9galement des solutions flexibles gr\u00e2ce \u00e0 sa gamme de produits <a href=\"https:\/\/megavision-electronics.com\/fr\/products\/\"><strong data-start=\"1518\" data-end=\"1544\">appareils m\u00e9nagers sur mesure<\/strong><\/a> pour que votre ligne de produits se d\u00e9marque.<\/p>\n<h2 data-start=\"1604\" data-end=\"1627\">Pr\u00e9sentation de la marque<\/h2>\n<p data-start=\"1628\" data-end=\"1932\">Mega Vision Company Limited est une entreprise mondiale de confiance. <strong data-start=\"1676\" data-end=\"1742\"><a class=\"decorated-link\" href=\"https:\/\/megavision-electronics.com\/fr\/\" target=\"_new\" rel=\"noopener\" data-start=\"1678\" data-end=\"1740\">fournisseur d'appareils \u00e9lectrom\u00e9nagers<\/a><\/strong>L'entreprise a pour objectif de fournir des appareils innovants, s\u00fbrs et \u00e9l\u00e9gants dans le monde entier. Experte en mati\u00e8re de soins capillaires et d'\u00e9lectronique domestique, l'entreprise continue d'associer technologie et qualit\u00e9 dans chacun de ses produits.<\/p>","protected":false},"excerpt":{"rendered":"<p>Ce s\u00e8che-cheveux \u00e0 moteur offre un d\u00e9bit d'air puissant et un s\u00e9chage rapide gr\u00e2ce \u00e0 un moteur \u00e0 grande vitesse et \u00e0 une technologie avanc\u00e9e de protection contre la chaleur. En savoir plus <a href=\"https:\/\/megavision-electronics.com\/fr\/category\/hair-dryer\/\">s\u00e8che-cheveux professionnel<\/a>.<\/p>","protected":false},"featured_media":12622,"template":"","meta":{"_et_pb_use_builder":"","_et_pb_old_content":"","_et_gb_content_width":""},"product_cat":[214],"product_tag":[234],"yoast_head":"<!-- This site is optimized with the Yoast SEO plugin v22.7 - https:\/\/yoast.com\/wordpress\/plugins\/seo\/ -->\n<title>Best Hand Held Negative Ion Hair Dryer \u2013 Lightweight Professional Ionic Styling Tool | Mega Vision<\/title>\n<meta name=\"description\" content=\"Discover the Hand Held Negative Ion Hair Dryer from Mega Vision. Lightweight, portable, and powerful, it reduces frizz with ionic technology. Custom options available.\" \/>\n<meta name=\"robots\" content=\"index, follow, max-snippet:-1, max-image-preview:large, max-video-preview:-1\" \/>\n<link rel=\"canonical\" href=\"https:\/\/megavision-electronics.com\/fr\/produit\/bldc-motor-hand-held-hair-dryer\/\" \/>\n<meta property=\"og:locale\" content=\"fr_FR\" \/>\n<meta property=\"og:type\" content=\"article\" \/>\n<meta property=\"og:title\" content=\"Best Hand Held Negative Ion Hair Dryer \u2013 Lightweight Professional Ionic Styling Tool | Mega Vision\" \/>\n<meta property=\"og:description\" content=\"Discover the Hand Held Negative Ion Hair Dryer from Mega Vision. Lightweight, portable, and powerful, it reduces frizz with ionic technology. Custom options available.\" \/>\n<meta property=\"og:url\" content=\"https:\/\/megavision-electronics.com\/fr\/produit\/bldc-motor-hand-held-hair-dryer\/\" \/>\n<meta property=\"og:site_name\" content=\"Mega Home Appliances\" \/>\n<meta property=\"article:modified_time\" content=\"2025-09-23T07:47:48+00:00\" \/>\n<meta property=\"og:image\" content=\"https:\/\/megavision-electronics.com\/wp-content\/uploads\/2025\/07\/Hair-Dryer1.webp\" \/>\n\t<meta property=\"og:image:width\" content=\"768\" \/>\n\t<meta property=\"og:image:height\" content=\"768\" \/>\n\t<meta property=\"og:image:type\" content=\"image\/webp\" \/>\n<meta name=\"twitter:card\" content=\"summary_large_image\" \/>\n<meta name=\"twitter:label1\" content=\"Dur\u00e9e de lecture estim\u00e9e\" \/>\n\t<meta name=\"twitter:data1\" content=\"2 minutes\" \/>\n<script type=\"application\/ld+json\" class=\"yoast-schema-graph\">{\"@context\":\"https:\/\/schema.org\",\"@graph\":[{\"@type\":\"WebPage\",\"@id\":\"https:\/\/megavision-electronics.com\/product\/bldc-motor-hand-held-hair-dryer\/\",\"url\":\"https:\/\/megavision-electronics.com\/product\/bldc-motor-hand-held-hair-dryer\/\",\"name\":\"Best Hand Held Negative Ion Hair Dryer \u2013 Lightweight Professional Ionic Styling Tool | Mega Vision\",\"isPartOf\":{\"@id\":\"https:\/\/megavision-electronics.com\/#website\"},\"primaryImageOfPage\":{\"@id\":\"https:\/\/megavision-electronics.com\/product\/bldc-motor-hand-held-hair-dryer\/#primaryimage\"},\"image\":{\"@id\":\"https:\/\/megavision-electronics.com\/product\/bldc-motor-hand-held-hair-dryer\/#primaryimage\"},\"thumbnailUrl\":\"https:\/\/megavision-electronics.com\/wp-content\/uploads\/2025\/07\/Hair-Dryer1.webp\",\"datePublished\":\"2025-07-10T06:15:34+00:00\",\"dateModified\":\"2025-09-23T07:47:48+00:00\",\"description\":\"Discover the Hand Held Negative Ion Hair Dryer from Mega Vision. Lightweight, portable, and powerful, it reduces frizz with ionic technology. Custom options available.\",\"breadcrumb\":{\"@id\":\"https:\/\/megavision-electronics.com\/product\/bldc-motor-hand-held-hair-dryer\/#breadcrumb\"},\"inLanguage\":\"fr-FR\",\"potentialAction\":[{\"@type\":\"ReadAction\",\"target\":[\"https:\/\/megavision-electronics.com\/product\/bldc-motor-hand-held-hair-dryer\/\"]}]},{\"@type\":\"ImageObject\",\"inLanguage\":\"fr-FR\",\"@id\":\"https:\/\/megavision-electronics.com\/product\/bldc-motor-hand-held-hair-dryer\/#primaryimage\",\"url\":\"https:\/\/megavision-electronics.com\/wp-content\/uploads\/2025\/07\/Hair-Dryer1.webp\",\"contentUrl\":\"https:\/\/megavision-electronics.com\/wp-content\/uploads\/2025\/07\/Hair-Dryer1.webp\",\"width\":768,\"height\":768,\"caption\":\"Hair Dryer\"},{\"@type\":\"BreadcrumbList\",\"@id\":\"https:\/\/megavision-electronics.com\/product\/bldc-motor-hand-held-hair-dryer\/#breadcrumb\",\"itemListElement\":[{\"@type\":\"ListItem\",\"position\":1,\"name\":\"Home\",\"item\":\"https:\/\/megavision-electronics.com\/\"},{\"@type\":\"ListItem\",\"position\":2,\"name\":\"Products\",\"item\":\"https:\/\/megavision-electronics.com\/shop\/\"},{\"@type\":\"ListItem\",\"position\":3,\"name\":\"BLDC Motor Hand Held Hair Dryer\"}]},{\"@type\":\"WebSite\",\"@id\":\"https:\/\/megavision-electronics.com\/#website\",\"url\":\"https:\/\/megavision-electronics.com\/\",\"name\":\"Mega Home Appliances\",\"description\":\"Mega Home Appliances\",\"publisher\":{\"@id\":\"https:\/\/megavision-electronics.com\/#organization\"},\"potentialAction\":[{\"@type\":\"SearchAction\",\"target\":{\"@type\":\"EntryPoint\",\"urlTemplate\":\"https:\/\/megavision-electronics.com\/?s={search_term_string}\"},\"query-input\":\"required name=search_term_string\"}],\"inLanguage\":\"fr-FR\"},{\"@type\":\"Organization\",\"@id\":\"https:\/\/megavision-electronics.com\/#organization\",\"name\":\"Mega Vision Company Limited\",\"url\":\"https:\/\/megavision-electronics.com\/\",\"logo\":{\"@type\":\"ImageObject\",\"inLanguage\":\"fr-FR\",\"@id\":\"https:\/\/megavision-electronics.com\/#\/schema\/logo\/image\/\",\"url\":\"https:\/\/megavision-electronics.com\/wp-content\/uploads\/2025\/06\/cropped-logo.webp\",\"contentUrl\":\"https:\/\/megavision-electronics.com\/wp-content\/uploads\/2025\/06\/cropped-logo.webp\",\"width\":512,\"height\":512,\"caption\":\"Mega Vision Company Limited\"},\"image\":{\"@id\":\"https:\/\/megavision-electronics.com\/#\/schema\/logo\/image\/\"}}]}<\/script>\n<!-- \/ Yoast SEO plugin. -->","yoast_head_json":{"title":"Best Hand Held Negative Ion Hair Dryer \u2013 Lightweight Professional Ionic Styling Tool | Mega Vision","description":"Discover the Hand Held Negative Ion Hair Dryer from Mega Vision. Lightweight, portable, and powerful, it reduces frizz with ionic technology. Custom options available.","robots":{"index":"index","follow":"follow","max-snippet":"max-snippet:-1","max-image-preview":"max-image-preview:large","max-video-preview":"max-video-preview:-1"},"canonical":"https:\/\/megavision-electronics.com\/fr\/produit\/bldc-motor-hand-held-hair-dryer\/","og_locale":"fr_FR","og_type":"article","og_title":"Best Hand Held Negative Ion Hair Dryer \u2013 Lightweight Professional Ionic Styling Tool | Mega Vision","og_description":"Discover the Hand Held Negative Ion Hair Dryer from Mega Vision. Lightweight, portable, and powerful, it reduces frizz with ionic technology. Custom options available.","og_url":"https:\/\/megavision-electronics.com\/fr\/produit\/bldc-motor-hand-held-hair-dryer\/","og_site_name":"Mega Home Appliances","article_modified_time":"2025-09-23T07:47:48+00:00","og_image":[{"width":768,"height":768,"url":"https:\/\/megavision-electronics.com\/wp-content\/uploads\/2025\/07\/Hair-Dryer1.webp","type":"image\/webp"}],"twitter_card":"summary_large_image","twitter_misc":{"Dur\u00e9e de lecture estim\u00e9e":"2 minutes"},"schema":{"@context":"https:\/\/schema.org","@graph":[{"@type":"WebPage","@id":"https:\/\/megavision-electronics.com\/product\/bldc-motor-hand-held-hair-dryer\/","url":"https:\/\/megavision-electronics.com\/product\/bldc-motor-hand-held-hair-dryer\/","name":"Best Hand Held Negative Ion Hair Dryer \u2013 Lightweight Professional Ionic Styling Tool | Mega Vision","isPartOf":{"@id":"https:\/\/megavision-electronics.com\/#website"},"primaryImageOfPage":{"@id":"https:\/\/megavision-electronics.com\/product\/bldc-motor-hand-held-hair-dryer\/#primaryimage"},"image":{"@id":"https:\/\/megavision-electronics.com\/product\/bldc-motor-hand-held-hair-dryer\/#primaryimage"},"thumbnailUrl":"https:\/\/megavision-electronics.com\/wp-content\/uploads\/2025\/07\/Hair-Dryer1.webp","datePublished":"2025-07-10T06:15:34+00:00","dateModified":"2025-09-23T07:47:48+00:00","description":"Discover the Hand Held Negative Ion Hair Dryer from Mega Vision. Lightweight, portable, and powerful, it reduces frizz with ionic technology. Custom options available.","breadcrumb":{"@id":"https:\/\/megavision-electronics.com\/product\/bldc-motor-hand-held-hair-dryer\/#breadcrumb"},"inLanguage":"fr-FR","potentialAction":[{"@type":"ReadAction","target":["https:\/\/megavision-electronics.com\/product\/bldc-motor-hand-held-hair-dryer\/"]}]},{"@type":"ImageObject","inLanguage":"fr-FR","@id":"https:\/\/megavision-electronics.com\/product\/bldc-motor-hand-held-hair-dryer\/#primaryimage","url":"https:\/\/megavision-electronics.com\/wp-content\/uploads\/2025\/07\/Hair-Dryer1.webp","contentUrl":"https:\/\/megavision-electronics.com\/wp-content\/uploads\/2025\/07\/Hair-Dryer1.webp","width":768,"height":768,"caption":"Hair Dryer"},{"@type":"BreadcrumbList","@id":"https:\/\/megavision-electronics.com\/product\/bldc-motor-hand-held-hair-dryer\/#breadcrumb","itemListElement":[{"@type":"ListItem","position":1,"name":"Home","item":"https:\/\/megavision-electronics.com\/"},{"@type":"ListItem","position":2,"name":"Products","item":"https:\/\/megavision-electronics.com\/shop\/"},{"@type":"ListItem","position":3,"name":"BLDC Motor Hand Held Hair Dryer"}]},{"@type":"WebSite","@id":"https:\/\/megavision-electronics.com\/#website","url":"https:\/\/megavision-electronics.com\/","name":"Mega Home Appliances","description":"Mega Home Appliances","publisher":{"@id":"https:\/\/megavision-electronics.com\/#organization"},"potentialAction":[{"@type":"SearchAction","target":{"@type":"EntryPoint","urlTemplate":"https:\/\/megavision-electronics.com\/?s={search_term_string}"},"query-input":"required name=search_term_string"}],"inLanguage":"fr-FR"},{"@type":"Organization","@id":"https:\/\/megavision-electronics.com\/#organization","name":"Mega Vision Company Limited","url":"https:\/\/megavision-electronics.com\/","logo":{"@type":"ImageObject","inLanguage":"fr-FR","@id":"https:\/\/megavision-electronics.com\/#\/schema\/logo\/image\/","url":"https:\/\/megavision-electronics.com\/wp-content\/uploads\/2025\/06\/cropped-logo.webp","contentUrl":"https:\/\/megavision-electronics.com\/wp-content\/uploads\/2025\/06\/cropped-logo.webp","width":512,"height":512,"caption":"Mega Vision Company Limited"},"image":{"@id":"https:\/\/megavision-electronics.com\/#\/schema\/logo\/image\/"}}]}},"_links":{"self":[{"href":"https:\/\/megavision-electronics.com\/fr\/wp-json\/wp\/v2\/product\/12609"}],"collection":[{"href":"https:\/\/megavision-electronics.com\/fr\/wp-json\/wp\/v2\/product"}],"about":[{"href":"https:\/\/megavision-electronics.com\/fr\/wp-json\/wp\/v2\/types\/product"}],"wp:featuredmedia":[{"embeddable":true,"href":"https:\/\/megavision-electronics.com\/fr\/wp-json\/wp\/v2\/media\/12622"}],"wp:attachment":[{"href":"https:\/\/megavision-electronics.com\/fr\/wp-json\/wp\/v2\/media?parent=12609"}],"wp:term":[{"taxonomy":"product_cat","embeddable":true,"href":"https:\/\/megavision-electronics.com\/fr\/wp-json\/wp\/v2\/product_cat?post=12609"},{"taxonomy":"product_tag","embeddable":true,"href":"https:\/\/megavision-electronics.com\/fr\/wp-json\/wp\/v2\/product_tag?post=12609"}],"curies":[{"name":"wp","href":"https:\/\/api.w.org\/{rel}","templated":true}]}}