{"id":12668,"date":"2025-07-17T03:30:21","date_gmt":"2025-07-17T03:30:21","guid":{"rendered":"https:\/\/megavision-electronics.com\/?post_type=product&#038;p=12668"},"modified":"2025-07-17T03:30:22","modified_gmt":"2025-07-17T03:30:22","slug":"mv9011t-air-fryer","status":"publish","type":"product","link":"https:\/\/megavision-electronics.com\/fr\/produit\/mv9011t-air-fryer\/","title":{"rendered":"Friteuse \u00e0 air MV9011T"},"content":{"rendered":"<h2>Sp\u00e9cifications de la friteuse \u00e0 air MV9011T<\/h2>\n<ul>\n<li>Contr\u00f4le num\u00e9rique<\/li>\n<li>Affichage LED couleur<\/li>\n<li>Puissance : 1700W<\/li>\n<li>Capacit\u00e9 : 8 L<\/li>\n<li>Rev\u00eatement antiadh\u00e9sif<\/li>\n<li>Fen\u00eatre de visualisation<\/li>\n<li>Lumi\u00e8re int\u00e9rieure<\/li>\n<li>Minuterie : jusqu'\u00e0 60 minutes<\/li>\n<li>Temp\u00e9rature r\u00e9glable : 80\u2103-200\u2103<\/li>\n<li>S\u00e9lection du mode de cuisson manuel<\/li>\n<li>7 programmes de cuisson pr\u00e9d\u00e9finis :<\/li>\n<li>Frites, c\u00f4tes, crevettes, cuisses de poulet, steak, g\u00e2teau, poisson<\/li>\n<li>&#8220;Fry Force 360\u00b0&#8221; Technology Cooks Food<\/li>\n<li>Rapidement et uniform\u00e9ment avec peu d'huile<\/li>\n<\/ul>","protected":false},"excerpt":{"rendered":"<p>MV9011T <strong>Friteuse \u00e0 air<\/strong>: 1700W, capacit\u00e9 de 8L. Comprend un contr\u00f4le num\u00e9rique, un \u00e9cran LED couleur, un rev\u00eatement antiadh\u00e9sif, une fen\u00eatre de visualisation avec lumi\u00e8re int\u00e9rieure. Minuterie de 60 minutes, temp\u00e9rature de 80-200\u2103. 7 pr\u00e9r\u00e9glages + mode manuel. Fry Force 360\u00b0 pour une cuisson rapide et homog\u00e8ne avec peu d'huile.<\/p>\n<p>En savoir plus <a href=\"https:\/\/megavision-electronics.com\/fr\/category\/air-fryer\/\"><strong>Friteuse \u00e0 air<\/strong><\/a> Catalogue !<\/p>","protected":false},"featured_media":12670,"template":"","meta":{"_et_pb_use_builder":"","_et_pb_old_content":"","_et_gb_content_width":""},"product_cat":[242],"product_tag":[],"yoast_head":"<!-- This site is optimized with the Yoast SEO plugin v22.7 - https:\/\/yoast.com\/wordpress\/plugins\/seo\/ -->\n<title>High-Quality MV9011T Air Fryer | Durable &amp; Reliable Home Appliance Supplier<\/title>\n<meta name=\"description\" content=\"Explore Mega\u2019s wide range of durable, energy-efficient MV9011T Air Fryer designed for modern living. Wholesale and OEM services available. Trusted supplier worldwide\" \/>\n<meta name=\"robots\" content=\"index, follow, max-snippet:-1, max-image-preview:large, max-video-preview:-1\" \/>\n<link rel=\"canonical\" href=\"https:\/\/megavision-electronics.com\/fr\/produit\/mv9011t-air-fryer\/\" \/>\n<meta property=\"og:locale\" content=\"fr_FR\" \/>\n<meta property=\"og:type\" content=\"article\" \/>\n<meta property=\"og:title\" content=\"High-Quality MV9011T Air Fryer | Durable &amp; Reliable Home Appliance Supplier\" \/>\n<meta property=\"og:description\" content=\"Explore Mega\u2019s wide range of durable, energy-efficient MV9011T Air Fryer designed for modern living. Wholesale and OEM services available. Trusted supplier worldwide\" \/>\n<meta property=\"og:url\" content=\"https:\/\/megavision-electronics.com\/fr\/produit\/mv9011t-air-fryer\/\" \/>\n<meta property=\"og:site_name\" content=\"Mega Home Appliances\" \/>\n<meta property=\"article:modified_time\" content=\"2025-07-17T03:30:22+00:00\" \/>\n<meta property=\"og:image\" content=\"https:\/\/megavision-electronics.com\/wp-content\/uploads\/2025\/07\/MV9011T-Air-Fryer.webp\" \/>\n\t<meta property=\"og:image:width\" content=\"1100\" \/>\n\t<meta property=\"og:image:height\" content=\"1100\" \/>\n\t<meta property=\"og:image:type\" content=\"image\/webp\" \/>\n<meta name=\"twitter:card\" content=\"summary_large_image\" \/>\n<meta name=\"twitter:label1\" content=\"Dur\u00e9e de lecture estim\u00e9e\" \/>\n\t<meta name=\"twitter:data1\" content=\"1 minute\" \/>\n<script type=\"application\/ld+json\" class=\"yoast-schema-graph\">{\"@context\":\"https:\/\/schema.org\",\"@graph\":[{\"@type\":\"WebPage\",\"@id\":\"https:\/\/megavision-electronics.com\/product\/mv9011t-air-fryer\/\",\"url\":\"https:\/\/megavision-electronics.com\/product\/mv9011t-air-fryer\/\",\"name\":\"High-Quality MV9011T Air Fryer | Durable & Reliable Home Appliance Supplier\",\"isPartOf\":{\"@id\":\"https:\/\/megavision-electronics.com\/#website\"},\"primaryImageOfPage\":{\"@id\":\"https:\/\/megavision-electronics.com\/product\/mv9011t-air-fryer\/#primaryimage\"},\"image\":{\"@id\":\"https:\/\/megavision-electronics.com\/product\/mv9011t-air-fryer\/#primaryimage\"},\"thumbnailUrl\":\"https:\/\/megavision-electronics.com\/wp-content\/uploads\/2025\/07\/MV9011T-Air-Fryer.webp\",\"datePublished\":\"2025-07-17T03:30:21+00:00\",\"dateModified\":\"2025-07-17T03:30:22+00:00\",\"description\":\"Explore Mega\u2019s wide range of durable, energy-efficient MV9011T Air Fryer designed for modern living. Wholesale and OEM services available. Trusted supplier worldwide\",\"breadcrumb\":{\"@id\":\"https:\/\/megavision-electronics.com\/product\/mv9011t-air-fryer\/#breadcrumb\"},\"inLanguage\":\"fr-FR\",\"potentialAction\":[{\"@type\":\"ReadAction\",\"target\":[\"https:\/\/megavision-electronics.com\/product\/mv9011t-air-fryer\/\"]}]},{\"@type\":\"ImageObject\",\"inLanguage\":\"fr-FR\",\"@id\":\"https:\/\/megavision-electronics.com\/product\/mv9011t-air-fryer\/#primaryimage\",\"url\":\"https:\/\/megavision-electronics.com\/wp-content\/uploads\/2025\/07\/MV9011T-Air-Fryer.webp\",\"contentUrl\":\"https:\/\/megavision-electronics.com\/wp-content\/uploads\/2025\/07\/MV9011T-Air-Fryer.webp\",\"width\":1100,\"height\":1100,\"caption\":\"MV9011T Air Fryer\"},{\"@type\":\"BreadcrumbList\",\"@id\":\"https:\/\/megavision-electronics.com\/product\/mv9011t-air-fryer\/#breadcrumb\",\"itemListElement\":[{\"@type\":\"ListItem\",\"position\":1,\"name\":\"Home\",\"item\":\"https:\/\/megavision-electronics.com\/\"},{\"@type\":\"ListItem\",\"position\":2,\"name\":\"Products\",\"item\":\"https:\/\/megavision-electronics.com\/shop\/\"},{\"@type\":\"ListItem\",\"position\":3,\"name\":\"MV9011T Air Fryer\"}]},{\"@type\":\"WebSite\",\"@id\":\"https:\/\/megavision-electronics.com\/#website\",\"url\":\"https:\/\/megavision-electronics.com\/\",\"name\":\"Mega Home Appliances\",\"description\":\"Mega Home Appliances\",\"publisher\":{\"@id\":\"https:\/\/megavision-electronics.com\/#organization\"},\"potentialAction\":[{\"@type\":\"SearchAction\",\"target\":{\"@type\":\"EntryPoint\",\"urlTemplate\":\"https:\/\/megavision-electronics.com\/?s={search_term_string}\"},\"query-input\":\"required name=search_term_string\"}],\"inLanguage\":\"fr-FR\"},{\"@type\":\"Organization\",\"@id\":\"https:\/\/megavision-electronics.com\/#organization\",\"name\":\"Mega Vision Company Limited\",\"url\":\"https:\/\/megavision-electronics.com\/\",\"logo\":{\"@type\":\"ImageObject\",\"inLanguage\":\"fr-FR\",\"@id\":\"https:\/\/megavision-electronics.com\/#\/schema\/logo\/image\/\",\"url\":\"https:\/\/megavision-electronics.com\/wp-content\/uploads\/2025\/06\/cropped-logo.webp\",\"contentUrl\":\"https:\/\/megavision-electronics.com\/wp-content\/uploads\/2025\/06\/cropped-logo.webp\",\"width\":512,\"height\":512,\"caption\":\"Mega Vision Company Limited\"},\"image\":{\"@id\":\"https:\/\/megavision-electronics.com\/#\/schema\/logo\/image\/\"}}]}<\/script>\n<!-- \/ Yoast SEO plugin. -->","yoast_head_json":{"title":"High-Quality MV9011T Air Fryer | Durable & Reliable Home Appliance Supplier","description":"Explore Mega\u2019s wide range of durable, energy-efficient MV9011T Air Fryer designed for modern living. Wholesale and OEM services available. Trusted supplier worldwide","robots":{"index":"index","follow":"follow","max-snippet":"max-snippet:-1","max-image-preview":"max-image-preview:large","max-video-preview":"max-video-preview:-1"},"canonical":"https:\/\/megavision-electronics.com\/fr\/produit\/mv9011t-air-fryer\/","og_locale":"fr_FR","og_type":"article","og_title":"High-Quality MV9011T Air Fryer | Durable & Reliable Home Appliance Supplier","og_description":"Explore Mega\u2019s wide range of durable, energy-efficient MV9011T Air Fryer designed for modern living. Wholesale and OEM services available. Trusted supplier worldwide","og_url":"https:\/\/megavision-electronics.com\/fr\/produit\/mv9011t-air-fryer\/","og_site_name":"Mega Home Appliances","article_modified_time":"2025-07-17T03:30:22+00:00","og_image":[{"width":1100,"height":1100,"url":"https:\/\/megavision-electronics.com\/wp-content\/uploads\/2025\/07\/MV9011T-Air-Fryer.webp","type":"image\/webp"}],"twitter_card":"summary_large_image","twitter_misc":{"Dur\u00e9e de lecture estim\u00e9e":"1 minute"},"schema":{"@context":"https:\/\/schema.org","@graph":[{"@type":"WebPage","@id":"https:\/\/megavision-electronics.com\/product\/mv9011t-air-fryer\/","url":"https:\/\/megavision-electronics.com\/product\/mv9011t-air-fryer\/","name":"High-Quality MV9011T Air Fryer | Durable & Reliable Home Appliance Supplier","isPartOf":{"@id":"https:\/\/megavision-electronics.com\/#website"},"primaryImageOfPage":{"@id":"https:\/\/megavision-electronics.com\/product\/mv9011t-air-fryer\/#primaryimage"},"image":{"@id":"https:\/\/megavision-electronics.com\/product\/mv9011t-air-fryer\/#primaryimage"},"thumbnailUrl":"https:\/\/megavision-electronics.com\/wp-content\/uploads\/2025\/07\/MV9011T-Air-Fryer.webp","datePublished":"2025-07-17T03:30:21+00:00","dateModified":"2025-07-17T03:30:22+00:00","description":"Explore Mega\u2019s wide range of durable, energy-efficient MV9011T Air Fryer designed for modern living. Wholesale and OEM services available. Trusted supplier worldwide","breadcrumb":{"@id":"https:\/\/megavision-electronics.com\/product\/mv9011t-air-fryer\/#breadcrumb"},"inLanguage":"fr-FR","potentialAction":[{"@type":"ReadAction","target":["https:\/\/megavision-electronics.com\/product\/mv9011t-air-fryer\/"]}]},{"@type":"ImageObject","inLanguage":"fr-FR","@id":"https:\/\/megavision-electronics.com\/product\/mv9011t-air-fryer\/#primaryimage","url":"https:\/\/megavision-electronics.com\/wp-content\/uploads\/2025\/07\/MV9011T-Air-Fryer.webp","contentUrl":"https:\/\/megavision-electronics.com\/wp-content\/uploads\/2025\/07\/MV9011T-Air-Fryer.webp","width":1100,"height":1100,"caption":"MV9011T Air Fryer"},{"@type":"BreadcrumbList","@id":"https:\/\/megavision-electronics.com\/product\/mv9011t-air-fryer\/#breadcrumb","itemListElement":[{"@type":"ListItem","position":1,"name":"Home","item":"https:\/\/megavision-electronics.com\/"},{"@type":"ListItem","position":2,"name":"Products","item":"https:\/\/megavision-electronics.com\/shop\/"},{"@type":"ListItem","position":3,"name":"MV9011T Air Fryer"}]},{"@type":"WebSite","@id":"https:\/\/megavision-electronics.com\/#website","url":"https:\/\/megavision-electronics.com\/","name":"Mega Home Appliances","description":"Mega Home Appliances","publisher":{"@id":"https:\/\/megavision-electronics.com\/#organization"},"potentialAction":[{"@type":"SearchAction","target":{"@type":"EntryPoint","urlTemplate":"https:\/\/megavision-electronics.com\/?s={search_term_string}"},"query-input":"required name=search_term_string"}],"inLanguage":"fr-FR"},{"@type":"Organization","@id":"https:\/\/megavision-electronics.com\/#organization","name":"Mega Vision Company Limited","url":"https:\/\/megavision-electronics.com\/","logo":{"@type":"ImageObject","inLanguage":"fr-FR","@id":"https:\/\/megavision-electronics.com\/#\/schema\/logo\/image\/","url":"https:\/\/megavision-electronics.com\/wp-content\/uploads\/2025\/06\/cropped-logo.webp","contentUrl":"https:\/\/megavision-electronics.com\/wp-content\/uploads\/2025\/06\/cropped-logo.webp","width":512,"height":512,"caption":"Mega Vision Company Limited"},"image":{"@id":"https:\/\/megavision-electronics.com\/#\/schema\/logo\/image\/"}}]}},"_links":{"self":[{"href":"https:\/\/megavision-electronics.com\/fr\/wp-json\/wp\/v2\/product\/12668"}],"collection":[{"href":"https:\/\/megavision-electronics.com\/fr\/wp-json\/wp\/v2\/product"}],"about":[{"href":"https:\/\/megavision-electronics.com\/fr\/wp-json\/wp\/v2\/types\/product"}],"wp:featuredmedia":[{"embeddable":true,"href":"https:\/\/megavision-electronics.com\/fr\/wp-json\/wp\/v2\/media\/12670"}],"wp:attachment":[{"href":"https:\/\/megavision-electronics.com\/fr\/wp-json\/wp\/v2\/media?parent=12668"}],"wp:term":[{"taxonomy":"product_cat","embeddable":true,"href":"https:\/\/megavision-electronics.com\/fr\/wp-json\/wp\/v2\/product_cat?post=12668"},{"taxonomy":"product_tag","embeddable":true,"href":"https:\/\/megavision-electronics.com\/fr\/wp-json\/wp\/v2\/product_tag?post=12668"}],"curies":[{"name":"wp","href":"https:\/\/api.w.org\/{rel}","templated":true}]}}