{"id":12120,"date":"2025-05-22T05:57:33","date_gmt":"2025-05-22T05:57:33","guid":{"rendered":"http:\/\/49.51.201.119\/?page_id=12120"},"modified":"2025-10-21T07:52:23","modified_gmt":"2025-10-21T07:52:23","slug":"application","status":"publish","type":"page","link":"https:\/\/megavision-electronics.com\/pt\/application\/","title":{"rendered":"Aplica\u00e7\u00e3o"},"content":{"rendered":"<p>[et_pb_section fb_built=&#8221;1&#8243; _builder_version=&#8221;4.21.0&#8243; _module_preset=&#8221;default&#8221; background_enable_color=&#8221;off&#8221; custom_padding=&#8221;15px||0px||false|false&#8221; border_color_bottom=&#8221;#eeeeee&#8221; global_colors_info=&#8221;{}&#8221;][et_pb_row _builder_version=&#8221;4.21.0&#8243; _module_preset=&#8221;default&#8221; min_height=&#8221;42px&#8221; custom_padding=&#8221;0px||15px||false|false&#8221; border_width_bottom=&#8221;1px&#8221; border_color_bottom=&#8221;#eeeeee&#8221; global_colors_info=&#8221;{}&#8221;][et_pb_column type=&#8221;4_4&#8243; _builder_version=&#8221;4.21.0&#8243; _module_preset=&#8221;default&#8221; global_colors_info=&#8221;{}&#8221;][dipl_breadcrumb breadcrumb_layout=&#8221;layout2&#8243; separator_text=&#8221;\/&#8221; separator_size=&#8221;18px&#8221; separator_color=&#8221;#888888&#8243; _builder_version=&#8221;4.21.0&#8243; _module_preset=&#8221;default&#8221; global_text_settings_text_align=&#8221;left&#8221; global_text_settings_font_size=&#8221;18px&#8221; text_font=&#8221;||||||||&#8221; text_text_color=&#8221;#000000&#8243; link_text_color=&#8221;#000000&#8243; global_text_settings_font_size_tablet=&#8221;18px&#8221; global_text_settings_font_size_phone=&#8221;14px&#8221; global_text_settings_font_size_last_edited=&#8221;on|phone&#8221; global_colors_info=&#8221;{}&#8221;][\/dipl_breadcrumb][\/et_pb_column][\/et_pb_row][et_pb_row custom_padding_last_edited=&#8221;on|phone&#8221; module_id=&#8221;wu&#8221; _builder_version=&#8221;4.21.0&#8243; _module_preset=&#8221;default&#8221; custom_padding=&#8221;||||false|false&#8221; custom_padding_tablet=&#8221;||||false|false&#8221; custom_padding_phone=&#8221;||0px||false|false&#8221; global_colors_info=&#8221;{}&#8221;][et_pb_column type=&#8221;4_4&#8243; _builder_version=&#8221;4.21.0&#8243; _module_preset=&#8221;default&#8221; global_colors_info=&#8221;{}&#8221;][et_pb_text _builder_version=&#8221;4.21.0&#8243; _module_preset=&#8221;default&#8221; header_font=&#8221;|700|||||||&#8221; header_text_align=&#8221;center&#8221; header_text_color=&#8221;#000000&#8243; header_font_size=&#8221;32px&#8221; custom_margin=&#8221;||15px||false|false&#8221; custom_padding=&#8221;||||false|false&#8221; custom_padding_tablet=&#8221;0px||||false|false&#8221; custom_padding_phone=&#8221;0px||||false|false&#8221; custom_padding_last_edited=&#8221;on|tablet&#8221; header_font_size_tablet=&#8221;40px&#8221; header_font_size_phone=&#8221;18px&#8221; header_font_size_last_edited=&#8221;on|phone&#8221; global_colors_info=&#8221;{}&#8221;]<\/p>\n<h1 style=\"text-align: center;\">Os nossos projectos - Electrodom\u00e9sticos de qualidade para mercados globais<\/h1>\n<p>[\/et_pb_text][et_pb_text _builder_version=&#8221;4.21.0&#8243; _module_preset=&#8221;default&#8221; global_colors_info=&#8221;{}&#8221;]<\/p>\n<p>Explore os nossos projectos mais recentes que apresentam uma vasta gama de <span><a href=\"https:\/\/megavision-electronics.com\/pt\/\"><u>electrodom\u00e9sticos \u00e0 venda<\/u><\/a><\/span>, incluindo inovadoras <span><a href=\"https:\/\/megavision-electronics.com\/pt\/products\/\"><u>electrodom\u00e9sticos e aparelhos de cozinha<\/u><\/a><\/span>\u00a0adaptados aos mercados mundiais. Como empresa fi\u00e1vel <span><a href=\"https:\/\/megavision-electronics.com\/pt\/about-us\/\"><u>fabricante de electrodom\u00e9sticos<\/u><\/a><\/span>A Mega oferece qualidade, personaliza\u00e7\u00e3o e desempenho em todas as solu\u00e7\u00f5es que fornece.<\/p>\n<p>[\/et_pb_text][\/et_pb_column][\/et_pb_row][et_pb_row _builder_version=&#8221;4.21.0&#8243; _module_preset=&#8221;default&#8221; custom_margin=&#8221;0px||||false|false&#8221; custom_padding=&#8221;0px||||false|false&#8221; global_colors_info=&#8221;{}&#8221;][et_pb_column type=&#8221;4_4&#8243; _builder_version=&#8221;4.21.0&#8243; _module_preset=&#8221;default&#8221; global_colors_info=&#8221;{}&#8221;][dipl_image_card_carousel slider_loop=&#8221;on&#8221; show_arrow=&#8221;on&#8221; show_arrow_on_hover=&#8221;on&#8221; arrows_position=&#8221;outside&#8221; show_control_dot=&#8221;on&#8221; control_dot_style=&#8221;line&#8221; arrow_font_size=&#8221;26px&#8221; arrow_color=&#8221;#000000&#8243; cards_per_slide_tablet=&#8221;2&#8243; cards_per_slide_phone=&#8221;1&#8243; module_id=&#8221;projectSlider&#8221; _builder_version=&#8221;4.21.0&#8243; _module_preset=&#8221;default&#8221; title_level=&#8221;h2&#8243; title_font_size_tablet=&#8221;18px&#8221; title_font_size_phone=&#8221;16px&#8221; title_font_size_last_edited=&#8221;on|phone&#8221; global_colors_info=&#8221;{}&#8221;][dipl_image_card_carousel_item title=&#8221;Hair Dryer&#8221; image=&#8221;https:\/\/megavision-electronics.com\/wp-content\/uploads\/2025\/06\/application1.webp&#8221; image_alt=&#8221;Hair Dryer&#8221; _builder_version=&#8221;4.21.0&#8243; _module_preset=&#8221;default&#8221; title_level=&#8221;h2&#8243; title_text_align=&#8221;center&#8221; title_font_size=&#8221;18px&#8221; title_line_height=&#8221;1.3em&#8221; title_font_size_tablet=&#8221;16px&#8221; title_font_size_phone=&#8221;14px&#8221; title_font_size_last_edited=&#8221;on|phone&#8221; global_colors_info=&#8221;{}&#8221;][\/dipl_image_card_carousel_item][dipl_image_card_carousel_item title=&#8221;Cooker&#8221; image=&#8221;https:\/\/megavision-electronics.com\/wp-content\/uploads\/2025\/06\/application2.webp&#8221; image_alt=&#8221;Egg Beater&#8221; _builder_version=&#8221;4.21.0&#8243; _module_preset=&#8221;default&#8221; title_level=&#8221;h2&#8243; title_text_align=&#8221;center&#8221; title_font_size=&#8221;18px&#8221; title_line_height=&#8221;1.3em&#8221; title_font_size_tablet=&#8221;16px&#8221; title_font_size_phone=&#8221;14px&#8221; title_font_size_last_edited=&#8221;on|phone&#8221; global_colors_info=&#8221;{}&#8221;][\/dipl_image_card_carousel_item][dipl_image_card_carousel_item title=&#8221;Steam Iron&#8221; image=&#8221;https:\/\/megavision-electronics.com\/wp-content\/uploads\/2025\/06\/application3.webp&#8221; image_alt=&#8221;Steam Iron&#8221; _builder_version=&#8221;4.21.0&#8243; _module_preset=&#8221;default&#8221; title_level=&#8221;h2&#8243; title_text_align=&#8221;center&#8221; title_font_size=&#8221;18px&#8221; title_line_height=&#8221;1.3em&#8221; title_font_size_tablet=&#8221;16px&#8221; title_font_size_phone=&#8221;14px&#8221; title_font_size_last_edited=&#8221;on|phone&#8221; global_colors_info=&#8221;{}&#8221;][\/dipl_image_card_carousel_item][\/dipl_image_card_carousel][et_pb_code _builder_version=&#8221;4.21.0&#8243; _module_preset=&#8221;default&#8221; global_colors_info=&#8221;{}&#8221;]    <div class=\"header_inquiry\" style=\"display: flex; align-items: center; justify-content: center; height: 64vh; background-color: #f1f4f6; width: 100%;\">\n        <div id=\"header_inquiry-form\" style=\"border:1px solid #bfbfbf; padding: 2em; padding-top:2.625em;width: 84%; background-color: #fff;\">\n\n            <div style=\"background-color: #013e5a; color: #fff; padding: 1em; border-radius: 5px; margin-bottom: 2em; text-align: center;\">\n                <h2 style=\"margin: 0; color: #fff;\">Deixe a sua mensagem<\/h2>\n            <\/div>\n\n            <form id=\"header_inquiry-form-content\" action=\"#\" method=\"post\" style=\"color: #666;\" data-trp-original-action=\"#\">\n\n                <input type=\"text\" name=\"title\" id=\"name\" placeholder=\"*Nome...\" required style=\"width: 100%; padding: 1em; margin-bottom: 1em; box-sizing: border-box;\">\n                <input type=\"email\" name=\"email\" id=\"email\" placeholder=\"*E-mail (Responderemos por e-mail em 24 horas)\" required style=\"width: 100%; padding: 1em; margin-bottom: 1em; box-sizing: border-box;\">\n                <input type=\"text\" name=\"telephone\" id=\"phone\" placeholder=\"*Telefone\/WhatsApp\/WeChat (muito importante)\" required style=\"width: 100%; padding: 1em; margin-bottom: 1em; box-sizing: border-box;\">\n                <textarea name=\"message\" id=\"details\" rows=\"4\" placeholder=\"*Introduza os detalhes do cabe\u00e7alho, como o tamanho, a cor, os materiais, etc., e outros requisitos espec\u00edficos para receber um or\u00e7amento exato.\" style=\"width: 100%; padding: 1em; margin-bottom: 1em; box-sizing: border-box;\"><\/textarea>\n\n                <button type=\"submit\" style=\"background-color: #f28808; color: #fff; padding: 1em 1.5em; border: none; border-radius: 3px; cursor: pointer; width: 100%;\">Enviar<\/button>\n\n            <input type=\"hidden\" name=\"trp-form-language\" value=\"pt\"\/><\/form>\n\n        <\/div>\n    <\/div>\n    [\/et_pb_code][\/et_pb_column][\/et_pb_row][\/et_pb_section]<\/p>","protected":false},"excerpt":{"rendered":"<p><div class=\"et_pb_module dipl_breadcrumb dipl_breadcrumb_0\">\n\t\t\t\t\n\t\t\t\t\n\t\t\t\t\n\t\t\t\t\n\t\t\t\t\n\t\t\t\t\n\t\t\t\t<div class=\"et_pb_module_inner\">\n\t\t\t\t\t<div class=\"dipl-breadcrumb-wrapper layout2\">\n\t\t\t\t\t\t\t\t<ol class=\"dipl-breadcrumb-inner\" vocab=\"https:\/\/schema.org\/\" typeof=\"BreadcrumbList\">\n\t\t\t\t\t\t\t\t\t<li property=\"itemListElement\" typeof=\"ListItem\" data-icon=\"&#x24;\">\n\t\t\t\t\t\t\t\t\t\t\t\t\t    <a class=\"breadcrumb-item dipl-home-page\" href=\"https:\/\/megavision-electronics.com\/pt\" property=\"item\" typeof=\"WebPage\" >\n\t\t\t\t\t\t\t\t\t\t\t\t\t      \t<span class=\"breadcrumb-page\" property=\"name\">In\u00edcio<\/span>\n\t\t\t\t\t\t\t\t\t\t\t\t\t    <\/a>\n\t\t\t\t\t\t\t\t\t\t\t\t\t    <meta property=\"position\" content=\"1\" \/>\n\t\t\t\t\t\t\t\t\t\t\t\t\t<\/li>\n\t\t\t\t\t\t\t\t<\/ol>\n\t\t\t\t\t\t\t<\/div>\n\t\t\t\t<\/div>\n\t\t\t<\/div>Our Projects \u2013 Quality Home Appliances for Global MarketsExplore our latest projects showcasing a wide range of home appliances on sale, including innovative home and kitchen appliances\u00a0tailored for global markets. As a reliable home appliances manufacturer, Mega delivers quality, customization, [&hellip;]<\/p>","protected":false},"author":1,"featured_media":0,"parent":0,"menu_order":0,"comment_status":"closed","ping_status":"closed","template":"","meta":{"_et_pb_use_builder":"on","_et_pb_old_content":"<!-- wp:divi\/placeholder \/-->","_et_gb_content_width":"","footnotes":""},"yoast_head":"<!-- This site is optimized with the Yoast SEO plugin v22.7 - https:\/\/yoast.com\/wordpress\/plugins\/seo\/ -->\n<title>Application - Mega | Trusted Home Appliance Supplier &amp; Manufacturer<\/title>\n<meta name=\"description\" content=\"Discover Mega\u2019s story as a leading home appliance supplier and manufacturer offering innovative, reliable, and affordable Hot Air Brush, Garment Steamer, Hand Mixer, and Air Tag Finder. Committed to quality and customer satisfaction.\" \/>\n<meta name=\"robots\" content=\"index, follow, max-snippet:-1, max-image-preview:large, max-video-preview:-1\" \/>\n<link rel=\"canonical\" href=\"https:\/\/megavision-electronics.com\/pt\/application\/\" \/>\n<meta property=\"og:locale\" content=\"pt_PT\" \/>\n<meta property=\"og:type\" content=\"article\" \/>\n<meta property=\"og:title\" content=\"Application - Mega | Trusted Home Appliance Supplier &amp; Manufacturer\" \/>\n<meta property=\"og:description\" content=\"Discover Mega\u2019s story as a leading home appliance supplier and manufacturer offering innovative, reliable, and affordable Hot Air Brush, Garment Steamer, Hand Mixer, and Air Tag Finder. Committed to quality and customer satisfaction.\" \/>\n<meta property=\"og:url\" content=\"https:\/\/megavision-electronics.com\/pt\/application\/\" \/>\n<meta property=\"og:site_name\" content=\"Mega Home Appliances\" \/>\n<meta property=\"article:modified_time\" content=\"2025-10-21T07:52:23+00:00\" \/>\n<meta name=\"twitter:card\" content=\"summary_large_image\" \/>\n<script type=\"application\/ld+json\" class=\"yoast-schema-graph\">{\"@context\":\"https:\/\/schema.org\",\"@graph\":[{\"@type\":\"WebPage\",\"@id\":\"https:\/\/megavision-electronics.com\/application\/\",\"url\":\"https:\/\/megavision-electronics.com\/application\/\",\"name\":\"Application - Mega | Trusted Home Appliance Supplier & Manufacturer\",\"isPartOf\":{\"@id\":\"https:\/\/megavision-electronics.com\/#website\"},\"datePublished\":\"2025-05-22T05:57:33+00:00\",\"dateModified\":\"2025-10-21T07:52:23+00:00\",\"description\":\"Discover Mega\u2019s story as a leading home appliance supplier and manufacturer offering innovative, reliable, and affordable Hot Air Brush, Garment Steamer, Hand Mixer, and Air Tag Finder. Committed to quality and customer satisfaction.\",\"breadcrumb\":{\"@id\":\"https:\/\/megavision-electronics.com\/application\/#breadcrumb\"},\"inLanguage\":\"pt-PT\",\"potentialAction\":[{\"@type\":\"ReadAction\",\"target\":[\"https:\/\/megavision-electronics.com\/application\/\"]}]},{\"@type\":\"BreadcrumbList\",\"@id\":\"https:\/\/megavision-electronics.com\/application\/#breadcrumb\",\"itemListElement\":[{\"@type\":\"ListItem\",\"position\":1,\"name\":\"Home\",\"item\":\"https:\/\/megavision-electronics.com\/\"},{\"@type\":\"ListItem\",\"position\":2,\"name\":\"Application\"}]},{\"@type\":\"WebSite\",\"@id\":\"https:\/\/megavision-electronics.com\/#website\",\"url\":\"https:\/\/megavision-electronics.com\/\",\"name\":\"Mega Home Appliances\",\"description\":\"Mega Home Appliances\",\"publisher\":{\"@id\":\"https:\/\/megavision-electronics.com\/#organization\"},\"potentialAction\":[{\"@type\":\"SearchAction\",\"target\":{\"@type\":\"EntryPoint\",\"urlTemplate\":\"https:\/\/megavision-electronics.com\/?s={search_term_string}\"},\"query-input\":\"required name=search_term_string\"}],\"inLanguage\":\"pt-PT\"},{\"@type\":\"Organization\",\"@id\":\"https:\/\/megavision-electronics.com\/#organization\",\"name\":\"Mega Vision Company Limited\",\"url\":\"https:\/\/megavision-electronics.com\/\",\"logo\":{\"@type\":\"ImageObject\",\"inLanguage\":\"pt-PT\",\"@id\":\"https:\/\/megavision-electronics.com\/#\/schema\/logo\/image\/\",\"url\":\"https:\/\/megavision-electronics.com\/wp-content\/uploads\/2025\/06\/cropped-logo.webp\",\"contentUrl\":\"https:\/\/megavision-electronics.com\/wp-content\/uploads\/2025\/06\/cropped-logo.webp\",\"width\":512,\"height\":512,\"caption\":\"Mega Vision Company Limited\"},\"image\":{\"@id\":\"https:\/\/megavision-electronics.com\/#\/schema\/logo\/image\/\"}}]}<\/script>\n<!-- \/ Yoast SEO plugin. -->","yoast_head_json":{"title":"Application - Mega | Trusted Home Appliance Supplier & Manufacturer","description":"Discover Mega\u2019s story as a leading home appliance supplier and manufacturer offering innovative, reliable, and affordable Hot Air Brush, Garment Steamer, Hand Mixer, and Air Tag Finder. Committed to quality and customer satisfaction.","robots":{"index":"index","follow":"follow","max-snippet":"max-snippet:-1","max-image-preview":"max-image-preview:large","max-video-preview":"max-video-preview:-1"},"canonical":"https:\/\/megavision-electronics.com\/pt\/application\/","og_locale":"pt_PT","og_type":"article","og_title":"Application - Mega | Trusted Home Appliance Supplier & Manufacturer","og_description":"Discover Mega\u2019s story as a leading home appliance supplier and manufacturer offering innovative, reliable, and affordable Hot Air Brush, Garment Steamer, Hand Mixer, and Air Tag Finder. Committed to quality and customer satisfaction.","og_url":"https:\/\/megavision-electronics.com\/pt\/application\/","og_site_name":"Mega Home Appliances","article_modified_time":"2025-10-21T07:52:23+00:00","twitter_card":"summary_large_image","schema":{"@context":"https:\/\/schema.org","@graph":[{"@type":"WebPage","@id":"https:\/\/megavision-electronics.com\/application\/","url":"https:\/\/megavision-electronics.com\/application\/","name":"Application - Mega | Trusted Home Appliance Supplier & Manufacturer","isPartOf":{"@id":"https:\/\/megavision-electronics.com\/#website"},"datePublished":"2025-05-22T05:57:33+00:00","dateModified":"2025-10-21T07:52:23+00:00","description":"Discover Mega\u2019s story as a leading home appliance supplier and manufacturer offering innovative, reliable, and affordable Hot Air Brush, Garment Steamer, Hand Mixer, and Air Tag Finder. Committed to quality and customer satisfaction.","breadcrumb":{"@id":"https:\/\/megavision-electronics.com\/application\/#breadcrumb"},"inLanguage":"pt-PT","potentialAction":[{"@type":"ReadAction","target":["https:\/\/megavision-electronics.com\/application\/"]}]},{"@type":"BreadcrumbList","@id":"https:\/\/megavision-electronics.com\/application\/#breadcrumb","itemListElement":[{"@type":"ListItem","position":1,"name":"Home","item":"https:\/\/megavision-electronics.com\/"},{"@type":"ListItem","position":2,"name":"Application"}]},{"@type":"WebSite","@id":"https:\/\/megavision-electronics.com\/#website","url":"https:\/\/megavision-electronics.com\/","name":"Mega Home Appliances","description":"Mega Home Appliances","publisher":{"@id":"https:\/\/megavision-electronics.com\/#organization"},"potentialAction":[{"@type":"SearchAction","target":{"@type":"EntryPoint","urlTemplate":"https:\/\/megavision-electronics.com\/?s={search_term_string}"},"query-input":"required name=search_term_string"}],"inLanguage":"pt-PT"},{"@type":"Organization","@id":"https:\/\/megavision-electronics.com\/#organization","name":"Mega Vision Company Limited","url":"https:\/\/megavision-electronics.com\/","logo":{"@type":"ImageObject","inLanguage":"pt-PT","@id":"https:\/\/megavision-electronics.com\/#\/schema\/logo\/image\/","url":"https:\/\/megavision-electronics.com\/wp-content\/uploads\/2025\/06\/cropped-logo.webp","contentUrl":"https:\/\/megavision-electronics.com\/wp-content\/uploads\/2025\/06\/cropped-logo.webp","width":512,"height":512,"caption":"Mega Vision Company Limited"},"image":{"@id":"https:\/\/megavision-electronics.com\/#\/schema\/logo\/image\/"}}]}},"_links":{"self":[{"href":"https:\/\/megavision-electronics.com\/pt\/wp-json\/wp\/v2\/pages\/12120"}],"collection":[{"href":"https:\/\/megavision-electronics.com\/pt\/wp-json\/wp\/v2\/pages"}],"about":[{"href":"https:\/\/megavision-electronics.com\/pt\/wp-json\/wp\/v2\/types\/page"}],"author":[{"embeddable":true,"href":"https:\/\/megavision-electronics.com\/pt\/wp-json\/wp\/v2\/users\/1"}],"replies":[{"embeddable":true,"href":"https:\/\/megavision-electronics.com\/pt\/wp-json\/wp\/v2\/comments?post=12120"}],"version-history":[{"count":2,"href":"https:\/\/megavision-electronics.com\/pt\/wp-json\/wp\/v2\/pages\/12120\/revisions"}],"predecessor-version":[{"id":13125,"href":"https:\/\/megavision-electronics.com\/pt\/wp-json\/wp\/v2\/pages\/12120\/revisions\/13125"}],"wp:attachment":[{"href":"https:\/\/megavision-electronics.com\/pt\/wp-json\/wp\/v2\/media?parent=12120"}],"curies":[{"name":"wp","href":"https:\/\/api.w.org\/{rel}","templated":true}]}}