{"id":1622,"date":"2024-01-04T05:06:31","date_gmt":"2024-01-04T05:06:31","guid":{"rendered":"http:\/\/3.215.36.167\/?page_id=1622"},"modified":"2025-10-21T06:54:49","modified_gmt":"2025-10-21T06:54:49","slug":"products","status":"publish","type":"page","link":"https:\/\/megavision-electronics.com\/pt\/products\/","title":{"rendered":"Produtos"},"content":{"rendered":"<p>[et_pb_section fb_built=&#8221;1&#8243; custom_padding_last_edited=&#8221;on|phone&#8221; _builder_version=&#8221;4.21.0&#8243; _module_preset=&#8221;default&#8221; background_enable_color=&#8221;off&#8221; custom_padding=&#8221;15px||0px||false|false&#8221; custom_padding_tablet=&#8221;15px||0px||false|false&#8221; custom_padding_phone=&#8221;15px||||false|false&#8221; hover_enabled=&#8221;0&#8243; border_color_bottom=&#8221;#eeeeee&#8221; global_colors_info=&#8221;{}&#8221; sticky_enabled=&#8221;0&#8243; min_height=&#8221;57px&#8221;][et_pb_row _builder_version=&#8221;4.21.0&#8243; _module_preset=&#8221;default&#8221; custom_padding=&#8221;0px||15px||false|false&#8221; hover_enabled=&#8221;0&#8243; border_width_bottom=&#8221;1px&#8221; border_color_bottom=&#8221;#eeeeee&#8221; global_colors_info=&#8221;{}&#8221; min_height=&#8221;42px&#8221; sticky_enabled=&#8221;0&#8243;][et_pb_column type=&#8221;4_4&#8243; _builder_version=&#8221;4.21.0&#8243; _module_preset=&#8221;default&#8221; global_colors_info=&#8221;{}&#8221;][dipl_breadcrumb breadcrumb_layout=&#8221;layout2&#8243; separator_text=&#8221;\/&#8221; separator_size=&#8221;18px&#8221; separator_color=&#8221;#888888&#8243; _builder_version=&#8221;4.21.0&#8243; _module_preset=&#8221;default&#8221; global_text_settings_text_align=&#8221;left&#8221; global_text_settings_font_size=&#8221;18px&#8221; text_font=&#8221;||||||||&#8221; text_text_color=&#8221;#000000&#8243; link_text_color=&#8221;#000000&#8243; global_text_settings_font_size_tablet=&#8221;18px&#8221; global_text_settings_font_size_phone=&#8221;14px&#8221; global_text_settings_font_size_last_edited=&#8221;on|phone&#8221; global_colors_info=&#8221;{}&#8221;][\/dipl_breadcrumb][\/et_pb_column][\/et_pb_row][\/et_pb_section][et_pb_section fb_built=&#8221;1&#8243; custom_padding_last_edited=&#8221;on|phone&#8221; _builder_version=&#8221;4.21.0&#8243; _module_preset=&#8221;default&#8221; custom_padding=&#8221;50px||50px||true|false&#8221; custom_padding_tablet=&#8221;25px||0px||false|false&#8221; custom_padding_phone=&#8221;0px||0px||false|false&#8221; hover_enabled=&#8221;0&#8243; global_colors_info=&#8221;{}&#8221; sticky_enabled=&#8221;0&#8243;][et_pb_row column_structure=&#8221;1_4,3_4&#8243; use_custom_gutter=&#8221;on&#8221; _builder_version=&#8221;4.21.0&#8243; _module_preset=&#8221;default&#8221; custom_padding=&#8221;0px||0px||false|false&#8221; hover_enabled=&#8221;0&#8243; global_colors_info=&#8221;{}&#8221; module_id=&#8221;row-flex&#8221; sticky_enabled=&#8221;0&#8243; custom_padding_last_edited=&#8221;on|phone&#8221; custom_padding_tablet=&#8221;30px||||false|false&#8221; custom_padding_phone=&#8221;30px||||false|false&#8221;][et_pb_column type=&#8221;1_4&#8243; _builder_version=&#8221;4.21.0&#8243; _module_preset=&#8221;default&#8221; hover_enabled=&#8221;0&#8243; global_colors_info=&#8221;{}&#8221; sticky_enabled=&#8221;0&#8243;][et_pb_sidebar area=&#8221;et_pb_widget_area_1&#8243; show_border=&#8221;off&#8221; disabled_on=&#8221;off|off|off&#8221; module_id=&#8221;pro-sidebar&#8221; _builder_version=&#8221;4.21.0&#8243; _module_preset=&#8221;default&#8221; body_font=&#8221;||||||||&#8221; body_text_color=&#8221;#000000&#8243; body_font_size=&#8221;16px&#8221; custom_margin=&#8221;||0px||false|false&#8221; hover_enabled=&#8221;0&#8243; global_colors_info=&#8221;{}&#8221; sticky_enabled=&#8221;0&#8243; custom_padding_last_edited=&#8221;on|desktop&#8221;][\/et_pb_sidebar][et_pb_wc_related_products posts_number=&#8221;5&#8243; columns_number=&#8221;1&#8243; include_categories=&#8221;all&#8221; show_price=&#8221;off&#8221; show_rating=&#8221;off&#8221; show_sale_badge=&#8221;off&#8221; disabled_on=&#8221;on|on|off&#8221; module_id=&#8221;rela-pro&#8221; _builder_version=&#8221;4.21.0&#8243; _module_preset=&#8221;default&#8221; title_font_size=&#8221;18px&#8221; product_title_font_size=&#8221;15px&#8221; hover_enabled=&#8221;0&#8243; global_colors_info=&#8221;{}&#8221; product_title_text_align=&#8221;left&#8221; product_title_line_height=&#8221;1.1em&#8221; sticky_enabled=&#8221;0&#8243;][\/et_pb_wc_related_products][\/et_pb_column][et_pb_column type=&#8221;3_4&#8243; _builder_version=&#8221;4.21.0&#8243; _module_preset=&#8221;default&#8221; global_colors_info=&#8221;{}&#8221;][et_pb_text _builder_version=&#8221;4.21.0&#8243; _module_preset=&#8221;default&#8221; header_font=&#8221;|700|||||||&#8221; header_text_align=&#8221;left&#8221; header_text_color=&#8221;#000000&#8243; header_font_size=&#8221;32px&#8221; custom_margin=&#8221;||15px||false|false&#8221; custom_padding=&#8221;||||false|false&#8221; custom_padding_tablet=&#8221;0px||||false|false&#8221; custom_padding_phone=&#8221;0px||||false|false&#8221; custom_padding_last_edited=&#8221;on|tablet&#8221; header_font_size_tablet=&#8221;40px&#8221; header_font_size_phone=&#8221;18px&#8221; header_font_size_last_edited=&#8221;on|phone&#8221; global_colors_info=&#8221;{}&#8221;]<\/p>\n<h1><span>Electrodom\u00e9sticos e aparelhos de cozinha<\/span><\/h1>\n<p>[\/et_pb_text][et_pb_text _builder_version=&#8221;4.21.0&#8243; _module_preset=&#8221;default&#8221; global_colors_info=&#8221;{}&#8221;]<\/p>\n<p>Explore a nossa vasta gama de pequenos electrodom\u00e9sticos e electrodom\u00e9sticos de casa e cozinha concebidos para a comodidade e desempenho di\u00e1rios. Desde a fi\u00e1vel batedeira geral, o queimador el\u00e9trico de placa quente e a m\u00e1quina de moer alimentos at\u00e9 aos elegantes secadores de cabelo \u00e0 venda.<\/p>\n<p><span><a href=\"https:\/\/megavision-electronics.com\/pt\/contact-us\/\"><u>Contactar-nos<\/u><\/a><\/span>\u00a0para oportunidades de venda por grosso e OEM!<\/p>\n<p>[\/et_pb_text][et_pb_shop show_pagination=&#8221;on&#8221; columns_number=&#8221;4&#8243; icon_hover_color=&#8221;#FFFFFF&#8221; hover_overlay_color=&#8221;rgba(0,0,0,0.42)&#8221; hover_icon=&#8221;&#x4c;||divi||400&#8243; show_price=&#8221;off&#8221; show_rating=&#8221;off&#8221; show_sale_badge=&#8221;off&#8221; module_id=&#8221;p-list&#8221; _builder_version=&#8221;4.21.0&#8243; _module_preset=&#8221;default&#8221; title_text_align=&#8221;center&#8221; title_font_size=&#8221;15px&#8221; title_line_height=&#8221;1.1em&#8221; hover_enabled=&#8221;0&#8243; global_colors_info=&#8221;{}&#8221; posts_number=&#8221;8&#8243; sticky_enabled=&#8221;0&#8243;][\/et_pb_shop][et_pb_text _builder_version=&#8221;4.21.0&#8243; _module_preset=&#8221;default&#8221; global_colors_info=&#8221;{}&#8221;]<\/p>\n<p>Como uma empresa de confian\u00e7a <span><a href=\"https:\/\/megavision-electronics.com\/pt\/\"><u>fornecedor de electrodom\u00e9sticos<\/u><\/a><\/span>A Mega n\u00e3o s\u00f3 oferece uma gama completa de produtos de elevado desempenho, como <span><a href=\"https:\/\/megavision-electronics.com\/pt\/category\/steam-iron\/\"><u>melhor ferro a vapor para roupa<\/u><\/a><\/span>, <span><a href=\"https:\/\/megavision-electronics.com\/pt\/category\/mixing-machine\/\"><u>batedeira de topo de gama<\/u><\/a><\/span>, <span><a href=\"https:\/\/megavision-electronics.com\/pt\/category\/electric-hot-plate\/\"><u>placa de aquecimento com queimador el\u00e9trico<\/u><\/a><\/span>e <span><a href=\"https:\/\/megavision-electronics.com\/pt\/category\/electric-blender\/\"><u>moedor de alimentos el\u00e9trico<\/u><\/a><\/span>, mas tamb\u00e9m \u00e9 especializado em <span><a href=\"https:\/\/megavision-electronics.com\/pt\/about-us\/\"><u>electrodom\u00e9sticos personalizados<\/u><\/a><\/span>\u00a0adaptados \u00e0 sua marca e \u00e0s necessidades do mercado. Com fabrico avan\u00e7ado, forte I&amp;D e apoio profissional OEM\/ODM, ajudamos os parceiros globais a criar solu\u00e7\u00f5es competitivas e de marca pr\u00f3pria que se destacam.<\/p>\n<p>[\/et_pb_text][et_pb_code _builder_version=&#8221;4.21.0&#8243; _module_preset=&#8221;default&#8221; hover_enabled=&#8221;0&#8243; sticky_enabled=&#8221;0&#8243; custom_margin=&#8221;||0px||false|false&#8221;]    <div class=\"header_inquiry\" style=\"display: flex; align-items: center; justify-content: center; height: 64vh; background-color: #f1f4f6; width: 100%;\">\n        <div id=\"header_inquiry-form\" style=\"border:1px solid #bfbfbf; padding: 2em; padding-top:2.625em;width: 84%; background-color: #fff;\">\n\n            <div style=\"background-color: #013e5a; color: #fff; padding: 1em; border-radius: 5px; margin-bottom: 2em; text-align: center;\">\n                <h2 style=\"margin: 0; color: #fff;\">Deixe a sua mensagem<\/h2>\n            <\/div>\n\n            <form id=\"header_inquiry-form-content\" action=\"#\" method=\"post\" style=\"color: #666;\" data-trp-original-action=\"#\">\n\n                <input type=\"text\" name=\"title\" id=\"name\" placeholder=\"*Nome...\" required style=\"width: 100%; padding: 1em; margin-bottom: 1em; box-sizing: border-box;\">\n                <input type=\"email\" name=\"email\" id=\"email\" placeholder=\"*E-mail (Responderemos por e-mail em 24 horas)\" required style=\"width: 100%; padding: 1em; margin-bottom: 1em; box-sizing: border-box;\">\n                <input type=\"text\" name=\"telephone\" id=\"phone\" placeholder=\"*Telefone\/WhatsApp\/WeChat (muito importante)\" required style=\"width: 100%; padding: 1em; margin-bottom: 1em; box-sizing: border-box;\">\n                <textarea name=\"message\" id=\"details\" rows=\"4\" placeholder=\"*Introduza os detalhes do cabe\u00e7alho, como o tamanho, a cor, os materiais, etc., e outros requisitos espec\u00edficos para receber um or\u00e7amento exato.\" style=\"width: 100%; padding: 1em; margin-bottom: 1em; box-sizing: border-box;\"><\/textarea>\n\n                <button type=\"submit\" style=\"background-color: #f28808; color: #fff; padding: 1em 1.5em; border: none; border-radius: 3px; cursor: pointer; width: 100%;\">Enviar<\/button>\n\n            <input type=\"hidden\" name=\"trp-form-language\" value=\"pt\"\/><\/form>\n\n        <\/div>\n    <\/div>\n    [\/et_pb_code][\/et_pb_column][\/et_pb_row][\/et_pb_section]<\/p>","protected":false},"excerpt":{"rendered":"<p><div class=\"et_pb_module dipl_breadcrumb dipl_breadcrumb_0\">\n\t\t\t\t\n\t\t\t\t\n\t\t\t\t\n\t\t\t\t\n\t\t\t\t\n\t\t\t\t\n\t\t\t\t<div class=\"et_pb_module_inner\">\n\t\t\t\t\t<div class=\"dipl-breadcrumb-wrapper layout2\">\n\t\t\t\t\t\t\t\t<ol class=\"dipl-breadcrumb-inner\" vocab=\"https:\/\/schema.org\/\" typeof=\"BreadcrumbList\">\n\t\t\t\t\t\t\t\t\t<li property=\"itemListElement\" typeof=\"ListItem\" data-icon=\"&#x24;\">\n\t\t\t\t\t\t\t\t\t\t\t\t\t    <a class=\"breadcrumb-item dipl-home-page\" href=\"https:\/\/megavision-electronics.com\/pt\" property=\"item\" typeof=\"WebPage\" >\n\t\t\t\t\t\t\t\t\t\t\t\t\t      \t<span class=\"breadcrumb-page\" property=\"name\">In\u00edcio<\/span>\n\t\t\t\t\t\t\t\t\t\t\t\t\t    <\/a>\n\t\t\t\t\t\t\t\t\t\t\t\t\t    <meta property=\"position\" content=\"1\" \/>\n\t\t\t\t\t\t\t\t\t\t\t\t\t<\/li>\n\t\t\t\t\t\t\t\t<\/ol>\n\t\t\t\t\t\t\t<\/div>\n\t\t\t\t<\/div>\n\t\t\t<\/div>Home and Kitchen AppliancesExplore our wide range of small home appliances and home and kitchen appliances designed for everyday convenience and performance. From the reliable general mixer, hot plate electric burner, and grinder food machine to stylish hair dryers on [&hellip;]<\/p>","protected":false},"author":1,"featured_media":0,"parent":0,"menu_order":0,"comment_status":"closed","ping_status":"closed","template":"","meta":{"_et_pb_use_builder":"on","_et_pb_old_content":"","_et_gb_content_width":"","footnotes":""},"yoast_head":"<!-- This site is optimized with the Yoast SEO plugin v22.7 - https:\/\/yoast.com\/wordpress\/plugins\/seo\/ -->\n<title>Small Home Appliances | Trusted Home Appliance Supplier &amp; Manufacturer<\/title>\n<meta name=\"description\" content=\"Explore Mage Electronics&#039; small home appliances, including steam irons, hair dryers, and mixers. Reliable quality for household and commercial use.\" \/>\n<meta name=\"robots\" content=\"index, follow, max-snippet:-1, max-image-preview:large, max-video-preview:-1\" \/>\n<link rel=\"canonical\" href=\"https:\/\/megavision-electronics.com\/pt\/products\/\" \/>\n<meta property=\"og:locale\" content=\"pt_PT\" \/>\n<meta property=\"og:type\" content=\"article\" \/>\n<meta property=\"og:title\" content=\"Small Home Appliances | Trusted Home Appliance Supplier &amp; Manufacturer\" \/>\n<meta property=\"og:description\" content=\"Explore Mage Electronics&#039; small home appliances, including steam irons, hair dryers, and mixers. Reliable quality for household and commercial use.\" \/>\n<meta property=\"og:url\" content=\"https:\/\/megavision-electronics.com\/pt\/products\/\" \/>\n<meta property=\"og:site_name\" content=\"Mega Home Appliances\" \/>\n<meta property=\"article:modified_time\" content=\"2025-10-21T06:54:49+00:00\" \/>\n<meta name=\"twitter:card\" content=\"summary_large_image\" \/>\n<meta name=\"twitter:label1\" content=\"Tempo estimado de leitura\" \/>\n\t<meta name=\"twitter:data1\" content=\"4 minutos\" \/>\n<script type=\"application\/ld+json\" class=\"yoast-schema-graph\">{\"@context\":\"https:\/\/schema.org\",\"@graph\":[{\"@type\":\"WebPage\",\"@id\":\"https:\/\/megavision-electronics.com\/products\/\",\"url\":\"https:\/\/megavision-electronics.com\/products\/\",\"name\":\"Small Home Appliances | Trusted Home Appliance Supplier & Manufacturer\",\"isPartOf\":{\"@id\":\"https:\/\/megavision-electronics.com\/#website\"},\"datePublished\":\"2024-01-04T05:06:31+00:00\",\"dateModified\":\"2025-10-21T06:54:49+00:00\",\"description\":\"Explore Mage Electronics' small home appliances, including steam irons, hair dryers, and mixers. Reliable quality for household and commercial use.\",\"breadcrumb\":{\"@id\":\"https:\/\/megavision-electronics.com\/products\/#breadcrumb\"},\"inLanguage\":\"pt-PT\",\"potentialAction\":[{\"@type\":\"ReadAction\",\"target\":[\"https:\/\/megavision-electronics.com\/products\/\"]}]},{\"@type\":\"BreadcrumbList\",\"@id\":\"https:\/\/megavision-electronics.com\/products\/#breadcrumb\",\"itemListElement\":[{\"@type\":\"ListItem\",\"position\":1,\"name\":\"Home\",\"item\":\"https:\/\/megavision-electronics.com\/\"},{\"@type\":\"ListItem\",\"position\":2,\"name\":\"Products\"}]},{\"@type\":\"WebSite\",\"@id\":\"https:\/\/megavision-electronics.com\/#website\",\"url\":\"https:\/\/megavision-electronics.com\/\",\"name\":\"Mega Home Appliances\",\"description\":\"Mega Home Appliances\",\"publisher\":{\"@id\":\"https:\/\/megavision-electronics.com\/#organization\"},\"potentialAction\":[{\"@type\":\"SearchAction\",\"target\":{\"@type\":\"EntryPoint\",\"urlTemplate\":\"https:\/\/megavision-electronics.com\/?s={search_term_string}\"},\"query-input\":\"required name=search_term_string\"}],\"inLanguage\":\"pt-PT\"},{\"@type\":\"Organization\",\"@id\":\"https:\/\/megavision-electronics.com\/#organization\",\"name\":\"Mega Vision Company Limited\",\"url\":\"https:\/\/megavision-electronics.com\/\",\"logo\":{\"@type\":\"ImageObject\",\"inLanguage\":\"pt-PT\",\"@id\":\"https:\/\/megavision-electronics.com\/#\/schema\/logo\/image\/\",\"url\":\"https:\/\/megavision-electronics.com\/wp-content\/uploads\/2025\/06\/cropped-logo.webp\",\"contentUrl\":\"https:\/\/megavision-electronics.com\/wp-content\/uploads\/2025\/06\/cropped-logo.webp\",\"width\":512,\"height\":512,\"caption\":\"Mega Vision Company Limited\"},\"image\":{\"@id\":\"https:\/\/megavision-electronics.com\/#\/schema\/logo\/image\/\"}}]}<\/script>\n<!-- \/ Yoast SEO plugin. -->","yoast_head_json":{"title":"Small Home Appliances | Trusted Home Appliance Supplier & Manufacturer","description":"Explore Mage Electronics' small home appliances, including steam irons, hair dryers, and mixers. Reliable quality for household and commercial use.","robots":{"index":"index","follow":"follow","max-snippet":"max-snippet:-1","max-image-preview":"max-image-preview:large","max-video-preview":"max-video-preview:-1"},"canonical":"https:\/\/megavision-electronics.com\/pt\/products\/","og_locale":"pt_PT","og_type":"article","og_title":"Small Home Appliances | Trusted Home Appliance Supplier & Manufacturer","og_description":"Explore Mage Electronics' small home appliances, including steam irons, hair dryers, and mixers. Reliable quality for household and commercial use.","og_url":"https:\/\/megavision-electronics.com\/pt\/products\/","og_site_name":"Mega Home Appliances","article_modified_time":"2025-10-21T06:54:49+00:00","twitter_card":"summary_large_image","twitter_misc":{"Tempo estimado de leitura":"4 minutos"},"schema":{"@context":"https:\/\/schema.org","@graph":[{"@type":"WebPage","@id":"https:\/\/megavision-electronics.com\/products\/","url":"https:\/\/megavision-electronics.com\/products\/","name":"Small Home Appliances | Trusted Home Appliance Supplier & Manufacturer","isPartOf":{"@id":"https:\/\/megavision-electronics.com\/#website"},"datePublished":"2024-01-04T05:06:31+00:00","dateModified":"2025-10-21T06:54:49+00:00","description":"Explore Mage Electronics' small home appliances, including steam irons, hair dryers, and mixers. Reliable quality for household and commercial use.","breadcrumb":{"@id":"https:\/\/megavision-electronics.com\/products\/#breadcrumb"},"inLanguage":"pt-PT","potentialAction":[{"@type":"ReadAction","target":["https:\/\/megavision-electronics.com\/products\/"]}]},{"@type":"BreadcrumbList","@id":"https:\/\/megavision-electronics.com\/products\/#breadcrumb","itemListElement":[{"@type":"ListItem","position":1,"name":"Home","item":"https:\/\/megavision-electronics.com\/"},{"@type":"ListItem","position":2,"name":"Products"}]},{"@type":"WebSite","@id":"https:\/\/megavision-electronics.com\/#website","url":"https:\/\/megavision-electronics.com\/","name":"Mega Home Appliances","description":"Mega Home Appliances","publisher":{"@id":"https:\/\/megavision-electronics.com\/#organization"},"potentialAction":[{"@type":"SearchAction","target":{"@type":"EntryPoint","urlTemplate":"https:\/\/megavision-electronics.com\/?s={search_term_string}"},"query-input":"required name=search_term_string"}],"inLanguage":"pt-PT"},{"@type":"Organization","@id":"https:\/\/megavision-electronics.com\/#organization","name":"Mega Vision Company Limited","url":"https:\/\/megavision-electronics.com\/","logo":{"@type":"ImageObject","inLanguage":"pt-PT","@id":"https:\/\/megavision-electronics.com\/#\/schema\/logo\/image\/","url":"https:\/\/megavision-electronics.com\/wp-content\/uploads\/2025\/06\/cropped-logo.webp","contentUrl":"https:\/\/megavision-electronics.com\/wp-content\/uploads\/2025\/06\/cropped-logo.webp","width":512,"height":512,"caption":"Mega Vision Company Limited"},"image":{"@id":"https:\/\/megavision-electronics.com\/#\/schema\/logo\/image\/"}}]}},"_links":{"self":[{"href":"https:\/\/megavision-electronics.com\/pt\/wp-json\/wp\/v2\/pages\/1622"}],"collection":[{"href":"https:\/\/megavision-electronics.com\/pt\/wp-json\/wp\/v2\/pages"}],"about":[{"href":"https:\/\/megavision-electronics.com\/pt\/wp-json\/wp\/v2\/types\/page"}],"author":[{"embeddable":true,"href":"https:\/\/megavision-electronics.com\/pt\/wp-json\/wp\/v2\/users\/1"}],"replies":[{"embeddable":true,"href":"https:\/\/megavision-electronics.com\/pt\/wp-json\/wp\/v2\/comments?post=1622"}],"version-history":[{"count":11,"href":"https:\/\/megavision-electronics.com\/pt\/wp-json\/wp\/v2\/pages\/1622\/revisions"}],"predecessor-version":[{"id":13099,"href":"https:\/\/megavision-electronics.com\/pt\/wp-json\/wp\/v2\/pages\/1622\/revisions\/13099"}],"wp:attachment":[{"href":"https:\/\/megavision-electronics.com\/pt\/wp-json\/wp\/v2\/media?parent=1622"}],"curies":[{"name":"wp","href":"https:\/\/api.w.org\/{rel}","templated":true}]}}