{"id":12530,"date":"2025-06-13T13:12:59","date_gmt":"2025-06-13T13:12:59","guid":{"rendered":"https:\/\/megavision-electronics.com\/?post_type=product&#038;p=12530"},"modified":"2025-06-30T04:07:11","modified_gmt":"2025-06-30T04:07:11","slug":"hg001-hand-held-blender","status":"publish","type":"product","link":"https:\/\/megavision-electronics.com\/pt\/produto\/hg001-hand-held-blender\/","title":{"rendered":"Varinha m\u00e1gica manual HG001"},"content":{"rendered":"<h2>Descri\u00e7\u00e3o da varinha m\u00e1gica HG001<\/h2>\n<p><strong>*Pot\u00eancia:<\/strong> 300W<br \/>\n*Motor DC<br \/>\n<strong>*Material:<\/strong> Pl\u00e1stico<br \/>\n*Controlo de 2 velocidades<br \/>\n*A\u00e7o inoxid\u00e1vel Sus304<br \/>\n*Cabo de alimenta\u00e7\u00e3o de 1,1 metros<\/p>\n<h2>Detalhe da embalagem<\/h2>\n<p><strong>*Tamanho do produto:<\/strong> 350x60x60<br \/>\n<strong>Qtd. de 20\":<\/strong>12528pcs<br \/>\n<strong>Qty of 40&#8221;:<\/strong> 30480pcs<br \/>\n<strong>Qtd. de 40HQ\":<\/strong> 35640pcs<\/p>","protected":false},"excerpt":{"rendered":"<p><strong>HG001 <a href=\"https:\/\/megavision-electronics.com\/pt\/produto\/hg001-hand-held-blender\/\">Varinha m\u00e1gica<\/a><\/strong> possui um motor DC de 300W, corpo de pl\u00e1stico, controlo de 2 velocidades, pe\u00e7as em a\u00e7o inoxid\u00e1vel SUS304 e um cabo de 1,1 metros. Cabem 12.528 unidades num recipiente de 20\u2032.<\/p>\n<p>Ver mais em <a href=\"https:\/\/megavision-electronics.com\/pt\/category\/electric-blender\/\"><strong>Liquidificador<\/strong><\/a> Cat\u00e1logo!<\/p>","protected":false},"featured_media":12532,"template":"","meta":{"_et_pb_use_builder":"","_et_pb_old_content":"","_et_gb_content_width":""},"product_cat":[217],"product_tag":[196,197],"yoast_head":"<!-- This site is optimized with the Yoast SEO plugin v22.7 - https:\/\/yoast.com\/wordpress\/plugins\/seo\/ -->\n<title>High-Quality HG001 Hand Held Blender\u200b | Durable &amp; Reliable Home Appliance Supplier<\/title>\n<meta name=\"description\" content=\"Explore Mega\u2019s wide range of durable, energy-efficient HG001 Hand Held Blender\u200b designed for modern living. Wholesale and OEM services available. Trusted supplier worldwide\" \/>\n<meta name=\"robots\" content=\"index, follow, max-snippet:-1, max-image-preview:large, max-video-preview:-1\" \/>\n<link rel=\"canonical\" href=\"https:\/\/megavision-electronics.com\/pt\/produto\/hg001-hand-held-blender\/\" \/>\n<meta property=\"og:locale\" content=\"pt_PT\" \/>\n<meta property=\"og:type\" content=\"article\" \/>\n<meta property=\"og:title\" content=\"High-Quality HG001 Hand Held Blender\u200b | Durable &amp; Reliable Home Appliance Supplier\" \/>\n<meta property=\"og:description\" content=\"Explore Mega\u2019s wide range of durable, energy-efficient HG001 Hand Held Blender\u200b designed for modern living. Wholesale and OEM services available. Trusted supplier worldwide\" \/>\n<meta property=\"og:url\" content=\"https:\/\/megavision-electronics.com\/pt\/produto\/hg001-hand-held-blender\/\" \/>\n<meta property=\"og:site_name\" content=\"Mega Home Appliances\" \/>\n<meta property=\"article:modified_time\" content=\"2025-06-30T04:07:11+00:00\" \/>\n<meta property=\"og:image\" content=\"https:\/\/megavision-electronics.com\/wp-content\/uploads\/2025\/06\/HG001-Hand-Held-Blender\u200b-.webp\" \/>\n\t<meta property=\"og:image:width\" content=\"1000\" \/>\n\t<meta property=\"og:image:height\" content=\"1000\" \/>\n\t<meta property=\"og:image:type\" content=\"image\/webp\" \/>\n<meta name=\"twitter:card\" content=\"summary_large_image\" \/>\n<meta name=\"twitter:label1\" content=\"Tempo estimado de leitura\" \/>\n\t<meta name=\"twitter:data1\" content=\"1 minuto\" \/>\n<script type=\"application\/ld+json\" class=\"yoast-schema-graph\">{\"@context\":\"https:\/\/schema.org\",\"@graph\":[{\"@type\":\"WebPage\",\"@id\":\"https:\/\/megavision-electronics.com\/product\/hg001-hand-held-blender\/\",\"url\":\"https:\/\/megavision-electronics.com\/product\/hg001-hand-held-blender\/\",\"name\":\"High-Quality HG001 Hand Held Blender\u200b | Durable & Reliable Home Appliance Supplier\",\"isPartOf\":{\"@id\":\"https:\/\/megavision-electronics.com\/#website\"},\"primaryImageOfPage\":{\"@id\":\"https:\/\/megavision-electronics.com\/product\/hg001-hand-held-blender\/#primaryimage\"},\"image\":{\"@id\":\"https:\/\/megavision-electronics.com\/product\/hg001-hand-held-blender\/#primaryimage\"},\"thumbnailUrl\":\"https:\/\/megavision-electronics.com\/wp-content\/uploads\/2025\/06\/HG001-Hand-Held-Blender\u200b-.webp\",\"datePublished\":\"2025-06-13T13:12:59+00:00\",\"dateModified\":\"2025-06-30T04:07:11+00:00\",\"description\":\"Explore Mega\u2019s wide range of durable, energy-efficient HG001 Hand Held Blender\u200b designed for modern living. Wholesale and OEM services available. Trusted supplier worldwide\",\"breadcrumb\":{\"@id\":\"https:\/\/megavision-electronics.com\/product\/hg001-hand-held-blender\/#breadcrumb\"},\"inLanguage\":\"pt-PT\",\"potentialAction\":[{\"@type\":\"ReadAction\",\"target\":[\"https:\/\/megavision-electronics.com\/product\/hg001-hand-held-blender\/\"]}]},{\"@type\":\"ImageObject\",\"inLanguage\":\"pt-PT\",\"@id\":\"https:\/\/megavision-electronics.com\/product\/hg001-hand-held-blender\/#primaryimage\",\"url\":\"https:\/\/megavision-electronics.com\/wp-content\/uploads\/2025\/06\/HG001-Hand-Held-Blender\u200b-.webp\",\"contentUrl\":\"https:\/\/megavision-electronics.com\/wp-content\/uploads\/2025\/06\/HG001-Hand-Held-Blender\u200b-.webp\",\"width\":1000,\"height\":1000,\"caption\":\"HG001 Hand Held Blender\u200b\"},{\"@type\":\"BreadcrumbList\",\"@id\":\"https:\/\/megavision-electronics.com\/product\/hg001-hand-held-blender\/#breadcrumb\",\"itemListElement\":[{\"@type\":\"ListItem\",\"position\":1,\"name\":\"Home\",\"item\":\"https:\/\/megavision-electronics.com\/\"},{\"@type\":\"ListItem\",\"position\":2,\"name\":\"Products\",\"item\":\"https:\/\/megavision-electronics.com\/shop\/\"},{\"@type\":\"ListItem\",\"position\":3,\"name\":\"HG001 Hand Held Blender\u200b\"}]},{\"@type\":\"WebSite\",\"@id\":\"https:\/\/megavision-electronics.com\/#website\",\"url\":\"https:\/\/megavision-electronics.com\/\",\"name\":\"Mega Home Appliances\",\"description\":\"Mega Home Appliances\",\"publisher\":{\"@id\":\"https:\/\/megavision-electronics.com\/#organization\"},\"potentialAction\":[{\"@type\":\"SearchAction\",\"target\":{\"@type\":\"EntryPoint\",\"urlTemplate\":\"https:\/\/megavision-electronics.com\/?s={search_term_string}\"},\"query-input\":\"required name=search_term_string\"}],\"inLanguage\":\"pt-PT\"},{\"@type\":\"Organization\",\"@id\":\"https:\/\/megavision-electronics.com\/#organization\",\"name\":\"Mega Vision Company Limited\",\"url\":\"https:\/\/megavision-electronics.com\/\",\"logo\":{\"@type\":\"ImageObject\",\"inLanguage\":\"pt-PT\",\"@id\":\"https:\/\/megavision-electronics.com\/#\/schema\/logo\/image\/\",\"url\":\"https:\/\/megavision-electronics.com\/wp-content\/uploads\/2025\/06\/cropped-logo.webp\",\"contentUrl\":\"https:\/\/megavision-electronics.com\/wp-content\/uploads\/2025\/06\/cropped-logo.webp\",\"width\":512,\"height\":512,\"caption\":\"Mega Vision Company Limited\"},\"image\":{\"@id\":\"https:\/\/megavision-electronics.com\/#\/schema\/logo\/image\/\"}}]}<\/script>\n<!-- \/ Yoast SEO plugin. -->","yoast_head_json":{"title":"High-Quality HG001 Hand Held Blender\u200b | Durable & Reliable Home Appliance Supplier","description":"Explore Mega\u2019s wide range of durable, energy-efficient HG001 Hand Held Blender\u200b designed for modern living. Wholesale and OEM services available. Trusted supplier worldwide","robots":{"index":"index","follow":"follow","max-snippet":"max-snippet:-1","max-image-preview":"max-image-preview:large","max-video-preview":"max-video-preview:-1"},"canonical":"https:\/\/megavision-electronics.com\/pt\/produto\/hg001-hand-held-blender\/","og_locale":"pt_PT","og_type":"article","og_title":"High-Quality HG001 Hand Held Blender\u200b | Durable & Reliable Home Appliance Supplier","og_description":"Explore Mega\u2019s wide range of durable, energy-efficient HG001 Hand Held Blender\u200b designed for modern living. Wholesale and OEM services available. Trusted supplier worldwide","og_url":"https:\/\/megavision-electronics.com\/pt\/produto\/hg001-hand-held-blender\/","og_site_name":"Mega Home Appliances","article_modified_time":"2025-06-30T04:07:11+00:00","og_image":[{"width":1000,"height":1000,"url":"https:\/\/megavision-electronics.com\/wp-content\/uploads\/2025\/06\/HG001-Hand-Held-Blender\u200b-.webp","type":"image\/webp"}],"twitter_card":"summary_large_image","twitter_misc":{"Tempo estimado de leitura":"1 minuto"},"schema":{"@context":"https:\/\/schema.org","@graph":[{"@type":"WebPage","@id":"https:\/\/megavision-electronics.com\/product\/hg001-hand-held-blender\/","url":"https:\/\/megavision-electronics.com\/product\/hg001-hand-held-blender\/","name":"High-Quality HG001 Hand Held Blender\u200b | Durable & Reliable Home Appliance Supplier","isPartOf":{"@id":"https:\/\/megavision-electronics.com\/#website"},"primaryImageOfPage":{"@id":"https:\/\/megavision-electronics.com\/product\/hg001-hand-held-blender\/#primaryimage"},"image":{"@id":"https:\/\/megavision-electronics.com\/product\/hg001-hand-held-blender\/#primaryimage"},"thumbnailUrl":"https:\/\/megavision-electronics.com\/wp-content\/uploads\/2025\/06\/HG001-Hand-Held-Blender\u200b-.webp","datePublished":"2025-06-13T13:12:59+00:00","dateModified":"2025-06-30T04:07:11+00:00","description":"Explore Mega\u2019s wide range of durable, energy-efficient HG001 Hand Held Blender\u200b designed for modern living. Wholesale and OEM services available. Trusted supplier worldwide","breadcrumb":{"@id":"https:\/\/megavision-electronics.com\/product\/hg001-hand-held-blender\/#breadcrumb"},"inLanguage":"pt-PT","potentialAction":[{"@type":"ReadAction","target":["https:\/\/megavision-electronics.com\/product\/hg001-hand-held-blender\/"]}]},{"@type":"ImageObject","inLanguage":"pt-PT","@id":"https:\/\/megavision-electronics.com\/product\/hg001-hand-held-blender\/#primaryimage","url":"https:\/\/megavision-electronics.com\/wp-content\/uploads\/2025\/06\/HG001-Hand-Held-Blender\u200b-.webp","contentUrl":"https:\/\/megavision-electronics.com\/wp-content\/uploads\/2025\/06\/HG001-Hand-Held-Blender\u200b-.webp","width":1000,"height":1000,"caption":"HG001 Hand Held Blender\u200b"},{"@type":"BreadcrumbList","@id":"https:\/\/megavision-electronics.com\/product\/hg001-hand-held-blender\/#breadcrumb","itemListElement":[{"@type":"ListItem","position":1,"name":"Home","item":"https:\/\/megavision-electronics.com\/"},{"@type":"ListItem","position":2,"name":"Products","item":"https:\/\/megavision-electronics.com\/shop\/"},{"@type":"ListItem","position":3,"name":"HG001 Hand Held Blender\u200b"}]},{"@type":"WebSite","@id":"https:\/\/megavision-electronics.com\/#website","url":"https:\/\/megavision-electronics.com\/","name":"Mega Home Appliances","description":"Mega Home Appliances","publisher":{"@id":"https:\/\/megavision-electronics.com\/#organization"},"potentialAction":[{"@type":"SearchAction","target":{"@type":"EntryPoint","urlTemplate":"https:\/\/megavision-electronics.com\/?s={search_term_string}"},"query-input":"required name=search_term_string"}],"inLanguage":"pt-PT"},{"@type":"Organization","@id":"https:\/\/megavision-electronics.com\/#organization","name":"Mega Vision Company Limited","url":"https:\/\/megavision-electronics.com\/","logo":{"@type":"ImageObject","inLanguage":"pt-PT","@id":"https:\/\/megavision-electronics.com\/#\/schema\/logo\/image\/","url":"https:\/\/megavision-electronics.com\/wp-content\/uploads\/2025\/06\/cropped-logo.webp","contentUrl":"https:\/\/megavision-electronics.com\/wp-content\/uploads\/2025\/06\/cropped-logo.webp","width":512,"height":512,"caption":"Mega Vision Company Limited"},"image":{"@id":"https:\/\/megavision-electronics.com\/#\/schema\/logo\/image\/"}}]}},"_links":{"self":[{"href":"https:\/\/megavision-electronics.com\/pt\/wp-json\/wp\/v2\/product\/12530"}],"collection":[{"href":"https:\/\/megavision-electronics.com\/pt\/wp-json\/wp\/v2\/product"}],"about":[{"href":"https:\/\/megavision-electronics.com\/pt\/wp-json\/wp\/v2\/types\/product"}],"wp:featuredmedia":[{"embeddable":true,"href":"https:\/\/megavision-electronics.com\/pt\/wp-json\/wp\/v2\/media\/12532"}],"wp:attachment":[{"href":"https:\/\/megavision-electronics.com\/pt\/wp-json\/wp\/v2\/media?parent=12530"}],"wp:term":[{"taxonomy":"product_cat","embeddable":true,"href":"https:\/\/megavision-electronics.com\/pt\/wp-json\/wp\/v2\/product_cat?post=12530"},{"taxonomy":"product_tag","embeddable":true,"href":"https:\/\/megavision-electronics.com\/pt\/wp-json\/wp\/v2\/product_tag?post=12530"}],"curies":[{"name":"wp","href":"https:\/\/api.w.org\/{rel}","templated":true}]}}