{"id":12540,"date":"2025-06-13T13:45:40","date_gmt":"2025-06-13T13:45:40","guid":{"rendered":"https:\/\/megavision-electronics.com\/?post_type=product&#038;p=12540"},"modified":"2025-09-23T08:56:59","modified_gmt":"2025-09-23T08:56:59","slug":"lc001-cooker-lpg","status":"publish","type":"product","link":"https:\/\/megavision-electronics.com\/pt\/produto\/lc001-cooker-lpg\/","title":{"rendered":"LC001 Fog\u00e3o a GPL"},"content":{"rendered":"<h2>Descri\u00e7\u00e3o do fog\u00e3o a GPL LC001<\/h2>\n<p>*Fog\u00e3o a GPL<br \/>\n*Pot\u00eancia: 2200 + 2200W (320g\/h)<br \/>\n*Chama azul<br \/>\n*espessura da cobertura 0,4 mm<br \/>\n*V\u00e1lvula de seguran\u00e7a<br \/>\n*Suporte de painel 3,7\u00d77,5 mm<br \/>\n*Buerner de alum\u00ednio e tampa de inc\u00eandio em esmalte<\/p>\n<h2>Detalhe da embalagem<\/h2>\n<p><strong>*Tamanho do produto:<\/strong> 577x278x53<br \/>\n<strong>Qtd. de 20\": <\/strong>2160 unidades<br \/>\n<strong>Qtd. de 40HQ\":<\/strong> 5100pcs<\/p>\n<h3 data-start=\"174\" data-end=\"208\">Desempenho de cozedura potente<\/h3>\n<p data-start=\"209\" data-end=\"552\">O fog\u00e3o a GPL proporciona chamas est\u00e1veis e calor fi\u00e1vel, tornando-o um companheiro de confian\u00e7a para os cozinhados do dia a dia. Quer esteja a ferver, a fritar ou a cozer em lume brando, o fog\u00e3o assegura um desempenho consistente com uma utiliza\u00e7\u00e3o eficiente do combust\u00edvel. Concebida para resid\u00eancias, cozinhas exteriores e utiliza\u00e7\u00e3o comercial ligeira, proporciona comodidade e rapidez na prepara\u00e7\u00e3o de refei\u00e7\u00f5es.<\/p>\n<h3 data-start=\"554\" data-end=\"590\">Design dur\u00e1vel e de f\u00e1cil utiliza\u00e7\u00e3o<\/h3>\n<p data-start=\"591\" data-end=\"915\">Fabricado com materiais resistentes e queimadores de alta qualidade, o <a href=\"https:\/\/megavision-electronics.com\/pt\/category\/lpg-cooker\/\">g\u00e1s de cozinha gpl<\/a> \u00e9 constru\u00eddo para durar. Os bot\u00f5es f\u00e1ceis de controlar permitem um ajuste preciso da chama, enquanto os suportes de panela est\u00e1veis proporcionam uma superf\u00edcie de cozedura segura. O design compacto e pr\u00e1tico torna-o adequado para cozinhas pequenas ou para utiliza\u00e7\u00e3o port\u00e1til, combinando fiabilidade e funcionalidade.<\/p>\n<h3 data-start=\"917\" data-end=\"943\">Seguran\u00e7a e manuten\u00e7\u00e3o<\/h3>\n<p data-start=\"944\" data-end=\"1249\">Equipado com componentes resistentes ao calor e v\u00e1lvulas de seguran\u00e7a eficientes, o fog\u00e3o d\u00e1 prioridade \u00e0 prote\u00e7\u00e3o do utilizador. O corpo f\u00e1cil de limpar e a estrutura acess\u00edvel reduzem o esfor\u00e7o de manuten\u00e7\u00e3o, garantindo uma utiliza\u00e7\u00e3o fi\u00e1vel a longo prazo. Desde refei\u00e7\u00f5es r\u00e1pidas a sess\u00f5es de cozedura prolongadas, foi concebida para funcionar com seguran\u00e7a.<\/p>\n<h3 data-start=\"1251\" data-end=\"1278\">Marca e personaliza\u00e7\u00e3o<\/h3>\n<p data-start=\"1279\" data-end=\"1626\">Mega Vision Company Limited, uma empresa global <strong data-start=\"1317\" data-end=\"1383\"><a class=\"decorated-link\" href=\"https:\/\/megavision-electronics.com\/pt\/\" target=\"_new\" rel=\"noopener\" data-start=\"1319\" data-end=\"1381\">fornecedor de electrodom\u00e9sticos<\/a><\/strong>A empresa, que tem como objetivo fornecer solu\u00e7\u00f5es de cozinha inovadoras e fi\u00e1veis. Para al\u00e9m dos fog\u00f5es a GPL, a empresa tamb\u00e9m fornece <a href=\"https:\/\/megavision-electronics.com\/pt\/products\/\"><strong data-start=\"1506\" data-end=\"1532\">electrodom\u00e9sticos personalizados<\/strong><\/a> para satisfazer necessidades \u00fanicas de design e de mercado, garantindo flexibilidade para distribuidores e parceiros.<\/p>","protected":false},"excerpt":{"rendered":"<p>LC001 <a href=\"https:\/\/megavision-electronics.com\/pt\/produto\/lc001-cooker-lpg\/\"><strong>Fog\u00e3o a GPL<\/strong><\/a> tem queimadores duplos de 2200W (320g\/h), chama azul, tampa de 0,4mm, v\u00e1lvula de seguran\u00e7a, suporte de panela de 3,7\u00d77,5mm, queimador de alum\u00ednio e tampa de esmalte. Tamanho 577x278x53, com carga de contentor definida.<\/p>\n<p>Ver mais em <strong>GPL<\/strong> <strong>Fog\u00e3o<\/strong> Cat\u00e1logo!<\/p>","protected":false},"featured_media":12541,"template":"","meta":{"_et_pb_use_builder":"","_et_pb_old_content":"","_et_gb_content_width":""},"product_cat":[216],"product_tag":[251],"yoast_head":"<!-- This site is optimized with the Yoast SEO plugin v22.7 - https:\/\/yoast.com\/wordpress\/plugins\/seo\/ -->\n<title>Wholesale Cooker LPG Factory\u2013 High-Efficiency Cooking Gas Appliance by MegaVision<\/title>\n<meta name=\"description\" content=\"Explore the Cooker LPG from Mega Vision. Durable, safe, and efficient, this cooking gas appliance is ideal for homes or outdoor kitchens. Custom options available.\" \/>\n<meta name=\"robots\" content=\"index, follow, max-snippet:-1, max-image-preview:large, max-video-preview:-1\" \/>\n<link rel=\"canonical\" href=\"https:\/\/megavision-electronics.com\/pt\/produto\/lc001-cooker-lpg\/\" \/>\n<meta property=\"og:locale\" content=\"pt_PT\" \/>\n<meta property=\"og:type\" content=\"article\" \/>\n<meta property=\"og:title\" content=\"Wholesale Cooker LPG Factory\u2013 High-Efficiency Cooking Gas Appliance by MegaVision\" \/>\n<meta property=\"og:description\" content=\"Explore the Cooker LPG from Mega Vision. Durable, safe, and efficient, this cooking gas appliance is ideal for homes or outdoor kitchens. Custom options available.\" \/>\n<meta property=\"og:url\" content=\"https:\/\/megavision-electronics.com\/pt\/produto\/lc001-cooker-lpg\/\" \/>\n<meta property=\"og:site_name\" content=\"Mega Home Appliances\" \/>\n<meta property=\"article:modified_time\" content=\"2025-09-23T08:56:59+00:00\" \/>\n<meta property=\"og:image\" content=\"https:\/\/megavision-electronics.com\/wp-content\/uploads\/2025\/06\/LC001-Cooker-LPG.webp\" \/>\n\t<meta property=\"og:image:width\" content=\"1300\" \/>\n\t<meta property=\"og:image:height\" content=\"1300\" \/>\n\t<meta property=\"og:image:type\" content=\"image\/webp\" \/>\n<meta name=\"twitter:card\" content=\"summary_large_image\" \/>\n<meta name=\"twitter:label1\" content=\"Tempo estimado de leitura\" \/>\n\t<meta name=\"twitter:data1\" content=\"2 minutos\" \/>\n<script type=\"application\/ld+json\" class=\"yoast-schema-graph\">{\"@context\":\"https:\/\/schema.org\",\"@graph\":[{\"@type\":\"WebPage\",\"@id\":\"https:\/\/megavision-electronics.com\/product\/lc001-cooker-lpg\/\",\"url\":\"https:\/\/megavision-electronics.com\/product\/lc001-cooker-lpg\/\",\"name\":\"Wholesale Cooker LPG Factory\u2013 High-Efficiency Cooking Gas Appliance by MegaVision\",\"isPartOf\":{\"@id\":\"https:\/\/megavision-electronics.com\/#website\"},\"primaryImageOfPage\":{\"@id\":\"https:\/\/megavision-electronics.com\/product\/lc001-cooker-lpg\/#primaryimage\"},\"image\":{\"@id\":\"https:\/\/megavision-electronics.com\/product\/lc001-cooker-lpg\/#primaryimage\"},\"thumbnailUrl\":\"https:\/\/megavision-electronics.com\/wp-content\/uploads\/2025\/06\/LC001-Cooker-LPG.webp\",\"datePublished\":\"2025-06-13T13:45:40+00:00\",\"dateModified\":\"2025-09-23T08:56:59+00:00\",\"description\":\"Explore the Cooker LPG from Mega Vision. Durable, safe, and efficient, this cooking gas appliance is ideal for homes or outdoor kitchens. Custom options available.\",\"breadcrumb\":{\"@id\":\"https:\/\/megavision-electronics.com\/product\/lc001-cooker-lpg\/#breadcrumb\"},\"inLanguage\":\"pt-PT\",\"potentialAction\":[{\"@type\":\"ReadAction\",\"target\":[\"https:\/\/megavision-electronics.com\/product\/lc001-cooker-lpg\/\"]}]},{\"@type\":\"ImageObject\",\"inLanguage\":\"pt-PT\",\"@id\":\"https:\/\/megavision-electronics.com\/product\/lc001-cooker-lpg\/#primaryimage\",\"url\":\"https:\/\/megavision-electronics.com\/wp-content\/uploads\/2025\/06\/LC001-Cooker-LPG.webp\",\"contentUrl\":\"https:\/\/megavision-electronics.com\/wp-content\/uploads\/2025\/06\/LC001-Cooker-LPG.webp\",\"width\":1300,\"height\":1300,\"caption\":\"LC001 Cooker LPG\"},{\"@type\":\"BreadcrumbList\",\"@id\":\"https:\/\/megavision-electronics.com\/product\/lc001-cooker-lpg\/#breadcrumb\",\"itemListElement\":[{\"@type\":\"ListItem\",\"position\":1,\"name\":\"Home\",\"item\":\"https:\/\/megavision-electronics.com\/\"},{\"@type\":\"ListItem\",\"position\":2,\"name\":\"Products\",\"item\":\"https:\/\/megavision-electronics.com\/shop\/\"},{\"@type\":\"ListItem\",\"position\":3,\"name\":\"LC001 Cooker LPG\"}]},{\"@type\":\"WebSite\",\"@id\":\"https:\/\/megavision-electronics.com\/#website\",\"url\":\"https:\/\/megavision-electronics.com\/\",\"name\":\"Mega Home Appliances\",\"description\":\"Mega Home Appliances\",\"publisher\":{\"@id\":\"https:\/\/megavision-electronics.com\/#organization\"},\"potentialAction\":[{\"@type\":\"SearchAction\",\"target\":{\"@type\":\"EntryPoint\",\"urlTemplate\":\"https:\/\/megavision-electronics.com\/?s={search_term_string}\"},\"query-input\":\"required name=search_term_string\"}],\"inLanguage\":\"pt-PT\"},{\"@type\":\"Organization\",\"@id\":\"https:\/\/megavision-electronics.com\/#organization\",\"name\":\"Mega Vision Company Limited\",\"url\":\"https:\/\/megavision-electronics.com\/\",\"logo\":{\"@type\":\"ImageObject\",\"inLanguage\":\"pt-PT\",\"@id\":\"https:\/\/megavision-electronics.com\/#\/schema\/logo\/image\/\",\"url\":\"https:\/\/megavision-electronics.com\/wp-content\/uploads\/2025\/06\/cropped-logo.webp\",\"contentUrl\":\"https:\/\/megavision-electronics.com\/wp-content\/uploads\/2025\/06\/cropped-logo.webp\",\"width\":512,\"height\":512,\"caption\":\"Mega Vision Company Limited\"},\"image\":{\"@id\":\"https:\/\/megavision-electronics.com\/#\/schema\/logo\/image\/\"}}]}<\/script>\n<!-- \/ Yoast SEO plugin. -->","yoast_head_json":{"title":"Wholesale Cooker LPG Factory\u2013 High-Efficiency Cooking Gas Appliance by MegaVision","description":"Explore the Cooker LPG from Mega Vision. Durable, safe, and efficient, this cooking gas appliance is ideal for homes or outdoor kitchens. Custom options available.","robots":{"index":"index","follow":"follow","max-snippet":"max-snippet:-1","max-image-preview":"max-image-preview:large","max-video-preview":"max-video-preview:-1"},"canonical":"https:\/\/megavision-electronics.com\/pt\/produto\/lc001-cooker-lpg\/","og_locale":"pt_PT","og_type":"article","og_title":"Wholesale Cooker LPG Factory\u2013 High-Efficiency Cooking Gas Appliance by MegaVision","og_description":"Explore the Cooker LPG from Mega Vision. Durable, safe, and efficient, this cooking gas appliance is ideal for homes or outdoor kitchens. Custom options available.","og_url":"https:\/\/megavision-electronics.com\/pt\/produto\/lc001-cooker-lpg\/","og_site_name":"Mega Home Appliances","article_modified_time":"2025-09-23T08:56:59+00:00","og_image":[{"width":1300,"height":1300,"url":"https:\/\/megavision-electronics.com\/wp-content\/uploads\/2025\/06\/LC001-Cooker-LPG.webp","type":"image\/webp"}],"twitter_card":"summary_large_image","twitter_misc":{"Tempo estimado de leitura":"2 minutos"},"schema":{"@context":"https:\/\/schema.org","@graph":[{"@type":"WebPage","@id":"https:\/\/megavision-electronics.com\/product\/lc001-cooker-lpg\/","url":"https:\/\/megavision-electronics.com\/product\/lc001-cooker-lpg\/","name":"Wholesale Cooker LPG Factory\u2013 High-Efficiency Cooking Gas Appliance by MegaVision","isPartOf":{"@id":"https:\/\/megavision-electronics.com\/#website"},"primaryImageOfPage":{"@id":"https:\/\/megavision-electronics.com\/product\/lc001-cooker-lpg\/#primaryimage"},"image":{"@id":"https:\/\/megavision-electronics.com\/product\/lc001-cooker-lpg\/#primaryimage"},"thumbnailUrl":"https:\/\/megavision-electronics.com\/wp-content\/uploads\/2025\/06\/LC001-Cooker-LPG.webp","datePublished":"2025-06-13T13:45:40+00:00","dateModified":"2025-09-23T08:56:59+00:00","description":"Explore the Cooker LPG from Mega Vision. Durable, safe, and efficient, this cooking gas appliance is ideal for homes or outdoor kitchens. Custom options available.","breadcrumb":{"@id":"https:\/\/megavision-electronics.com\/product\/lc001-cooker-lpg\/#breadcrumb"},"inLanguage":"pt-PT","potentialAction":[{"@type":"ReadAction","target":["https:\/\/megavision-electronics.com\/product\/lc001-cooker-lpg\/"]}]},{"@type":"ImageObject","inLanguage":"pt-PT","@id":"https:\/\/megavision-electronics.com\/product\/lc001-cooker-lpg\/#primaryimage","url":"https:\/\/megavision-electronics.com\/wp-content\/uploads\/2025\/06\/LC001-Cooker-LPG.webp","contentUrl":"https:\/\/megavision-electronics.com\/wp-content\/uploads\/2025\/06\/LC001-Cooker-LPG.webp","width":1300,"height":1300,"caption":"LC001 Cooker LPG"},{"@type":"BreadcrumbList","@id":"https:\/\/megavision-electronics.com\/product\/lc001-cooker-lpg\/#breadcrumb","itemListElement":[{"@type":"ListItem","position":1,"name":"Home","item":"https:\/\/megavision-electronics.com\/"},{"@type":"ListItem","position":2,"name":"Products","item":"https:\/\/megavision-electronics.com\/shop\/"},{"@type":"ListItem","position":3,"name":"LC001 Cooker LPG"}]},{"@type":"WebSite","@id":"https:\/\/megavision-electronics.com\/#website","url":"https:\/\/megavision-electronics.com\/","name":"Mega Home Appliances","description":"Mega Home Appliances","publisher":{"@id":"https:\/\/megavision-electronics.com\/#organization"},"potentialAction":[{"@type":"SearchAction","target":{"@type":"EntryPoint","urlTemplate":"https:\/\/megavision-electronics.com\/?s={search_term_string}"},"query-input":"required name=search_term_string"}],"inLanguage":"pt-PT"},{"@type":"Organization","@id":"https:\/\/megavision-electronics.com\/#organization","name":"Mega Vision Company Limited","url":"https:\/\/megavision-electronics.com\/","logo":{"@type":"ImageObject","inLanguage":"pt-PT","@id":"https:\/\/megavision-electronics.com\/#\/schema\/logo\/image\/","url":"https:\/\/megavision-electronics.com\/wp-content\/uploads\/2025\/06\/cropped-logo.webp","contentUrl":"https:\/\/megavision-electronics.com\/wp-content\/uploads\/2025\/06\/cropped-logo.webp","width":512,"height":512,"caption":"Mega Vision Company Limited"},"image":{"@id":"https:\/\/megavision-electronics.com\/#\/schema\/logo\/image\/"}}]}},"_links":{"self":[{"href":"https:\/\/megavision-electronics.com\/pt\/wp-json\/wp\/v2\/product\/12540"}],"collection":[{"href":"https:\/\/megavision-electronics.com\/pt\/wp-json\/wp\/v2\/product"}],"about":[{"href":"https:\/\/megavision-electronics.com\/pt\/wp-json\/wp\/v2\/types\/product"}],"wp:featuredmedia":[{"embeddable":true,"href":"https:\/\/megavision-electronics.com\/pt\/wp-json\/wp\/v2\/media\/12541"}],"wp:attachment":[{"href":"https:\/\/megavision-electronics.com\/pt\/wp-json\/wp\/v2\/media?parent=12540"}],"wp:term":[{"taxonomy":"product_cat","embeddable":true,"href":"https:\/\/megavision-electronics.com\/pt\/wp-json\/wp\/v2\/product_cat?post=12540"},{"taxonomy":"product_tag","embeddable":true,"href":"https:\/\/megavision-electronics.com\/pt\/wp-json\/wp\/v2\/product_tag?post=12540"}],"curies":[{"name":"wp","href":"https:\/\/api.w.org\/{rel}","templated":true}]}}