{"id":12603,"date":"2025-07-10T06:17:34","date_gmt":"2025-07-10T06:17:34","guid":{"rendered":"https:\/\/megavision-electronics.com\/?post_type=product&#038;p=12603"},"modified":"2025-07-12T01:51:10","modified_gmt":"2025-07-12T01:51:10","slug":"gr001-1300w-garment-steamer","status":"publish","type":"product","link":"https:\/\/megavision-electronics.com\/pt\/produto\/gr001-1300w-garment-steamer\/","title":{"rendered":"Vaporizador de roupa GR001 1300W"},"content":{"rendered":"<h2>Descri\u00e7\u00e3o do produto de GR001 1300W <strong><a href=\"https:\/\/megavision-electronics.com\/pt\/produto\/gr001-1300w-garment-steamer\/\">Bom vaporizador de roupa<\/a><\/strong><\/h2>\n<p>*Ferro a seco\/ ferro a vapor<br \/>\n*f\u00e1cil de operar - n\u00e3o \u00e9 necess\u00e1rio ajustar a temperatura<br \/>\n*Prote\u00e7\u00e3o contra o calor excessivo<br \/>\n*Vapor vertical\/Vapor horizontal<br \/>\n*Controlo de vapor com um bot\u00e3o (capacidade do dep\u00f3sito 170 ml)<br \/>\n*AC230V<\/p>","protected":false},"excerpt":{"rendered":"<p class=\"ds-markdown-paragraph\">Descubra a comodidade de um\u00a0<a href=\"https:\/\/megavision-electronics.com\/pt\/category\/garment-steamer\/\"><strong>vaporizador de roupa<\/strong><\/a>-perfeito para refrescar roupa, cortinados e tecidos delicados sem passar a ferro. Como um produto de confian\u00e7a\u00a0<a href=\"https:\/\/megavision-electronics.com\/pt\/products\/\"><strong>fabricante de electrodom\u00e9sticos<\/strong><\/a>, oferecemos qualidade e efici\u00eancia.<\/p>\n<p class=\"ds-markdown-paragraph\">N\u00e3o perca esta oportunidade! Compre hoje mesmo os nossos vaporizadores de roupa de alta qualidade durante a nossa\u00a0<a href=\"https:\/\/megavision-electronics.com\/pt\/\"><strong>electrodom\u00e9sticos \u00e0 venda<\/strong><\/a>\u00a0evento. Obtenha resultados profissionais a pre\u00e7os imbat\u00edveis!<\/p>","protected":false},"featured_media":12607,"template":"","meta":{"_et_pb_use_builder":"","_et_pb_old_content":"","_et_gb_content_width":""},"product_cat":[223],"product_tag":[230,231],"yoast_head":"<!-- This site is optimized with the Yoast SEO plugin v22.7 - https:\/\/yoast.com\/wordpress\/plugins\/seo\/ -->\n<title>High-Quality GR001 1300W Garment Steamer | Durable &amp; Reliable Home Appliance Supplier<\/title>\n<meta name=\"description\" content=\"Explore Mega\u2019s wide range of durable, energy-efficient GR001 1300W Garment Steamer designed for modern living. Wholesale and OEM services available. Trusted supplier worldwide\" \/>\n<meta name=\"robots\" content=\"index, follow, max-snippet:-1, max-image-preview:large, max-video-preview:-1\" \/>\n<link rel=\"canonical\" href=\"https:\/\/megavision-electronics.com\/pt\/produto\/gr001-1300w-garment-steamer\/\" \/>\n<meta property=\"og:locale\" content=\"pt_PT\" \/>\n<meta property=\"og:type\" content=\"article\" \/>\n<meta property=\"og:title\" content=\"High-Quality GR001 1300W Garment Steamer | Durable &amp; Reliable Home Appliance Supplier\" \/>\n<meta property=\"og:description\" content=\"Explore Mega\u2019s wide range of durable, energy-efficient GR001 1300W Garment Steamer designed for modern living. Wholesale and OEM services available. Trusted supplier worldwide\" \/>\n<meta property=\"og:url\" content=\"https:\/\/megavision-electronics.com\/pt\/produto\/gr001-1300w-garment-steamer\/\" \/>\n<meta property=\"og:site_name\" content=\"Mega Home Appliances\" \/>\n<meta property=\"article:modified_time\" content=\"2025-07-12T01:51:10+00:00\" \/>\n<meta property=\"og:image\" content=\"https:\/\/megavision-electronics.com\/wp-content\/uploads\/2025\/07\/GR001-1300W-Garment-Steamer.webp\" \/>\n\t<meta property=\"og:image:width\" content=\"800\" \/>\n\t<meta property=\"og:image:height\" content=\"800\" \/>\n\t<meta property=\"og:image:type\" content=\"image\/webp\" \/>\n<meta name=\"twitter:card\" content=\"summary_large_image\" \/>\n<meta name=\"twitter:label1\" content=\"Tempo estimado de leitura\" \/>\n\t<meta name=\"twitter:data1\" content=\"1 minuto\" \/>\n<script type=\"application\/ld+json\" class=\"yoast-schema-graph\">{\"@context\":\"https:\/\/schema.org\",\"@graph\":[{\"@type\":\"WebPage\",\"@id\":\"https:\/\/megavision-electronics.com\/product\/gr001-1300w-garment-steamer\/\",\"url\":\"https:\/\/megavision-electronics.com\/product\/gr001-1300w-garment-steamer\/\",\"name\":\"High-Quality GR001 1300W Garment Steamer | Durable & Reliable Home Appliance Supplier\",\"isPartOf\":{\"@id\":\"https:\/\/megavision-electronics.com\/#website\"},\"primaryImageOfPage\":{\"@id\":\"https:\/\/megavision-electronics.com\/product\/gr001-1300w-garment-steamer\/#primaryimage\"},\"image\":{\"@id\":\"https:\/\/megavision-electronics.com\/product\/gr001-1300w-garment-steamer\/#primaryimage\"},\"thumbnailUrl\":\"https:\/\/megavision-electronics.com\/wp-content\/uploads\/2025\/07\/GR001-1300W-Garment-Steamer.webp\",\"datePublished\":\"2025-07-10T06:17:34+00:00\",\"dateModified\":\"2025-07-12T01:51:10+00:00\",\"description\":\"Explore Mega\u2019s wide range of durable, energy-efficient GR001 1300W Garment Steamer designed for modern living. Wholesale and OEM services available. Trusted supplier worldwide\",\"breadcrumb\":{\"@id\":\"https:\/\/megavision-electronics.com\/product\/gr001-1300w-garment-steamer\/#breadcrumb\"},\"inLanguage\":\"pt-PT\",\"potentialAction\":[{\"@type\":\"ReadAction\",\"target\":[\"https:\/\/megavision-electronics.com\/product\/gr001-1300w-garment-steamer\/\"]}]},{\"@type\":\"ImageObject\",\"inLanguage\":\"pt-PT\",\"@id\":\"https:\/\/megavision-electronics.com\/product\/gr001-1300w-garment-steamer\/#primaryimage\",\"url\":\"https:\/\/megavision-electronics.com\/wp-content\/uploads\/2025\/07\/GR001-1300W-Garment-Steamer.webp\",\"contentUrl\":\"https:\/\/megavision-electronics.com\/wp-content\/uploads\/2025\/07\/GR001-1300W-Garment-Steamer.webp\",\"width\":800,\"height\":800,\"caption\":\"GR001 1300W Garment Steamer\"},{\"@type\":\"BreadcrumbList\",\"@id\":\"https:\/\/megavision-electronics.com\/product\/gr001-1300w-garment-steamer\/#breadcrumb\",\"itemListElement\":[{\"@type\":\"ListItem\",\"position\":1,\"name\":\"Home\",\"item\":\"https:\/\/megavision-electronics.com\/\"},{\"@type\":\"ListItem\",\"position\":2,\"name\":\"Products\",\"item\":\"https:\/\/megavision-electronics.com\/shop\/\"},{\"@type\":\"ListItem\",\"position\":3,\"name\":\"GR001 1300W Garment Steamer\"}]},{\"@type\":\"WebSite\",\"@id\":\"https:\/\/megavision-electronics.com\/#website\",\"url\":\"https:\/\/megavision-electronics.com\/\",\"name\":\"Mega Home Appliances\",\"description\":\"Mega Home Appliances\",\"publisher\":{\"@id\":\"https:\/\/megavision-electronics.com\/#organization\"},\"potentialAction\":[{\"@type\":\"SearchAction\",\"target\":{\"@type\":\"EntryPoint\",\"urlTemplate\":\"https:\/\/megavision-electronics.com\/?s={search_term_string}\"},\"query-input\":\"required name=search_term_string\"}],\"inLanguage\":\"pt-PT\"},{\"@type\":\"Organization\",\"@id\":\"https:\/\/megavision-electronics.com\/#organization\",\"name\":\"Mega Vision Company Limited\",\"url\":\"https:\/\/megavision-electronics.com\/\",\"logo\":{\"@type\":\"ImageObject\",\"inLanguage\":\"pt-PT\",\"@id\":\"https:\/\/megavision-electronics.com\/#\/schema\/logo\/image\/\",\"url\":\"https:\/\/megavision-electronics.com\/wp-content\/uploads\/2025\/06\/cropped-logo.webp\",\"contentUrl\":\"https:\/\/megavision-electronics.com\/wp-content\/uploads\/2025\/06\/cropped-logo.webp\",\"width\":512,\"height\":512,\"caption\":\"Mega Vision Company Limited\"},\"image\":{\"@id\":\"https:\/\/megavision-electronics.com\/#\/schema\/logo\/image\/\"}}]}<\/script>\n<!-- \/ Yoast SEO plugin. -->","yoast_head_json":{"title":"High-Quality GR001 1300W Garment Steamer | Durable & Reliable Home Appliance Supplier","description":"Explore Mega\u2019s wide range of durable, energy-efficient GR001 1300W Garment Steamer designed for modern living. Wholesale and OEM services available. Trusted supplier worldwide","robots":{"index":"index","follow":"follow","max-snippet":"max-snippet:-1","max-image-preview":"max-image-preview:large","max-video-preview":"max-video-preview:-1"},"canonical":"https:\/\/megavision-electronics.com\/pt\/produto\/gr001-1300w-garment-steamer\/","og_locale":"pt_PT","og_type":"article","og_title":"High-Quality GR001 1300W Garment Steamer | Durable & Reliable Home Appliance Supplier","og_description":"Explore Mega\u2019s wide range of durable, energy-efficient GR001 1300W Garment Steamer designed for modern living. Wholesale and OEM services available. Trusted supplier worldwide","og_url":"https:\/\/megavision-electronics.com\/pt\/produto\/gr001-1300w-garment-steamer\/","og_site_name":"Mega Home Appliances","article_modified_time":"2025-07-12T01:51:10+00:00","og_image":[{"width":800,"height":800,"url":"https:\/\/megavision-electronics.com\/wp-content\/uploads\/2025\/07\/GR001-1300W-Garment-Steamer.webp","type":"image\/webp"}],"twitter_card":"summary_large_image","twitter_misc":{"Tempo estimado de leitura":"1 minuto"},"schema":{"@context":"https:\/\/schema.org","@graph":[{"@type":"WebPage","@id":"https:\/\/megavision-electronics.com\/product\/gr001-1300w-garment-steamer\/","url":"https:\/\/megavision-electronics.com\/product\/gr001-1300w-garment-steamer\/","name":"High-Quality GR001 1300W Garment Steamer | Durable & Reliable Home Appliance Supplier","isPartOf":{"@id":"https:\/\/megavision-electronics.com\/#website"},"primaryImageOfPage":{"@id":"https:\/\/megavision-electronics.com\/product\/gr001-1300w-garment-steamer\/#primaryimage"},"image":{"@id":"https:\/\/megavision-electronics.com\/product\/gr001-1300w-garment-steamer\/#primaryimage"},"thumbnailUrl":"https:\/\/megavision-electronics.com\/wp-content\/uploads\/2025\/07\/GR001-1300W-Garment-Steamer.webp","datePublished":"2025-07-10T06:17:34+00:00","dateModified":"2025-07-12T01:51:10+00:00","description":"Explore Mega\u2019s wide range of durable, energy-efficient GR001 1300W Garment Steamer designed for modern living. Wholesale and OEM services available. Trusted supplier worldwide","breadcrumb":{"@id":"https:\/\/megavision-electronics.com\/product\/gr001-1300w-garment-steamer\/#breadcrumb"},"inLanguage":"pt-PT","potentialAction":[{"@type":"ReadAction","target":["https:\/\/megavision-electronics.com\/product\/gr001-1300w-garment-steamer\/"]}]},{"@type":"ImageObject","inLanguage":"pt-PT","@id":"https:\/\/megavision-electronics.com\/product\/gr001-1300w-garment-steamer\/#primaryimage","url":"https:\/\/megavision-electronics.com\/wp-content\/uploads\/2025\/07\/GR001-1300W-Garment-Steamer.webp","contentUrl":"https:\/\/megavision-electronics.com\/wp-content\/uploads\/2025\/07\/GR001-1300W-Garment-Steamer.webp","width":800,"height":800,"caption":"GR001 1300W Garment Steamer"},{"@type":"BreadcrumbList","@id":"https:\/\/megavision-electronics.com\/product\/gr001-1300w-garment-steamer\/#breadcrumb","itemListElement":[{"@type":"ListItem","position":1,"name":"Home","item":"https:\/\/megavision-electronics.com\/"},{"@type":"ListItem","position":2,"name":"Products","item":"https:\/\/megavision-electronics.com\/shop\/"},{"@type":"ListItem","position":3,"name":"GR001 1300W Garment Steamer"}]},{"@type":"WebSite","@id":"https:\/\/megavision-electronics.com\/#website","url":"https:\/\/megavision-electronics.com\/","name":"Mega Home Appliances","description":"Mega Home Appliances","publisher":{"@id":"https:\/\/megavision-electronics.com\/#organization"},"potentialAction":[{"@type":"SearchAction","target":{"@type":"EntryPoint","urlTemplate":"https:\/\/megavision-electronics.com\/?s={search_term_string}"},"query-input":"required name=search_term_string"}],"inLanguage":"pt-PT"},{"@type":"Organization","@id":"https:\/\/megavision-electronics.com\/#organization","name":"Mega Vision Company Limited","url":"https:\/\/megavision-electronics.com\/","logo":{"@type":"ImageObject","inLanguage":"pt-PT","@id":"https:\/\/megavision-electronics.com\/#\/schema\/logo\/image\/","url":"https:\/\/megavision-electronics.com\/wp-content\/uploads\/2025\/06\/cropped-logo.webp","contentUrl":"https:\/\/megavision-electronics.com\/wp-content\/uploads\/2025\/06\/cropped-logo.webp","width":512,"height":512,"caption":"Mega Vision Company Limited"},"image":{"@id":"https:\/\/megavision-electronics.com\/#\/schema\/logo\/image\/"}}]}},"_links":{"self":[{"href":"https:\/\/megavision-electronics.com\/pt\/wp-json\/wp\/v2\/product\/12603"}],"collection":[{"href":"https:\/\/megavision-electronics.com\/pt\/wp-json\/wp\/v2\/product"}],"about":[{"href":"https:\/\/megavision-electronics.com\/pt\/wp-json\/wp\/v2\/types\/product"}],"wp:featuredmedia":[{"embeddable":true,"href":"https:\/\/megavision-electronics.com\/pt\/wp-json\/wp\/v2\/media\/12607"}],"wp:attachment":[{"href":"https:\/\/megavision-electronics.com\/pt\/wp-json\/wp\/v2\/media?parent=12603"}],"wp:term":[{"taxonomy":"product_cat","embeddable":true,"href":"https:\/\/megavision-electronics.com\/pt\/wp-json\/wp\/v2\/product_cat?post=12603"},{"taxonomy":"product_tag","embeddable":true,"href":"https:\/\/megavision-electronics.com\/pt\/wp-json\/wp\/v2\/product_tag?post=12603"}],"curies":[{"name":"wp","href":"https:\/\/api.w.org\/{rel}","templated":true}]}}