{"id":12605,"date":"2025-07-10T06:07:24","date_gmt":"2025-07-10T06:07:24","guid":{"rendered":"https:\/\/megavision-electronics.com\/?post_type=product&#038;p=12605"},"modified":"2025-07-10T06:07:24","modified_gmt":"2025-07-10T06:07:24","slug":"air-tag-tracker-finder","status":"publish","type":"product","link":"https:\/\/megavision-electronics.com\/pt\/produto\/air-tag-tracker-finder\/","title":{"rendered":"Localizador de etiquetas a\u00e9reas"},"content":{"rendered":"<h2>Descri\u00e7\u00e3o<\/h2>\n<p>*At\u00e9 1 ano CR2032 substitu\u00edvel<br \/>\n*Bluetooth 5.1<br \/>\n*Rede FindMy da Apple<br \/>\n*Alarme interior &gt;=75db (em 10cm)<br \/>\n*Lembrete para Tr\u00e1s, Modo Perdido<br \/>\n*45*33*10mm<br \/>\n*10g<\/p>","protected":false},"excerpt":{"rendered":"<p>O Air Find Tag \u00e9 um localizador Bluetooth port\u00e1til que o ajuda a localizar facilmente objectos de valor, como chaves, bagagem, animais de estima\u00e7\u00e3o, etc., para evitar perdas. Explorar mais <a href=\"https:\/\/megavision-electronics.com\/pt\/category\/air-tag-finder\/\">localizador de etiquetas a\u00e9reas<\/a> informa\u00e7\u00f5es sobre o produto.<\/p>","protected":false},"featured_media":12608,"template":"","meta":{"_et_pb_use_builder":"","_et_pb_old_content":"","_et_gb_content_width":""},"product_cat":[225],"product_tag":[],"yoast_head":"<!-- This site is optimized with the Yoast SEO plugin v22.7 - https:\/\/yoast.com\/wordpress\/plugins\/seo\/ -->\n<title>High-Quality Air Tag Tracker Finder | Durable &amp; Reliable Home Appliance Supplier<\/title>\n<meta name=\"description\" content=\"Explore Mega\u2019s wide range of durable, energy-efficient Air Tag Tracker Finder designed for modern living. Wholesale and OEM services available. Trusted supplier worldwide\" \/>\n<meta name=\"robots\" content=\"index, follow, max-snippet:-1, max-image-preview:large, max-video-preview:-1\" \/>\n<link rel=\"canonical\" href=\"https:\/\/megavision-electronics.com\/pt\/produto\/air-tag-tracker-finder\/\" \/>\n<meta property=\"og:locale\" content=\"pt_PT\" \/>\n<meta property=\"og:type\" content=\"article\" \/>\n<meta property=\"og:title\" content=\"High-Quality Air Tag Tracker Finder | Durable &amp; Reliable Home Appliance Supplier\" \/>\n<meta property=\"og:description\" content=\"Explore Mega\u2019s wide range of durable, energy-efficient Air Tag Tracker Finder designed for modern living. Wholesale and OEM services available. Trusted supplier worldwide\" \/>\n<meta property=\"og:url\" content=\"https:\/\/megavision-electronics.com\/pt\/produto\/air-tag-tracker-finder\/\" \/>\n<meta property=\"og:site_name\" content=\"Mega Home Appliances\" \/>\n<meta property=\"og:image\" content=\"https:\/\/megavision-electronics.com\/wp-content\/uploads\/2025\/07\/Air-Tag-Tracker-Finder.webp\" \/>\n\t<meta property=\"og:image:width\" content=\"751\" \/>\n\t<meta property=\"og:image:height\" content=\"751\" \/>\n\t<meta property=\"og:image:type\" content=\"image\/webp\" \/>\n<meta name=\"twitter:card\" content=\"summary_large_image\" \/>\n<meta name=\"twitter:label1\" content=\"Tempo estimado de leitura\" \/>\n\t<meta name=\"twitter:data1\" content=\"1 minuto\" \/>\n<script type=\"application\/ld+json\" class=\"yoast-schema-graph\">{\"@context\":\"https:\/\/schema.org\",\"@graph\":[{\"@type\":\"WebPage\",\"@id\":\"https:\/\/megavision-electronics.com\/product\/air-tag-tracker-finder\/\",\"url\":\"https:\/\/megavision-electronics.com\/product\/air-tag-tracker-finder\/\",\"name\":\"High-Quality Air Tag Tracker Finder | Durable & Reliable Home Appliance Supplier\",\"isPartOf\":{\"@id\":\"https:\/\/megavision-electronics.com\/#website\"},\"primaryImageOfPage\":{\"@id\":\"https:\/\/megavision-electronics.com\/product\/air-tag-tracker-finder\/#primaryimage\"},\"image\":{\"@id\":\"https:\/\/megavision-electronics.com\/product\/air-tag-tracker-finder\/#primaryimage\"},\"thumbnailUrl\":\"https:\/\/megavision-electronics.com\/wp-content\/uploads\/2025\/07\/Air-Tag-Tracker-Finder.webp\",\"datePublished\":\"2025-07-10T06:07:24+00:00\",\"dateModified\":\"2025-07-10T06:07:24+00:00\",\"description\":\"Explore Mega\u2019s wide range of durable, energy-efficient Air Tag Tracker Finder designed for modern living. Wholesale and OEM services available. Trusted supplier worldwide\",\"breadcrumb\":{\"@id\":\"https:\/\/megavision-electronics.com\/product\/air-tag-tracker-finder\/#breadcrumb\"},\"inLanguage\":\"pt-PT\",\"potentialAction\":[{\"@type\":\"ReadAction\",\"target\":[\"https:\/\/megavision-electronics.com\/product\/air-tag-tracker-finder\/\"]}]},{\"@type\":\"ImageObject\",\"inLanguage\":\"pt-PT\",\"@id\":\"https:\/\/megavision-electronics.com\/product\/air-tag-tracker-finder\/#primaryimage\",\"url\":\"https:\/\/megavision-electronics.com\/wp-content\/uploads\/2025\/07\/Air-Tag-Tracker-Finder.webp\",\"contentUrl\":\"https:\/\/megavision-electronics.com\/wp-content\/uploads\/2025\/07\/Air-Tag-Tracker-Finder.webp\",\"width\":751,\"height\":751,\"caption\":\"Air Tag Tracker Finder\"},{\"@type\":\"BreadcrumbList\",\"@id\":\"https:\/\/megavision-electronics.com\/product\/air-tag-tracker-finder\/#breadcrumb\",\"itemListElement\":[{\"@type\":\"ListItem\",\"position\":1,\"name\":\"Home\",\"item\":\"https:\/\/megavision-electronics.com\/\"},{\"@type\":\"ListItem\",\"position\":2,\"name\":\"Products\",\"item\":\"https:\/\/megavision-electronics.com\/shop\/\"},{\"@type\":\"ListItem\",\"position\":3,\"name\":\"Air Tag Tracker Finder\"}]},{\"@type\":\"WebSite\",\"@id\":\"https:\/\/megavision-electronics.com\/#website\",\"url\":\"https:\/\/megavision-electronics.com\/\",\"name\":\"Mega Home Appliances\",\"description\":\"Mega Home Appliances\",\"publisher\":{\"@id\":\"https:\/\/megavision-electronics.com\/#organization\"},\"potentialAction\":[{\"@type\":\"SearchAction\",\"target\":{\"@type\":\"EntryPoint\",\"urlTemplate\":\"https:\/\/megavision-electronics.com\/?s={search_term_string}\"},\"query-input\":\"required name=search_term_string\"}],\"inLanguage\":\"pt-PT\"},{\"@type\":\"Organization\",\"@id\":\"https:\/\/megavision-electronics.com\/#organization\",\"name\":\"Mega Vision Company Limited\",\"url\":\"https:\/\/megavision-electronics.com\/\",\"logo\":{\"@type\":\"ImageObject\",\"inLanguage\":\"pt-PT\",\"@id\":\"https:\/\/megavision-electronics.com\/#\/schema\/logo\/image\/\",\"url\":\"https:\/\/megavision-electronics.com\/wp-content\/uploads\/2025\/06\/cropped-logo.webp\",\"contentUrl\":\"https:\/\/megavision-electronics.com\/wp-content\/uploads\/2025\/06\/cropped-logo.webp\",\"width\":512,\"height\":512,\"caption\":\"Mega Vision Company Limited\"},\"image\":{\"@id\":\"https:\/\/megavision-electronics.com\/#\/schema\/logo\/image\/\"}}]}<\/script>\n<!-- \/ Yoast SEO plugin. -->","yoast_head_json":{"title":"High-Quality Air Tag Tracker Finder | Durable & Reliable Home Appliance Supplier","description":"Explore Mega\u2019s wide range of durable, energy-efficient Air Tag Tracker Finder designed for modern living. Wholesale and OEM services available. Trusted supplier worldwide","robots":{"index":"index","follow":"follow","max-snippet":"max-snippet:-1","max-image-preview":"max-image-preview:large","max-video-preview":"max-video-preview:-1"},"canonical":"https:\/\/megavision-electronics.com\/pt\/produto\/air-tag-tracker-finder\/","og_locale":"pt_PT","og_type":"article","og_title":"High-Quality Air Tag Tracker Finder | Durable & Reliable Home Appliance Supplier","og_description":"Explore Mega\u2019s wide range of durable, energy-efficient Air Tag Tracker Finder designed for modern living. Wholesale and OEM services available. Trusted supplier worldwide","og_url":"https:\/\/megavision-electronics.com\/pt\/produto\/air-tag-tracker-finder\/","og_site_name":"Mega Home Appliances","og_image":[{"width":751,"height":751,"url":"https:\/\/megavision-electronics.com\/wp-content\/uploads\/2025\/07\/Air-Tag-Tracker-Finder.webp","type":"image\/webp"}],"twitter_card":"summary_large_image","twitter_misc":{"Tempo estimado de leitura":"1 minuto"},"schema":{"@context":"https:\/\/schema.org","@graph":[{"@type":"WebPage","@id":"https:\/\/megavision-electronics.com\/product\/air-tag-tracker-finder\/","url":"https:\/\/megavision-electronics.com\/product\/air-tag-tracker-finder\/","name":"High-Quality Air Tag Tracker Finder | Durable & Reliable Home Appliance Supplier","isPartOf":{"@id":"https:\/\/megavision-electronics.com\/#website"},"primaryImageOfPage":{"@id":"https:\/\/megavision-electronics.com\/product\/air-tag-tracker-finder\/#primaryimage"},"image":{"@id":"https:\/\/megavision-electronics.com\/product\/air-tag-tracker-finder\/#primaryimage"},"thumbnailUrl":"https:\/\/megavision-electronics.com\/wp-content\/uploads\/2025\/07\/Air-Tag-Tracker-Finder.webp","datePublished":"2025-07-10T06:07:24+00:00","dateModified":"2025-07-10T06:07:24+00:00","description":"Explore Mega\u2019s wide range of durable, energy-efficient Air Tag Tracker Finder designed for modern living. Wholesale and OEM services available. Trusted supplier worldwide","breadcrumb":{"@id":"https:\/\/megavision-electronics.com\/product\/air-tag-tracker-finder\/#breadcrumb"},"inLanguage":"pt-PT","potentialAction":[{"@type":"ReadAction","target":["https:\/\/megavision-electronics.com\/product\/air-tag-tracker-finder\/"]}]},{"@type":"ImageObject","inLanguage":"pt-PT","@id":"https:\/\/megavision-electronics.com\/product\/air-tag-tracker-finder\/#primaryimage","url":"https:\/\/megavision-electronics.com\/wp-content\/uploads\/2025\/07\/Air-Tag-Tracker-Finder.webp","contentUrl":"https:\/\/megavision-electronics.com\/wp-content\/uploads\/2025\/07\/Air-Tag-Tracker-Finder.webp","width":751,"height":751,"caption":"Air Tag Tracker Finder"},{"@type":"BreadcrumbList","@id":"https:\/\/megavision-electronics.com\/product\/air-tag-tracker-finder\/#breadcrumb","itemListElement":[{"@type":"ListItem","position":1,"name":"Home","item":"https:\/\/megavision-electronics.com\/"},{"@type":"ListItem","position":2,"name":"Products","item":"https:\/\/megavision-electronics.com\/shop\/"},{"@type":"ListItem","position":3,"name":"Air Tag Tracker Finder"}]},{"@type":"WebSite","@id":"https:\/\/megavision-electronics.com\/#website","url":"https:\/\/megavision-electronics.com\/","name":"Mega Home Appliances","description":"Mega Home Appliances","publisher":{"@id":"https:\/\/megavision-electronics.com\/#organization"},"potentialAction":[{"@type":"SearchAction","target":{"@type":"EntryPoint","urlTemplate":"https:\/\/megavision-electronics.com\/?s={search_term_string}"},"query-input":"required name=search_term_string"}],"inLanguage":"pt-PT"},{"@type":"Organization","@id":"https:\/\/megavision-electronics.com\/#organization","name":"Mega Vision Company Limited","url":"https:\/\/megavision-electronics.com\/","logo":{"@type":"ImageObject","inLanguage":"pt-PT","@id":"https:\/\/megavision-electronics.com\/#\/schema\/logo\/image\/","url":"https:\/\/megavision-electronics.com\/wp-content\/uploads\/2025\/06\/cropped-logo.webp","contentUrl":"https:\/\/megavision-electronics.com\/wp-content\/uploads\/2025\/06\/cropped-logo.webp","width":512,"height":512,"caption":"Mega Vision Company Limited"},"image":{"@id":"https:\/\/megavision-electronics.com\/#\/schema\/logo\/image\/"}}]}},"_links":{"self":[{"href":"https:\/\/megavision-electronics.com\/pt\/wp-json\/wp\/v2\/product\/12605"}],"collection":[{"href":"https:\/\/megavision-electronics.com\/pt\/wp-json\/wp\/v2\/product"}],"about":[{"href":"https:\/\/megavision-electronics.com\/pt\/wp-json\/wp\/v2\/types\/product"}],"wp:featuredmedia":[{"embeddable":true,"href":"https:\/\/megavision-electronics.com\/pt\/wp-json\/wp\/v2\/media\/12608"}],"wp:attachment":[{"href":"https:\/\/megavision-electronics.com\/pt\/wp-json\/wp\/v2\/media?parent=12605"}],"wp:term":[{"taxonomy":"product_cat","embeddable":true,"href":"https:\/\/megavision-electronics.com\/pt\/wp-json\/wp\/v2\/product_cat?post=12605"},{"taxonomy":"product_tag","embeddable":true,"href":"https:\/\/megavision-electronics.com\/pt\/wp-json\/wp\/v2\/product_tag?post=12605"}],"curies":[{"name":"wp","href":"https:\/\/api.w.org\/{rel}","templated":true}]}}