{"id":12617,"date":"2025-07-10T06:25:22","date_gmt":"2025-07-10T06:25:22","guid":{"rendered":"https:\/\/megavision-electronics.com\/?post_type=product&#038;p=12617"},"modified":"2025-09-27T03:31:07","modified_gmt":"2025-09-27T03:31:07","slug":"200w-cooks-hand-mixer","status":"publish","type":"product","link":"https:\/\/megavision-electronics.com\/pt\/produto\/200w-cooks-hand-mixer\/","title":{"rendered":"Batedeira de 200 W para cozinheiros"},"content":{"rendered":"<h2>Descri\u00e7\u00e3o do produto Batedeira de m\u00e3o Cooks<\/h2>\n<p>Material da caixa: ABS<br \/>\nMotor: CCA<br \/>\nmaterial do cabo de alimenta\u00e7\u00e3o: Puro<br \/>\nlinha el\u00e9ctrica: 2*0,5*1<br \/>\n5 velocidades<br \/>\n2 batedores: cromagem de ferro<br \/>\n2 ganchos: ferro cromado<br \/>\nTens\u00e3o\uff1a220V Com ficha VDE<br \/>\nCE\/LVD\/EMC ROHS<\/p>\n<h3 data-start=\"158\" data-end=\"198\">Desempenho potente e vers\u00e1til<\/h3>\n<p data-start=\"199\" data-end=\"512\">A batedeira Cooks foi concebida para tornar mais r\u00e1pida e f\u00e1cil a prepara\u00e7\u00e3o das refei\u00e7\u00f5es do dia a dia. Com v\u00e1rias defini\u00e7\u00f5es de velocidade e um poder de mistura eficiente, permite-lhe fazer tudo, desde bater natas a amassar massas leves. O seu desempenho consistente garante texturas suaves e excelentes resultados para uma vasta gama de receitas.<\/p>\n<h3 data-start=\"514\" data-end=\"547\">Confort\u00e1vel e f\u00e1cil de utilizar<\/h3>\n<p data-start=\"548\" data-end=\"885\">Fabricada com uma pega ergon\u00f3mica, a batedeira \u00e9 leve e confort\u00e1vel de utilizar, mesmo durante uma utiliza\u00e7\u00e3o prolongada. Os controlos simples permitem aos utilizadores mudar de velocidade sem esfor\u00e7o, enquanto os batedores e os ganchos amov\u00edveis tornam a limpeza r\u00e1pida e conveniente. O seu design compacto tamb\u00e9m garante uma arruma\u00e7\u00e3o f\u00e1cil, tornando-a adequada para qualquer tamanho de cozinha.<\/p>\n<h3 data-start=\"887\" data-end=\"919\">Constru\u00e7\u00e3o dur\u00e1vel e fi\u00e1vel<\/h3>\n<p data-start=\"920\" data-end=\"1196\">Fabricada com materiais de alta qualidade, a batedeira Cooks oferece estabilidade e durabilidade. Quer esteja a preparar sobremesas, molhos ou massas, esta batedeira foi concebida para funcionar de forma fi\u00e1vel ao longo do tempo. O seu design moderno complementa tanto as cozinhas dom\u00e9sticas como as profissionais.<\/p>\n<h3 data-start=\"1198\" data-end=\"1246\">Fornecedor de confian\u00e7a e op\u00e7\u00f5es de personaliza\u00e7\u00e3o<\/h3>\n<p data-start=\"1247\" data-end=\"1663\">Mega Vision Company Limited, uma empresa l\u00edder <strong data-start=\"1286\" data-end=\"1352\"><a class=\"decorated-link\" href=\"https:\/\/megavision-electronics.com\/pt\/\" target=\"_new\" rel=\"noopener\" data-start=\"1288\" data-end=\"1350\">fornecedor de electrodom\u00e9sticos<\/a><\/strong>A empresa, que tem como objetivo fornecer produtos inovadores e de alta qualidade para satisfazer as exig\u00eancias dos agregados familiares a n\u00edvel mundial. Para al\u00e9m da sua gama de <a href=\"https:\/\/megavision-electronics.com\/pt\/category\/mixing-machine\/\"><strong data-start=\"1467\" data-end=\"1494\">batedeira profissional<\/strong><\/a> modelos, a empresa tamb\u00e9m fornece<a href=\"https:\/\/megavision-electronics.com\/pt\/products\/\"> electrodom\u00e9sticos e aparelhos de cozinha<\/a>\u00a0concebidos para se adaptarem \u00e0s necessidades espec\u00edficas da marca e do mercado, oferecendo flexibilidade e valor aos parceiros comerciais.<\/p>","protected":false},"excerpt":{"rendered":"<p>Potente 200W <a href=\"https:\/\/megavision-electronics.com\/pt\/produto\/200w-cooks-hand-mixer\/\">Batedeira de m\u00e3o Cooks<\/a> Concebida para misturar, bater e bater sem esfor\u00e7o, com v\u00e1rias regula\u00e7\u00f5es de velocidade e um manuseamento ergon\u00f3mico para as necessidades di\u00e1rias de cozedura e panifica\u00e7\u00e3o.<\/p>\n<p>Saiba mais sobre <a href=\"https:\/\/megavision-electronics.com\/pt\/category\/hand-mixer\/\">batedeira manual<\/a>.<\/p>","protected":false},"featured_media":12620,"template":"","meta":{"_et_pb_use_builder":"","_et_pb_old_content":"","_et_gb_content_width":""},"product_cat":[224],"product_tag":[233],"yoast_head":"<!-- This site is optimized with the Yoast SEO plugin v22.7 - https:\/\/yoast.com\/wordpress\/plugins\/seo\/ -->\n<title>High-Quality 200W Cooks Hand Mixer | Durable &amp; Reliable Home Appliance Supplier<\/title>\n<meta name=\"description\" content=\"Explore Mega\u2019s wide range of durable, energy-efficient 200W Cooks Hand Mixer designed for modern living. Wholesale and OEM services available. Trusted supplier worldwide\" \/>\n<meta name=\"robots\" content=\"index, follow, max-snippet:-1, max-image-preview:large, max-video-preview:-1\" \/>\n<link rel=\"canonical\" href=\"https:\/\/megavision-electronics.com\/pt\/produto\/200w-cooks-hand-mixer\/\" \/>\n<meta property=\"og:locale\" content=\"pt_PT\" \/>\n<meta property=\"og:type\" content=\"article\" \/>\n<meta property=\"og:title\" content=\"High-Quality 200W Cooks Hand Mixer | Durable &amp; Reliable Home Appliance Supplier\" \/>\n<meta property=\"og:description\" content=\"Explore Mega\u2019s wide range of durable, energy-efficient 200W Cooks Hand Mixer designed for modern living. Wholesale and OEM services available. Trusted supplier worldwide\" \/>\n<meta property=\"og:url\" content=\"https:\/\/megavision-electronics.com\/pt\/produto\/200w-cooks-hand-mixer\/\" \/>\n<meta property=\"og:site_name\" content=\"Mega Home Appliances\" \/>\n<meta property=\"article:modified_time\" content=\"2025-09-27T03:31:07+00:00\" \/>\n<meta property=\"og:image\" content=\"https:\/\/megavision-electronics.com\/wp-content\/uploads\/2025\/07\/hand-mixer.webp\" \/>\n\t<meta property=\"og:image:width\" content=\"768\" \/>\n\t<meta property=\"og:image:height\" content=\"768\" \/>\n\t<meta property=\"og:image:type\" content=\"image\/webp\" \/>\n<meta name=\"twitter:card\" content=\"summary_large_image\" \/>\n<meta name=\"twitter:label1\" content=\"Tempo estimado de leitura\" \/>\n\t<meta name=\"twitter:data1\" content=\"2 minutos\" \/>\n<script type=\"application\/ld+json\" class=\"yoast-schema-graph\">{\"@context\":\"https:\/\/schema.org\",\"@graph\":[{\"@type\":\"WebPage\",\"@id\":\"https:\/\/megavision-electronics.com\/product\/200w-cooks-hand-mixer\/\",\"url\":\"https:\/\/megavision-electronics.com\/product\/200w-cooks-hand-mixer\/\",\"name\":\"High-Quality 200W Cooks Hand Mixer | Durable & Reliable Home Appliance Supplier\",\"isPartOf\":{\"@id\":\"https:\/\/megavision-electronics.com\/#website\"},\"primaryImageOfPage\":{\"@id\":\"https:\/\/megavision-electronics.com\/product\/200w-cooks-hand-mixer\/#primaryimage\"},\"image\":{\"@id\":\"https:\/\/megavision-electronics.com\/product\/200w-cooks-hand-mixer\/#primaryimage\"},\"thumbnailUrl\":\"https:\/\/megavision-electronics.com\/wp-content\/uploads\/2025\/07\/hand-mixer.webp\",\"datePublished\":\"2025-07-10T06:25:22+00:00\",\"dateModified\":\"2025-09-27T03:31:07+00:00\",\"description\":\"Explore Mega\u2019s wide range of durable, energy-efficient 200W Cooks Hand Mixer designed for modern living. Wholesale and OEM services available. Trusted supplier worldwide\",\"breadcrumb\":{\"@id\":\"https:\/\/megavision-electronics.com\/product\/200w-cooks-hand-mixer\/#breadcrumb\"},\"inLanguage\":\"pt-PT\",\"potentialAction\":[{\"@type\":\"ReadAction\",\"target\":[\"https:\/\/megavision-electronics.com\/product\/200w-cooks-hand-mixer\/\"]}]},{\"@type\":\"ImageObject\",\"inLanguage\":\"pt-PT\",\"@id\":\"https:\/\/megavision-electronics.com\/product\/200w-cooks-hand-mixer\/#primaryimage\",\"url\":\"https:\/\/megavision-electronics.com\/wp-content\/uploads\/2025\/07\/hand-mixer.webp\",\"contentUrl\":\"https:\/\/megavision-electronics.com\/wp-content\/uploads\/2025\/07\/hand-mixer.webp\",\"width\":768,\"height\":768,\"caption\":\"hand mixer\"},{\"@type\":\"BreadcrumbList\",\"@id\":\"https:\/\/megavision-electronics.com\/product\/200w-cooks-hand-mixer\/#breadcrumb\",\"itemListElement\":[{\"@type\":\"ListItem\",\"position\":1,\"name\":\"Home\",\"item\":\"https:\/\/megavision-electronics.com\/\"},{\"@type\":\"ListItem\",\"position\":2,\"name\":\"Products\",\"item\":\"https:\/\/megavision-electronics.com\/shop\/\"},{\"@type\":\"ListItem\",\"position\":3,\"name\":\"200W Cooks Hand Mixer\"}]},{\"@type\":\"WebSite\",\"@id\":\"https:\/\/megavision-electronics.com\/#website\",\"url\":\"https:\/\/megavision-electronics.com\/\",\"name\":\"Mega Home Appliances\",\"description\":\"Mega Home Appliances\",\"publisher\":{\"@id\":\"https:\/\/megavision-electronics.com\/#organization\"},\"potentialAction\":[{\"@type\":\"SearchAction\",\"target\":{\"@type\":\"EntryPoint\",\"urlTemplate\":\"https:\/\/megavision-electronics.com\/?s={search_term_string}\"},\"query-input\":\"required name=search_term_string\"}],\"inLanguage\":\"pt-PT\"},{\"@type\":\"Organization\",\"@id\":\"https:\/\/megavision-electronics.com\/#organization\",\"name\":\"Mega Vision Company Limited\",\"url\":\"https:\/\/megavision-electronics.com\/\",\"logo\":{\"@type\":\"ImageObject\",\"inLanguage\":\"pt-PT\",\"@id\":\"https:\/\/megavision-electronics.com\/#\/schema\/logo\/image\/\",\"url\":\"https:\/\/megavision-electronics.com\/wp-content\/uploads\/2025\/06\/cropped-logo.webp\",\"contentUrl\":\"https:\/\/megavision-electronics.com\/wp-content\/uploads\/2025\/06\/cropped-logo.webp\",\"width\":512,\"height\":512,\"caption\":\"Mega Vision Company Limited\"},\"image\":{\"@id\":\"https:\/\/megavision-electronics.com\/#\/schema\/logo\/image\/\"}}]}<\/script>\n<!-- \/ Yoast SEO plugin. -->","yoast_head_json":{"title":"High-Quality 200W Cooks Hand Mixer | Durable & Reliable Home Appliance Supplier","description":"Explore Mega\u2019s wide range of durable, energy-efficient 200W Cooks Hand Mixer designed for modern living. Wholesale and OEM services available. Trusted supplier worldwide","robots":{"index":"index","follow":"follow","max-snippet":"max-snippet:-1","max-image-preview":"max-image-preview:large","max-video-preview":"max-video-preview:-1"},"canonical":"https:\/\/megavision-electronics.com\/pt\/produto\/200w-cooks-hand-mixer\/","og_locale":"pt_PT","og_type":"article","og_title":"High-Quality 200W Cooks Hand Mixer | Durable & Reliable Home Appliance Supplier","og_description":"Explore Mega\u2019s wide range of durable, energy-efficient 200W Cooks Hand Mixer designed for modern living. Wholesale and OEM services available. Trusted supplier worldwide","og_url":"https:\/\/megavision-electronics.com\/pt\/produto\/200w-cooks-hand-mixer\/","og_site_name":"Mega Home Appliances","article_modified_time":"2025-09-27T03:31:07+00:00","og_image":[{"width":768,"height":768,"url":"https:\/\/megavision-electronics.com\/wp-content\/uploads\/2025\/07\/hand-mixer.webp","type":"image\/webp"}],"twitter_card":"summary_large_image","twitter_misc":{"Tempo estimado de leitura":"2 minutos"},"schema":{"@context":"https:\/\/schema.org","@graph":[{"@type":"WebPage","@id":"https:\/\/megavision-electronics.com\/product\/200w-cooks-hand-mixer\/","url":"https:\/\/megavision-electronics.com\/product\/200w-cooks-hand-mixer\/","name":"High-Quality 200W Cooks Hand Mixer | Durable & Reliable Home Appliance Supplier","isPartOf":{"@id":"https:\/\/megavision-electronics.com\/#website"},"primaryImageOfPage":{"@id":"https:\/\/megavision-electronics.com\/product\/200w-cooks-hand-mixer\/#primaryimage"},"image":{"@id":"https:\/\/megavision-electronics.com\/product\/200w-cooks-hand-mixer\/#primaryimage"},"thumbnailUrl":"https:\/\/megavision-electronics.com\/wp-content\/uploads\/2025\/07\/hand-mixer.webp","datePublished":"2025-07-10T06:25:22+00:00","dateModified":"2025-09-27T03:31:07+00:00","description":"Explore Mega\u2019s wide range of durable, energy-efficient 200W Cooks Hand Mixer designed for modern living. Wholesale and OEM services available. Trusted supplier worldwide","breadcrumb":{"@id":"https:\/\/megavision-electronics.com\/product\/200w-cooks-hand-mixer\/#breadcrumb"},"inLanguage":"pt-PT","potentialAction":[{"@type":"ReadAction","target":["https:\/\/megavision-electronics.com\/product\/200w-cooks-hand-mixer\/"]}]},{"@type":"ImageObject","inLanguage":"pt-PT","@id":"https:\/\/megavision-electronics.com\/product\/200w-cooks-hand-mixer\/#primaryimage","url":"https:\/\/megavision-electronics.com\/wp-content\/uploads\/2025\/07\/hand-mixer.webp","contentUrl":"https:\/\/megavision-electronics.com\/wp-content\/uploads\/2025\/07\/hand-mixer.webp","width":768,"height":768,"caption":"hand mixer"},{"@type":"BreadcrumbList","@id":"https:\/\/megavision-electronics.com\/product\/200w-cooks-hand-mixer\/#breadcrumb","itemListElement":[{"@type":"ListItem","position":1,"name":"Home","item":"https:\/\/megavision-electronics.com\/"},{"@type":"ListItem","position":2,"name":"Products","item":"https:\/\/megavision-electronics.com\/shop\/"},{"@type":"ListItem","position":3,"name":"200W Cooks Hand Mixer"}]},{"@type":"WebSite","@id":"https:\/\/megavision-electronics.com\/#website","url":"https:\/\/megavision-electronics.com\/","name":"Mega Home Appliances","description":"Mega Home Appliances","publisher":{"@id":"https:\/\/megavision-electronics.com\/#organization"},"potentialAction":[{"@type":"SearchAction","target":{"@type":"EntryPoint","urlTemplate":"https:\/\/megavision-electronics.com\/?s={search_term_string}"},"query-input":"required name=search_term_string"}],"inLanguage":"pt-PT"},{"@type":"Organization","@id":"https:\/\/megavision-electronics.com\/#organization","name":"Mega Vision Company Limited","url":"https:\/\/megavision-electronics.com\/","logo":{"@type":"ImageObject","inLanguage":"pt-PT","@id":"https:\/\/megavision-electronics.com\/#\/schema\/logo\/image\/","url":"https:\/\/megavision-electronics.com\/wp-content\/uploads\/2025\/06\/cropped-logo.webp","contentUrl":"https:\/\/megavision-electronics.com\/wp-content\/uploads\/2025\/06\/cropped-logo.webp","width":512,"height":512,"caption":"Mega Vision Company Limited"},"image":{"@id":"https:\/\/megavision-electronics.com\/#\/schema\/logo\/image\/"}}]}},"_links":{"self":[{"href":"https:\/\/megavision-electronics.com\/pt\/wp-json\/wp\/v2\/product\/12617"}],"collection":[{"href":"https:\/\/megavision-electronics.com\/pt\/wp-json\/wp\/v2\/product"}],"about":[{"href":"https:\/\/megavision-electronics.com\/pt\/wp-json\/wp\/v2\/types\/product"}],"wp:featuredmedia":[{"embeddable":true,"href":"https:\/\/megavision-electronics.com\/pt\/wp-json\/wp\/v2\/media\/12620"}],"wp:attachment":[{"href":"https:\/\/megavision-electronics.com\/pt\/wp-json\/wp\/v2\/media?parent=12617"}],"wp:term":[{"taxonomy":"product_cat","embeddable":true,"href":"https:\/\/megavision-electronics.com\/pt\/wp-json\/wp\/v2\/product_cat?post=12617"},{"taxonomy":"product_tag","embeddable":true,"href":"https:\/\/megavision-electronics.com\/pt\/wp-json\/wp\/v2\/product_tag?post=12617"}],"curies":[{"name":"wp","href":"https:\/\/api.w.org\/{rel}","templated":true}]}}