{"id":12674,"date":"2025-07-17T03:34:07","date_gmt":"2025-07-17T03:34:07","guid":{"rendered":"https:\/\/megavision-electronics.com\/?post_type=product&#038;p=12674"},"modified":"2025-07-17T03:41:11","modified_gmt":"2025-07-17T03:41:11","slug":"mv236dm-dough-mixer-stand-mixer-7-qt","status":"publish","type":"product","link":"https:\/\/megavision-electronics.com\/pt\/produto\/mv236dm-dough-mixer-stand-mixer-7-qt\/","title":{"rendered":"MV236DM Batedeira de p\u00e9 para massa 7 qt"},"content":{"rendered":"<h2>Especifica\u00e7\u00f5es da amassadeira MV236DM <a href=\"https:\/\/megavision-electronics.com\/pt\/produto\/mv236dm-dough-mixer-mix-blender\/\"><strong>Batedeira de p\u00e9 7 qt<\/strong><\/a><\/h2>\n<p>Ta\u00e7a de 5,5 L em a\u00e7o inoxid\u00e1vel 304 (capacidade real de 5,2 L)<\/p>\n<p>AC 220-240V 50\/60Hz, 1500W<\/p>\n<p>Arranque lento com controlo PCB inteligente para manter as rota\u00e7\u00f5es<\/p>\n<p>Controlo cont\u00ednuo de 10 velocidades com fun\u00e7\u00e3o de impulso<\/p>\n<p>Mecanismo de eleva\u00e7\u00e3o com interrutor de seguran\u00e7a<\/p>\n<p>Caixa em ABS cinzento moldado por inje\u00e7\u00e3o<\/p>\n<p>Acess\u00f3rios de s\u00e9rie: gancho para massa, batedor, batedor de ovos, prote\u00e7\u00e3o anti-salpicos multifun\u00e7\u00f5es<\/p>\n<p>Embalagem: caixa a cores, manual de instru\u00e7\u00f5es, etiqueta de classifica\u00e7\u00e3o, cart\u00e3o castanho<\/p>","protected":false},"excerpt":{"rendered":"<p>MV236DM Batedeira de massa: 5,5L (5,2L atual) 304 tigela, 1500W (220-240V). 10 velocidades + pulsa\u00e7\u00e3o, arranque lento. Seguran\u00e7a de eleva\u00e7\u00e3o, ABS cinzento. Acess\u00f3rios inclu\u00eddos. Embalado com manual, etc.<\/p>\n<p>Ver mais em <strong><a href=\"https:\/\/megavision-electronics.com\/pt\/category\/mixing-machine\/\">m\u00e1quina de mistura<\/a><\/strong>.<\/p>","protected":false},"featured_media":12676,"template":"","meta":{"_et_pb_use_builder":"","_et_pb_old_content":"","_et_gb_content_width":""},"product_cat":[218],"product_tag":[],"yoast_head":"<!-- This site is optimized with the Yoast SEO plugin v22.7 - https:\/\/yoast.com\/wordpress\/plugins\/seo\/ -->\n<title>High-Quality MV236DM Dough Mixer Stand Mixer 7 qt | Durable &amp; Reliable Home Appliance Supplier<\/title>\n<meta name=\"description\" content=\"Explore Mega\u2019s wide range of durable, energy-efficient MV236DM Dough Mixer Stand Mixer 7 qt designed for modern living. Wholesale and OEM services available. Trusted supplier worldwide\" \/>\n<meta name=\"robots\" content=\"index, follow, max-snippet:-1, max-image-preview:large, max-video-preview:-1\" \/>\n<link rel=\"canonical\" href=\"https:\/\/megavision-electronics.com\/pt\/produto\/mv236dm-dough-mixer-stand-mixer-7-qt\/\" \/>\n<meta property=\"og:locale\" content=\"pt_PT\" \/>\n<meta property=\"og:type\" content=\"article\" \/>\n<meta property=\"og:title\" content=\"High-Quality MV236DM Dough Mixer Stand Mixer 7 qt | Durable &amp; Reliable Home Appliance Supplier\" \/>\n<meta property=\"og:description\" content=\"Explore Mega\u2019s wide range of durable, energy-efficient MV236DM Dough Mixer Stand Mixer 7 qt designed for modern living. Wholesale and OEM services available. Trusted supplier worldwide\" \/>\n<meta property=\"og:url\" content=\"https:\/\/megavision-electronics.com\/pt\/produto\/mv236dm-dough-mixer-stand-mixer-7-qt\/\" \/>\n<meta property=\"og:site_name\" content=\"Mega Home Appliances\" \/>\n<meta property=\"article:modified_time\" content=\"2025-07-17T03:41:11+00:00\" \/>\n<meta property=\"og:image\" content=\"https:\/\/megavision-electronics.com\/wp-content\/uploads\/2025\/07\/MV236DM-Dough-Mixer-Mix-Blender.webp\" \/>\n\t<meta property=\"og:image:width\" content=\"1100\" \/>\n\t<meta property=\"og:image:height\" content=\"1100\" \/>\n\t<meta property=\"og:image:type\" content=\"image\/webp\" \/>\n<meta name=\"twitter:card\" content=\"summary_large_image\" \/>\n<meta name=\"twitter:label1\" content=\"Tempo estimado de leitura\" \/>\n\t<meta name=\"twitter:data1\" content=\"1 minuto\" \/>\n<script type=\"application\/ld+json\" class=\"yoast-schema-graph\">{\"@context\":\"https:\/\/schema.org\",\"@graph\":[{\"@type\":\"WebPage\",\"@id\":\"https:\/\/megavision-electronics.com\/product\/mv236dm-dough-mixer-stand-mixer-7-qt\/\",\"url\":\"https:\/\/megavision-electronics.com\/product\/mv236dm-dough-mixer-stand-mixer-7-qt\/\",\"name\":\"High-Quality MV236DM Dough Mixer Stand Mixer 7 qt | Durable & Reliable Home Appliance Supplier\",\"isPartOf\":{\"@id\":\"https:\/\/megavision-electronics.com\/#website\"},\"primaryImageOfPage\":{\"@id\":\"https:\/\/megavision-electronics.com\/product\/mv236dm-dough-mixer-stand-mixer-7-qt\/#primaryimage\"},\"image\":{\"@id\":\"https:\/\/megavision-electronics.com\/product\/mv236dm-dough-mixer-stand-mixer-7-qt\/#primaryimage\"},\"thumbnailUrl\":\"https:\/\/megavision-electronics.com\/wp-content\/uploads\/2025\/07\/MV236DM-Dough-Mixer-Mix-Blender.webp\",\"datePublished\":\"2025-07-17T03:34:07+00:00\",\"dateModified\":\"2025-07-17T03:41:11+00:00\",\"description\":\"Explore Mega\u2019s wide range of durable, energy-efficient MV236DM Dough Mixer Stand Mixer 7 qt designed for modern living. Wholesale and OEM services available. Trusted supplier worldwide\",\"breadcrumb\":{\"@id\":\"https:\/\/megavision-electronics.com\/product\/mv236dm-dough-mixer-stand-mixer-7-qt\/#breadcrumb\"},\"inLanguage\":\"pt-PT\",\"potentialAction\":[{\"@type\":\"ReadAction\",\"target\":[\"https:\/\/megavision-electronics.com\/product\/mv236dm-dough-mixer-stand-mixer-7-qt\/\"]}]},{\"@type\":\"ImageObject\",\"inLanguage\":\"pt-PT\",\"@id\":\"https:\/\/megavision-electronics.com\/product\/mv236dm-dough-mixer-stand-mixer-7-qt\/#primaryimage\",\"url\":\"https:\/\/megavision-electronics.com\/wp-content\/uploads\/2025\/07\/MV236DM-Dough-Mixer-Mix-Blender.webp\",\"contentUrl\":\"https:\/\/megavision-electronics.com\/wp-content\/uploads\/2025\/07\/MV236DM-Dough-Mixer-Mix-Blender.webp\",\"width\":1100,\"height\":1100,\"caption\":\"MV236DM Dough Mixer Mix Blender\"},{\"@type\":\"BreadcrumbList\",\"@id\":\"https:\/\/megavision-electronics.com\/product\/mv236dm-dough-mixer-stand-mixer-7-qt\/#breadcrumb\",\"itemListElement\":[{\"@type\":\"ListItem\",\"position\":1,\"name\":\"Home\",\"item\":\"https:\/\/megavision-electronics.com\/\"},{\"@type\":\"ListItem\",\"position\":2,\"name\":\"Products\",\"item\":\"https:\/\/megavision-electronics.com\/shop\/\"},{\"@type\":\"ListItem\",\"position\":3,\"name\":\"MV236DM Dough Mixer Stand Mixer 7 qt\"}]},{\"@type\":\"WebSite\",\"@id\":\"https:\/\/megavision-electronics.com\/#website\",\"url\":\"https:\/\/megavision-electronics.com\/\",\"name\":\"Mega Home Appliances\",\"description\":\"Mega Home Appliances\",\"publisher\":{\"@id\":\"https:\/\/megavision-electronics.com\/#organization\"},\"potentialAction\":[{\"@type\":\"SearchAction\",\"target\":{\"@type\":\"EntryPoint\",\"urlTemplate\":\"https:\/\/megavision-electronics.com\/?s={search_term_string}\"},\"query-input\":\"required name=search_term_string\"}],\"inLanguage\":\"pt-PT\"},{\"@type\":\"Organization\",\"@id\":\"https:\/\/megavision-electronics.com\/#organization\",\"name\":\"Mega Vision Company Limited\",\"url\":\"https:\/\/megavision-electronics.com\/\",\"logo\":{\"@type\":\"ImageObject\",\"inLanguage\":\"pt-PT\",\"@id\":\"https:\/\/megavision-electronics.com\/#\/schema\/logo\/image\/\",\"url\":\"https:\/\/megavision-electronics.com\/wp-content\/uploads\/2025\/06\/cropped-logo.webp\",\"contentUrl\":\"https:\/\/megavision-electronics.com\/wp-content\/uploads\/2025\/06\/cropped-logo.webp\",\"width\":512,\"height\":512,\"caption\":\"Mega Vision Company Limited\"},\"image\":{\"@id\":\"https:\/\/megavision-electronics.com\/#\/schema\/logo\/image\/\"}}]}<\/script>\n<!-- \/ Yoast SEO plugin. -->","yoast_head_json":{"title":"High-Quality MV236DM Dough Mixer Stand Mixer 7 qt | Durable & Reliable Home Appliance Supplier","description":"Explore Mega\u2019s wide range of durable, energy-efficient MV236DM Dough Mixer Stand Mixer 7 qt designed for modern living. Wholesale and OEM services available. Trusted supplier worldwide","robots":{"index":"index","follow":"follow","max-snippet":"max-snippet:-1","max-image-preview":"max-image-preview:large","max-video-preview":"max-video-preview:-1"},"canonical":"https:\/\/megavision-electronics.com\/pt\/produto\/mv236dm-dough-mixer-stand-mixer-7-qt\/","og_locale":"pt_PT","og_type":"article","og_title":"High-Quality MV236DM Dough Mixer Stand Mixer 7 qt | Durable & Reliable Home Appliance Supplier","og_description":"Explore Mega\u2019s wide range of durable, energy-efficient MV236DM Dough Mixer Stand Mixer 7 qt designed for modern living. Wholesale and OEM services available. Trusted supplier worldwide","og_url":"https:\/\/megavision-electronics.com\/pt\/produto\/mv236dm-dough-mixer-stand-mixer-7-qt\/","og_site_name":"Mega Home Appliances","article_modified_time":"2025-07-17T03:41:11+00:00","og_image":[{"width":1100,"height":1100,"url":"https:\/\/megavision-electronics.com\/wp-content\/uploads\/2025\/07\/MV236DM-Dough-Mixer-Mix-Blender.webp","type":"image\/webp"}],"twitter_card":"summary_large_image","twitter_misc":{"Tempo estimado de leitura":"1 minuto"},"schema":{"@context":"https:\/\/schema.org","@graph":[{"@type":"WebPage","@id":"https:\/\/megavision-electronics.com\/product\/mv236dm-dough-mixer-stand-mixer-7-qt\/","url":"https:\/\/megavision-electronics.com\/product\/mv236dm-dough-mixer-stand-mixer-7-qt\/","name":"High-Quality MV236DM Dough Mixer Stand Mixer 7 qt | Durable & Reliable Home Appliance Supplier","isPartOf":{"@id":"https:\/\/megavision-electronics.com\/#website"},"primaryImageOfPage":{"@id":"https:\/\/megavision-electronics.com\/product\/mv236dm-dough-mixer-stand-mixer-7-qt\/#primaryimage"},"image":{"@id":"https:\/\/megavision-electronics.com\/product\/mv236dm-dough-mixer-stand-mixer-7-qt\/#primaryimage"},"thumbnailUrl":"https:\/\/megavision-electronics.com\/wp-content\/uploads\/2025\/07\/MV236DM-Dough-Mixer-Mix-Blender.webp","datePublished":"2025-07-17T03:34:07+00:00","dateModified":"2025-07-17T03:41:11+00:00","description":"Explore Mega\u2019s wide range of durable, energy-efficient MV236DM Dough Mixer Stand Mixer 7 qt designed for modern living. Wholesale and OEM services available. Trusted supplier worldwide","breadcrumb":{"@id":"https:\/\/megavision-electronics.com\/product\/mv236dm-dough-mixer-stand-mixer-7-qt\/#breadcrumb"},"inLanguage":"pt-PT","potentialAction":[{"@type":"ReadAction","target":["https:\/\/megavision-electronics.com\/product\/mv236dm-dough-mixer-stand-mixer-7-qt\/"]}]},{"@type":"ImageObject","inLanguage":"pt-PT","@id":"https:\/\/megavision-electronics.com\/product\/mv236dm-dough-mixer-stand-mixer-7-qt\/#primaryimage","url":"https:\/\/megavision-electronics.com\/wp-content\/uploads\/2025\/07\/MV236DM-Dough-Mixer-Mix-Blender.webp","contentUrl":"https:\/\/megavision-electronics.com\/wp-content\/uploads\/2025\/07\/MV236DM-Dough-Mixer-Mix-Blender.webp","width":1100,"height":1100,"caption":"MV236DM Dough Mixer Mix Blender"},{"@type":"BreadcrumbList","@id":"https:\/\/megavision-electronics.com\/product\/mv236dm-dough-mixer-stand-mixer-7-qt\/#breadcrumb","itemListElement":[{"@type":"ListItem","position":1,"name":"Home","item":"https:\/\/megavision-electronics.com\/"},{"@type":"ListItem","position":2,"name":"Products","item":"https:\/\/megavision-electronics.com\/shop\/"},{"@type":"ListItem","position":3,"name":"MV236DM Dough Mixer Stand Mixer 7 qt"}]},{"@type":"WebSite","@id":"https:\/\/megavision-electronics.com\/#website","url":"https:\/\/megavision-electronics.com\/","name":"Mega Home Appliances","description":"Mega Home Appliances","publisher":{"@id":"https:\/\/megavision-electronics.com\/#organization"},"potentialAction":[{"@type":"SearchAction","target":{"@type":"EntryPoint","urlTemplate":"https:\/\/megavision-electronics.com\/?s={search_term_string}"},"query-input":"required name=search_term_string"}],"inLanguage":"pt-PT"},{"@type":"Organization","@id":"https:\/\/megavision-electronics.com\/#organization","name":"Mega Vision Company Limited","url":"https:\/\/megavision-electronics.com\/","logo":{"@type":"ImageObject","inLanguage":"pt-PT","@id":"https:\/\/megavision-electronics.com\/#\/schema\/logo\/image\/","url":"https:\/\/megavision-electronics.com\/wp-content\/uploads\/2025\/06\/cropped-logo.webp","contentUrl":"https:\/\/megavision-electronics.com\/wp-content\/uploads\/2025\/06\/cropped-logo.webp","width":512,"height":512,"caption":"Mega Vision Company Limited"},"image":{"@id":"https:\/\/megavision-electronics.com\/#\/schema\/logo\/image\/"}}]}},"_links":{"self":[{"href":"https:\/\/megavision-electronics.com\/pt\/wp-json\/wp\/v2\/product\/12674"}],"collection":[{"href":"https:\/\/megavision-electronics.com\/pt\/wp-json\/wp\/v2\/product"}],"about":[{"href":"https:\/\/megavision-electronics.com\/pt\/wp-json\/wp\/v2\/types\/product"}],"wp:featuredmedia":[{"embeddable":true,"href":"https:\/\/megavision-electronics.com\/pt\/wp-json\/wp\/v2\/media\/12676"}],"wp:attachment":[{"href":"https:\/\/megavision-electronics.com\/pt\/wp-json\/wp\/v2\/media?parent=12674"}],"wp:term":[{"taxonomy":"product_cat","embeddable":true,"href":"https:\/\/megavision-electronics.com\/pt\/wp-json\/wp\/v2\/product_cat?post=12674"},{"taxonomy":"product_tag","embeddable":true,"href":"https:\/\/megavision-electronics.com\/pt\/wp-json\/wp\/v2\/product_tag?post=12674"}],"curies":[{"name":"wp","href":"https:\/\/api.w.org\/{rel}","templated":true}]}}