{"id":13020,"date":"2025-09-26T08:19:06","date_gmt":"2025-09-26T08:19:06","guid":{"rendered":"https:\/\/megavision-electronics.com\/?post_type=product&#038;p=13020"},"modified":"2025-09-26T08:46:44","modified_gmt":"2025-09-26T08:46:44","slug":"cg-009-adjustable-electric-coffee-grinder","status":"publish","type":"product","link":"https:\/\/megavision-electronics.com\/pt\/produto\/cg-009-adjustable-electric-coffee-grinder\/","title":{"rendered":"CG-009 Moinho de caf\u00e9 el\u00e9trico ajust\u00e1vel"},"content":{"rendered":"<h2 data-start=\"155\" data-end=\"210\">Precision with Adjustable Electric Coffee Grinder<\/h2>\n<p data-start=\"211\" data-end=\"612\">Brew coffee exactly the way you like it with the <a class=\"decorated-link\" href=\"https:\/\/megavision-electronics.com\/pt\/produto\/cg-009-adjustable-electric-coffee-grinder\/\" target=\"_new\" rel=\"noopener\" data-start=\"260\" data-end=\"383\">Adjustable Electric Coffee Grinder<\/a>. Designed with multiple grind settings, it allows you to choose from fine espresso grounds to coarse French press textures. Its powerful motor and durable blades guarantee consistent performance for the perfect cup every time.<\/p>\n<h2 data-start=\"614\" data-end=\"652\">Multi-Functional and Easy to Use<\/h2>\n<p data-start=\"653\" data-end=\"1032\">This grinder does more than coffee beans\u2014it\u2019s also perfect for spices and dry ingredients, making it a versatile partner to an <a class=\"decorated-link\" href=\"https:\/\/megavision-electronics.com\/pt\/category\/electric-blender\/\" target=\"_new\" rel=\"noopener\" data-start=\"780\" data-end=\"866\">moedor de alimentos el\u00e9trico<\/a>. With its simple controls and user-friendly design, you can switch between grind levels effortlessly, bringing convenience and flexibility to your kitchen routine.<\/p>\n<h2 data-start=\"1034\" data-end=\"1084\">Reliable Quality from Megavision Electronics<\/h2>\n<p data-start=\"1085\" data-end=\"1377\">Available now at <a class=\"decorated-link\" href=\"https:\/\/megavision-electronics.com\/pt\/\" target=\"_new\" rel=\"noopener\" data-start=\"1102\" data-end=\"1157\">blender for sale<\/a>, this appliance showcases Megavision Electronics\u2019 commitment to offering modern, durable, and stylish home solutions. Compact yet powerful, the adjustable grinder combines innovation with reliability for everyday use.<\/p>","protected":false},"excerpt":{"rendered":"<ul>\n<li>400W 5430 motor-DC<\/li>\n<li>400g large capacity<\/li>\n<li>Patent 2\/6\/8 Blades stainless steel<\/li>\n<li>Food grade ABS and stainless steel<\/li>\n<li>360\u3002convenient storage of power cord on the button<\/li>\n<li>Mulitifunctional grinding coffee, cardamom, nuts, spices .<\/li>\n<\/ul>","protected":false},"featured_media":13022,"template":"","meta":{"_et_pb_use_builder":"","_et_pb_old_content":"","_et_gb_content_width":""},"product_cat":[217],"product_tag":[253],"yoast_head":"<!-- This site is optimized with the Yoast SEO plugin v22.7 - https:\/\/yoast.com\/wordpress\/plugins\/seo\/ -->\n<title>Buy Premium Adjustable Electric Coffee Grinder with Multiple Settings<\/title>\n<meta name=\"description\" content=\"Shop the Adjustable Electric Coffee Grinder for precise, customizable grinding. Durable, versatile, and compact, available now at Megavision Electronics.\" \/>\n<meta name=\"robots\" content=\"index, follow, max-snippet:-1, max-image-preview:large, max-video-preview:-1\" \/>\n<link rel=\"canonical\" href=\"https:\/\/megavision-electronics.com\/pt\/produto\/cg-009-adjustable-electric-coffee-grinder\/\" \/>\n<meta property=\"og:locale\" content=\"pt_PT\" \/>\n<meta property=\"og:type\" content=\"article\" \/>\n<meta property=\"og:title\" content=\"Buy Premium Adjustable Electric Coffee Grinder with Multiple Settings\" \/>\n<meta property=\"og:description\" content=\"Shop the Adjustable Electric Coffee Grinder for precise, customizable grinding. Durable, versatile, and compact, available now at Megavision Electronics.\" \/>\n<meta property=\"og:url\" content=\"https:\/\/megavision-electronics.com\/pt\/produto\/cg-009-adjustable-electric-coffee-grinder\/\" \/>\n<meta property=\"og:site_name\" content=\"Mega Home Appliances\" \/>\n<meta property=\"article:modified_time\" content=\"2025-09-26T08:46:44+00:00\" \/>\n<meta property=\"og:image\" content=\"https:\/\/megavision-electronics.com\/wp-content\/uploads\/2025\/09\/CG-009-Adjustable-Electric-Coffee-Grinder\u200b.webp\" \/>\n\t<meta property=\"og:image:width\" content=\"800\" \/>\n\t<meta property=\"og:image:height\" content=\"800\" \/>\n\t<meta property=\"og:image:type\" content=\"image\/webp\" \/>\n<meta name=\"twitter:card\" content=\"summary_large_image\" \/>\n<meta name=\"twitter:label1\" content=\"Tempo estimado de leitura\" \/>\n\t<meta name=\"twitter:data1\" content=\"1 minuto\" \/>\n<script type=\"application\/ld+json\" class=\"yoast-schema-graph\">{\"@context\":\"https:\/\/schema.org\",\"@graph\":[{\"@type\":\"WebPage\",\"@id\":\"https:\/\/megavision-electronics.com\/product\/cg-009-adjustable-electric-coffee-grinder\/\",\"url\":\"https:\/\/megavision-electronics.com\/product\/cg-009-adjustable-electric-coffee-grinder\/\",\"name\":\"Buy Premium Adjustable Electric Coffee Grinder with Multiple Settings\",\"isPartOf\":{\"@id\":\"https:\/\/megavision-electronics.com\/#website\"},\"primaryImageOfPage\":{\"@id\":\"https:\/\/megavision-electronics.com\/product\/cg-009-adjustable-electric-coffee-grinder\/#primaryimage\"},\"image\":{\"@id\":\"https:\/\/megavision-electronics.com\/product\/cg-009-adjustable-electric-coffee-grinder\/#primaryimage\"},\"thumbnailUrl\":\"https:\/\/megavision-electronics.com\/wp-content\/uploads\/2025\/09\/CG-009-Adjustable-Electric-Coffee-Grinder\u200b.webp\",\"datePublished\":\"2025-09-26T08:19:06+00:00\",\"dateModified\":\"2025-09-26T08:46:44+00:00\",\"description\":\"Shop the Adjustable Electric Coffee Grinder for precise, customizable grinding. Durable, versatile, and compact, available now at Megavision Electronics.\",\"breadcrumb\":{\"@id\":\"https:\/\/megavision-electronics.com\/product\/cg-009-adjustable-electric-coffee-grinder\/#breadcrumb\"},\"inLanguage\":\"pt-PT\",\"potentialAction\":[{\"@type\":\"ReadAction\",\"target\":[\"https:\/\/megavision-electronics.com\/product\/cg-009-adjustable-electric-coffee-grinder\/\"]}]},{\"@type\":\"ImageObject\",\"inLanguage\":\"pt-PT\",\"@id\":\"https:\/\/megavision-electronics.com\/product\/cg-009-adjustable-electric-coffee-grinder\/#primaryimage\",\"url\":\"https:\/\/megavision-electronics.com\/wp-content\/uploads\/2025\/09\/CG-009-Adjustable-Electric-Coffee-Grinder\u200b.webp\",\"contentUrl\":\"https:\/\/megavision-electronics.com\/wp-content\/uploads\/2025\/09\/CG-009-Adjustable-Electric-Coffee-Grinder\u200b.webp\",\"width\":800,\"height\":800,\"caption\":\"Adjustable Electric Coffee Grinder\u200b\"},{\"@type\":\"BreadcrumbList\",\"@id\":\"https:\/\/megavision-electronics.com\/product\/cg-009-adjustable-electric-coffee-grinder\/#breadcrumb\",\"itemListElement\":[{\"@type\":\"ListItem\",\"position\":1,\"name\":\"Home\",\"item\":\"https:\/\/megavision-electronics.com\/\"},{\"@type\":\"ListItem\",\"position\":2,\"name\":\"Products\",\"item\":\"https:\/\/megavision-electronics.com\/shop\/\"},{\"@type\":\"ListItem\",\"position\":3,\"name\":\"CG-009 Adjustable Electric Coffee Grinder\u200b\"}]},{\"@type\":\"WebSite\",\"@id\":\"https:\/\/megavision-electronics.com\/#website\",\"url\":\"https:\/\/megavision-electronics.com\/\",\"name\":\"Mega Home Appliances\",\"description\":\"Mega Home Appliances\",\"publisher\":{\"@id\":\"https:\/\/megavision-electronics.com\/#organization\"},\"potentialAction\":[{\"@type\":\"SearchAction\",\"target\":{\"@type\":\"EntryPoint\",\"urlTemplate\":\"https:\/\/megavision-electronics.com\/?s={search_term_string}\"},\"query-input\":\"required name=search_term_string\"}],\"inLanguage\":\"pt-PT\"},{\"@type\":\"Organization\",\"@id\":\"https:\/\/megavision-electronics.com\/#organization\",\"name\":\"Mega Vision Company Limited\",\"url\":\"https:\/\/megavision-electronics.com\/\",\"logo\":{\"@type\":\"ImageObject\",\"inLanguage\":\"pt-PT\",\"@id\":\"https:\/\/megavision-electronics.com\/#\/schema\/logo\/image\/\",\"url\":\"https:\/\/megavision-electronics.com\/wp-content\/uploads\/2025\/06\/cropped-logo.webp\",\"contentUrl\":\"https:\/\/megavision-electronics.com\/wp-content\/uploads\/2025\/06\/cropped-logo.webp\",\"width\":512,\"height\":512,\"caption\":\"Mega Vision Company Limited\"},\"image\":{\"@id\":\"https:\/\/megavision-electronics.com\/#\/schema\/logo\/image\/\"}}]}<\/script>\n<!-- \/ Yoast SEO plugin. -->","yoast_head_json":{"title":"Buy Premium Adjustable Electric Coffee Grinder with Multiple Settings","description":"Shop the Adjustable Electric Coffee Grinder for precise, customizable grinding. Durable, versatile, and compact, available now at Megavision Electronics.","robots":{"index":"index","follow":"follow","max-snippet":"max-snippet:-1","max-image-preview":"max-image-preview:large","max-video-preview":"max-video-preview:-1"},"canonical":"https:\/\/megavision-electronics.com\/pt\/produto\/cg-009-adjustable-electric-coffee-grinder\/","og_locale":"pt_PT","og_type":"article","og_title":"Buy Premium Adjustable Electric Coffee Grinder with Multiple Settings","og_description":"Shop the Adjustable Electric Coffee Grinder for precise, customizable grinding. Durable, versatile, and compact, available now at Megavision Electronics.","og_url":"https:\/\/megavision-electronics.com\/pt\/produto\/cg-009-adjustable-electric-coffee-grinder\/","og_site_name":"Mega Home Appliances","article_modified_time":"2025-09-26T08:46:44+00:00","og_image":[{"width":800,"height":800,"url":"https:\/\/megavision-electronics.com\/wp-content\/uploads\/2025\/09\/CG-009-Adjustable-Electric-Coffee-Grinder\u200b.webp","type":"image\/webp"}],"twitter_card":"summary_large_image","twitter_misc":{"Tempo estimado de leitura":"1 minuto"},"schema":{"@context":"https:\/\/schema.org","@graph":[{"@type":"WebPage","@id":"https:\/\/megavision-electronics.com\/product\/cg-009-adjustable-electric-coffee-grinder\/","url":"https:\/\/megavision-electronics.com\/product\/cg-009-adjustable-electric-coffee-grinder\/","name":"Buy Premium Adjustable Electric Coffee Grinder with Multiple Settings","isPartOf":{"@id":"https:\/\/megavision-electronics.com\/#website"},"primaryImageOfPage":{"@id":"https:\/\/megavision-electronics.com\/product\/cg-009-adjustable-electric-coffee-grinder\/#primaryimage"},"image":{"@id":"https:\/\/megavision-electronics.com\/product\/cg-009-adjustable-electric-coffee-grinder\/#primaryimage"},"thumbnailUrl":"https:\/\/megavision-electronics.com\/wp-content\/uploads\/2025\/09\/CG-009-Adjustable-Electric-Coffee-Grinder\u200b.webp","datePublished":"2025-09-26T08:19:06+00:00","dateModified":"2025-09-26T08:46:44+00:00","description":"Shop the Adjustable Electric Coffee Grinder for precise, customizable grinding. Durable, versatile, and compact, available now at Megavision Electronics.","breadcrumb":{"@id":"https:\/\/megavision-electronics.com\/product\/cg-009-adjustable-electric-coffee-grinder\/#breadcrumb"},"inLanguage":"pt-PT","potentialAction":[{"@type":"ReadAction","target":["https:\/\/megavision-electronics.com\/product\/cg-009-adjustable-electric-coffee-grinder\/"]}]},{"@type":"ImageObject","inLanguage":"pt-PT","@id":"https:\/\/megavision-electronics.com\/product\/cg-009-adjustable-electric-coffee-grinder\/#primaryimage","url":"https:\/\/megavision-electronics.com\/wp-content\/uploads\/2025\/09\/CG-009-Adjustable-Electric-Coffee-Grinder\u200b.webp","contentUrl":"https:\/\/megavision-electronics.com\/wp-content\/uploads\/2025\/09\/CG-009-Adjustable-Electric-Coffee-Grinder\u200b.webp","width":800,"height":800,"caption":"Adjustable Electric Coffee Grinder\u200b"},{"@type":"BreadcrumbList","@id":"https:\/\/megavision-electronics.com\/product\/cg-009-adjustable-electric-coffee-grinder\/#breadcrumb","itemListElement":[{"@type":"ListItem","position":1,"name":"Home","item":"https:\/\/megavision-electronics.com\/"},{"@type":"ListItem","position":2,"name":"Products","item":"https:\/\/megavision-electronics.com\/shop\/"},{"@type":"ListItem","position":3,"name":"CG-009 Adjustable Electric Coffee Grinder\u200b"}]},{"@type":"WebSite","@id":"https:\/\/megavision-electronics.com\/#website","url":"https:\/\/megavision-electronics.com\/","name":"Mega Home Appliances","description":"Mega Home Appliances","publisher":{"@id":"https:\/\/megavision-electronics.com\/#organization"},"potentialAction":[{"@type":"SearchAction","target":{"@type":"EntryPoint","urlTemplate":"https:\/\/megavision-electronics.com\/?s={search_term_string}"},"query-input":"required name=search_term_string"}],"inLanguage":"pt-PT"},{"@type":"Organization","@id":"https:\/\/megavision-electronics.com\/#organization","name":"Mega Vision Company Limited","url":"https:\/\/megavision-electronics.com\/","logo":{"@type":"ImageObject","inLanguage":"pt-PT","@id":"https:\/\/megavision-electronics.com\/#\/schema\/logo\/image\/","url":"https:\/\/megavision-electronics.com\/wp-content\/uploads\/2025\/06\/cropped-logo.webp","contentUrl":"https:\/\/megavision-electronics.com\/wp-content\/uploads\/2025\/06\/cropped-logo.webp","width":512,"height":512,"caption":"Mega Vision Company Limited"},"image":{"@id":"https:\/\/megavision-electronics.com\/#\/schema\/logo\/image\/"}}]}},"_links":{"self":[{"href":"https:\/\/megavision-electronics.com\/pt\/wp-json\/wp\/v2\/product\/13020"}],"collection":[{"href":"https:\/\/megavision-electronics.com\/pt\/wp-json\/wp\/v2\/product"}],"about":[{"href":"https:\/\/megavision-electronics.com\/pt\/wp-json\/wp\/v2\/types\/product"}],"wp:featuredmedia":[{"embeddable":true,"href":"https:\/\/megavision-electronics.com\/pt\/wp-json\/wp\/v2\/media\/13022"}],"wp:attachment":[{"href":"https:\/\/megavision-electronics.com\/pt\/wp-json\/wp\/v2\/media?parent=13020"}],"wp:term":[{"taxonomy":"product_cat","embeddable":true,"href":"https:\/\/megavision-electronics.com\/pt\/wp-json\/wp\/v2\/product_cat?post=13020"},{"taxonomy":"product_tag","embeddable":true,"href":"https:\/\/megavision-electronics.com\/pt\/wp-json\/wp\/v2\/product_tag?post=13020"}],"curies":[{"name":"wp","href":"https:\/\/api.w.org\/{rel}","templated":true}]}}